{"id":14856,"date":"2025-09-18T16:33:13","date_gmt":"2025-09-18T20:33:13","guid":{"rendered":"https:\/\/voteearlyday.org\/mitos-del-voto-anticipado\/"},"modified":"2025-10-12T20:04:37","modified_gmt":"2025-10-13T00:04:37","slug":"mitos-del-voto-anticipado","status":"publish","type":"page","link":"https:\/\/voteearlyday.org\/es\/mitos-del-voto-anticipado\/","title":{"rendered":"Mitos del voto anticipado"},"content":{"rendered":"\n<p>El New York Times informa de que \u00abde los 13,4 millones de menciones del voto por correo en las redes sociales; noticias en televisi\u00f3n, prensa y online; blogs y foros online entre enero y septiembre, casi una cuarta parte -o 3,1 millones de menciones- han sido probablemente informaci\u00f3n err\u00f3nea\u00bb. Eso significa que la desinformaci\u00f3n est\u00e1 muy extendida y omnipresente en nuestras elecciones. Para ayudarte a resolver las preguntas que probablemente te surjan sobre el voto anticipado en persona y por correo, hemos dado respuesta a algunos de los mitos m\u00e1s comunes sobre este tipo de votaci\u00f3n.<\/p>\n\n<p>\u00bfNo ves la respuesta a una pregunta que tienes? Env\u00edanos un correo electr\u00f3nico a info@voteearlyday.org y te daremos una respuesta.<\/p>\n\n<hr class=\"wp-block-separator has-alpha-channel-opacity\"\/>\n\n<div style=\"height:100px\" aria-hidden=\"true\" class=\"wp-block-spacer\"><\/div>\n\n<p><strong>MITO: Votar por correo no es seguro. No puedo ver lo que pasa con mi papeleta. <\/strong><\/p>\n\n<ul class=\"wp-block-list\">\n<li>Muchos distritos electorales permiten a los votantes hacer un seguimiento de su papeleta enviada por correo con c\u00f3digos de barras para que sepas cu\u00e1ndo te la enviaron, cu\u00e1ndo la recibieron en la oficina electoral, cu\u00e1ndo la procesaron y cu\u00e1ndo la contaron.<a href=\"https:\/\/electioninnovation.org\/update\/is-voting-by-mail-secure-and-how-can-i-know-my-mail-in-vote-is-counted\/\">(Fuente<\/a>.)<\/li>\n\n\n\n<li>Todas las papeletas devueltas\/eliminadas se guardan en un lugar seguro antes de su recuento, y luego se trasladan al almac\u00e9n.<a href=\"https:\/\/electioninnovation.org\/update\/is-voting-by-mail-secure-and-how-can-i-know-my-mail-in-vote-is-counted\/\">(Fuente<\/a>.)<\/li>\n<\/ul>\n\n<p><strong>MITO: No hay forma de impedir que voten los no ciudadanos.<\/strong><\/p>\n\n<ul class=\"wp-block-list\">\n<li>Las leyes federales y estatales dicen que s\u00f3lo los ciudadanos estadounidenses pueden votar en las elecciones estatales y federales.<a href=\"https:\/\/www.brennancenter.org\/our-work\/research-reports\/7-facts-about-voting-and-myths-being-spread-about-them\">(Fuente<\/a>.)<\/li>\n\n\n\n<li>La ley federal exige que los estados lleven a cabo un mantenimiento peri\u00f3dico de las listas para garantizar que todos los votantes registrados cumplen los requisitos legales para votar.<a href=\"https:\/\/www.brennancenter.org\/our-work\/research-reports\/7-facts-about-voting-and-myths-being-spread-about-them\">(Fuente<\/a>.)<\/li>\n\n\n\n<li>Los Estados comprueban diversas fuentes para identificar a los votantes inelegibles, como la comprobaci\u00f3n cruzada de las listas de votantes con las agencias estatales y federales y los registros relativos a defunciones y cambios de domicilio.<a href=\"https:\/\/www.brennancenter.org\/our-work\/research-reports\/7-facts-about-voting-and-myths-being-spread-about-them\">(Fuente<\/a>.)<\/li>\n<\/ul>\n\n<p><strong>MITO: Se puede utilizar la identidad de una persona fallecida para votar por correo.<\/strong><\/p>\n\n<ul class=\"wp-block-list\">\n<li>Los funcionarios electorales comprueban regularmente los registros de defunciones para eliminar a los votantes fallecidos de los censos electorales. Algunas jurisdicciones actualizan los archivos de registro de votantes con una frecuencia de hasta un mes.<a href=\"https:\/\/apnews.com\/article\/2022-midterm-elections-voting-government-and-politics-presidential-299b03156144b12c0298184498f07958\">(Fuente<\/a>.)<\/li>\n\n\n\n<li>La verificaci\u00f3n de firmas y otras salvaguardias de voto protegen contra las papeletas falsificadas en el raro caso de que la papeleta de un votante fallecido se env\u00ede por error.<a href=\"https:\/\/apnews.com\/article\/2022-midterm-elections-voting-government-and-politics-presidential-299b03156144b12c0298184498f07958\">(Fuente<\/a>.)<\/li>\n<\/ul>\n\n<p><strong>MITO: Las personas que trabajan en las oficinas electorales podr\u00edan manipular mi papeleta<\/strong>.<\/p>\n\n<ul class=\"wp-block-list\">\n<li>La mayor\u00eda de las jurisdicciones permiten que el p\u00fablico observe el proceso de recuento de las papeletas. Las jurisdicciones tambi\u00e9n siguen procedimientos estrictos para garantizar que las papeletas se manejan adecuadamente durante el proceso de recuento, lo que incluye documentar el movimiento de las papeletas. Esto crea un registro de cada vez que el equipo, los suministros o las papeletas cambian de manos o de ubicaci\u00f3n.<a href=\"https:\/\/electioninnovation.org\/update\/is-voting-by-mail-secure-and-how-can-i-know-my-mail-in-vote-is-counted\/\">(Fuente<\/a>, <a href=\"https:\/\/www.eac.gov\/sites\/default\/files\/bestpractices\/Chain_of_Custody_Best_Practices.pdf\">Source<\/a>)<\/li>\n\n\n\n<li>Documentar esta cadena de custodia crea pruebas que los funcionarios electorales pueden utilizar para verificar los resultados electorales, confirmar las auditor\u00edas de tabulaci\u00f3n posteriores a las elecciones y demostrar a los votantes que se puede confiar en el resultado de las elecciones.<a href=\"https:\/\/www.nass.org\/sites\/default\/files\/2023-02\/Fort-Orange-Press-White-Paper-NASS-Winter23.pdf\">(Fuente<\/a>.)  <\/li>\n\n\n\n<li>Las auditor\u00edas postelectorales se utilizan ampliamente para revisar las irregularidades y las papeletas posiblemente manipuladas.<a href=\"https:\/\/www.brennancenter.org\/our-work\/analysis-opinion\/false-narrative-vote-mail-fraud\">(Fuente<\/a>.)<\/li>\n\n\n\n<li>Muchos estados asignan la revisi\u00f3n de los resultados no oficiales y la certificaci\u00f3n de los resultados oficiales en reuniones p\u00fablicas con representantes conjuntos de republicanos y dem\u00f3cratas.<a href=\"https:\/\/www.brennancenter.org\/our-work\/research-reports\/7-facts-about-voting-and-myths-being-spread-about-them\">(Fuente<\/a>.)<\/li>\n<\/ul>\n\n<p><strong>MITO: El fraude electoral est\u00e1 muy extendido y puede alterar los resultados de las elecciones.<\/strong><\/p>\n\n<ul class=\"wp-block-list\">\n<li>Los estudios demuestran que es m\u00e1s probable que a alguien le caiga un rayo encima que cometer un fraude en el voto por correo.<a href=\"https:\/\/www.brennancenter.org\/our-work\/analysis-opinion\/false-narrative-vote-mail-fraud\">(Fuente<\/a>.)<\/li>\n\n\n\n<li>El fraude electoral es excepcionalmente raro, y se produce en una fracci\u00f3n del uno por ciento.<a href=\"https:\/\/www.npr.org\/2024\/10\/11\/nx-s1-5147732\/voter-fraud-explainer\">(Fuente<\/a>.)<\/li>\n\n\n\n<li>Porque las elecciones en Estados Unidos est\u00e1n descentralizadas, lo que significa que las elecciones son administradas por jurisdicciones electorales independientes. Esto har\u00eda pr\u00e1cticamente imposible que se produjera una operaci\u00f3n de fraude electoral a gran escala que alterara los resultados de unas elecciones.<a href=\"https:\/\/apnews.com\/article\/election-2024-voter-fraud-trump-harris-a3b4c2db17217311770259193c115b80\">(Fuente<\/a>.)<\/li>\n<\/ul>\n\n<p><strong>MITO: Las m\u00e1quinas de votaci\u00f3n se pueden piratear y los resultados se pueden cambiar.<\/strong><\/p>\n\n<ul class=\"wp-block-list\">\n<li>Las m\u00e1quinas de votaci\u00f3n deben estar certificadas conforme a las normas de seguridad federales y estatales y probadas antes de su despliegue y uso por los votantes. Adem\u00e1s, las m\u00e1quinas deben auditarse despu\u00e9s de las elecciones para confirmar que los totales son correctos.<a href=\"https:\/\/www.brennancenter.org\/our-work\/research-reports\/7-facts-about-voting-and-myths-being-spread-about-them\">(Fuente<\/a>.)<\/li>\n\n\n\n<li>Los funcionarios electorales de todos los estados est\u00e1n obligados a probar todos los equipos de votaci\u00f3n antes de cada elecci\u00f3n, mediante un proceso denominado \u00abprueba de l\u00f3gica y precisi\u00f3n.\u00bb Muchos estados exigen una demostraci\u00f3n p\u00fablica de las pruebas, a la que tal vez puedas asistir.<a href=\"https:\/\/electioninnovation.org\/update\/how-do-we-know-voting-technology-works-right\/\">(Fuente<\/a>)<\/li>\n<\/ul>\n\n<p><strong>MITO: Alguien puede rellenar tu papeleta de voto por correo por ti y enviarla<\/strong>.<\/p>\n\n<ul class=\"wp-block-list\">\n<li>31 estados verifican los votos por correo con comparaciones de firmas, y algunos estados tambi\u00e9n utilizan c\u00f3digos de barras para rastrear los votos y evitar los votos duplicados.<a href=\"https:\/\/www.brennancenter.org\/our-work\/research-reports\/7-facts-about-voting-and-myths-being-spread-about-them\">(Fuente<\/a>.)<\/li>\n\n\n\n<li>Puedes leer m\u00e1s sobre c\u00f3mo verifica tu estado los votos por correo <a href=\"https:\/\/www.ncsl.org\/elections-and-campaigns\/table-14-how-states-verify-voted-absentee-mail-ballots\">aqu\u00ed<\/a>.<\/li>\n<\/ul>\n\n<p><strong>MITO: Los votos anticipados o por correo no se cuentan a menos que las elecciones est\u00e9n re\u00f1idas<\/strong>.<\/p>\n\n<ul class=\"wp-block-list\">\n<li>Todos los votos v\u00e1lidos y los votos por correo se cuentan en cada elecci\u00f3n.<a href=\"https:\/\/bipartisanpolicy.org\/report\/mail-voting-is-safe-secure\/\">(Fuente<\/a>.)<\/li>\n\n\n\n<li>Los votos por correo tardan m\u00e1s tiempo en procesarse, verificarse y contarse, por lo que a veces los resultados no oficiales de la noche electoral no incluyen todos los resultados de los votos por correo.<a href=\"https:\/\/bipartisanpolicy.org\/report\/mail-voting-is-safe-secure\/\">(Fuente<\/a>.)<\/li>\n<\/ul>\n\n<p><strong>MITO: S\u00f3lo se puede votar el d\u00eda de las elecciones<\/strong>.<\/p>\n\n<ul class=\"wp-block-list\">\n<li>Muchos estados te permiten hacerlo antes de la jornada electoral en persona o por correo.<a href=\"https:\/\/www.usa.gov\/early-voting\">(Fuente<\/a>.)<\/li>\n\n\n\n<li><a href=\"https:\/\/www.ncsl.org\/elections-and-campaigns\/early-in-person-voting\">Este mapa<\/a> proporciona informaci\u00f3n sobre el voto anticipado en cada estado y territorio de EEUU.<\/li>\n<\/ul>\n\n<p><strong>MITO: El voto anticipado no es tan exacto como el del d\u00eda de las elecciones<\/strong>.<\/p>\n\n<ul class=\"wp-block-list\">\n<li>Todas las protecciones que existen para garantizar la integridad y seguridad de nuestras elecciones el d\u00eda de las elecciones existen tambi\u00e9n durante el periodo de votaci\u00f3n anticipada.  <\/li>\n\n\n\n<li>El fraude en el voto anticipado y por correo es extremadamente raro.<a href=\"https:\/\/electioninnovation.org\/update\/is-voting-by-mail-secure-and-how-can-i-know-my-mail-in-vote-is-counted\/\">(Fuente<\/a>.)<\/li>\n\n\n\n<li>Expertos de todo el espectro pol\u00edtico afirman que las elecciones generales de 2020, en las que m\u00e1s del 69% de los votantes emitieron su voto antes del d\u00eda de las elecciones, fueron las m\u00e1s seguras de la historia de Estados Unidos.<a href=\"https:\/\/electioninnovation.org\/update\/is-voting-by-mail-secure-and-how-can-i-know-my-mail-in-vote-is-counted\/\">(Fuente<\/a>)<\/li>\n<\/ul>\n\n<p><strong>MITO: El voto anticipado favorece a un partido pol\u00edtico sobre el otro<\/strong>.<\/p>\n\n<ul class=\"wp-block-list\">\n<li>Muchos centros de votaci\u00f3n garantizan la presencia de equipos bipartidistas al contar y procesar los votos por correo.<a href=\"https:\/\/www.brennancenter.org\/voting-mail-and-using-drop-boxes-are-safe-and-trustworthy-ways-vote-thanks-numerous-security\">(Fuente<\/a>.)<\/li>\n\n\n\n<li>En las elecciones de 2024, los dos grandes partidos crearon programas nacionales para fomentar la participaci\u00f3n en el voto anticipado, que tanto republicanos como dem\u00f3cratas aprovecharon.<\/li>\n<\/ul>\n\n<p><strong>MITO: El voto por correo es s\u00f3lo para los que est\u00e1n fuera el d\u00eda de las elecciones<\/strong>.<\/p>\n\n<ul class=\"wp-block-list\">\n<li>El voto anticipado garantiza que todo el mundo pueda votar a una hora que se adapte a su horario y ayuda a los votantes a superar los obst\u00e1culos del d\u00eda de las elecciones, como las largas colas, los programas de \u00faltima hora, la desinformaci\u00f3n de los votantes u otros obst\u00e1culos para votar.<\/li>\n\n\n\n<li>Los distintos estados ofrecen diferentes opciones de voto por correo, pero muchos permiten el voto en ausencia sin excusa y las elecciones \u00abtodo por correo\u00bb, en las que todos los votantes reciben un voto por correo.<a href=\"https:\/\/bipartisanpolicy.org\/report\/mail-voting-is-safe-secure\/\">(Fuente<\/a>.)<\/li>\n<\/ul>\n\n<p><strong>MITO: Puedes votar varias veces a trav\u00e9s del voto anticipado<\/strong><\/p>\n\n<ul class=\"wp-block-list\">\n<li>Si decides votar en persona, tu voto por correo no se tendr\u00e1 en cuenta, y viceversa.<a href=\"https:\/\/bipartisanpolicy.org\/report\/mail-voting-is-safe-secure\/\">(Fuente<\/a>.)<\/li>\n\n\n\n<li>S\u00f3lo unos pocos estados te permiten votar en persona despu\u00e9s de haber presentado ya un voto por correo. Esos estados anular\u00e1n tu voto por correo una vez que votes en persona.<a href=\"https:\/\/bipartisanpolicy.org\/report\/mail-voting-is-safe-secure\/\">(Fuente<\/a>.)<\/li>\n\n\n\n<li>Si votas antes del d\u00eda de las elecciones, no se te permitir\u00e1 votar el d\u00eda de las elecciones.<\/li>\n<\/ul>\n\n<p><\/p>\n","protected":false},"excerpt":{"rendered":"<p>El New York Times informa de que \u00abde los 13,4 millones de menciones del voto por correo en las redes sociales; noticias en televisi\u00f3n, prensa y online; blogs y foros&#8230; <\/p>\n<p><a class=\"moretag\" href=\"https:\/\/voteearlyday.org\/es\/mitos-del-voto-anticipado\/\"><span>Continue reading <i class=\"fas fa-long-arrow-alt-right\"><\/i><\/span><\/a><\/p>\n","protected":false},"author":5,"featured_media":0,"parent":0,"menu_order":0,"comment_status":"closed","ping_status":"closed","template":"","meta":{"_acf_changed":false,"inline_featured_image":false,"footnotes":""},"class_list":["post-14856","page","type-page","status-publish","hentry"],"acf":[],"yoast_head":"<!-- This site is optimized with the Yoast SEO plugin v27.5 - https:\/\/yoast.com\/product\/yoast-seo-wordpress\/ -->\n<title>Mitos del voto anticipado - Vote Early Day<\/title>\n<meta name=\"robots\" content=\"index, follow, max-snippet:-1, max-image-preview:large, max-video-preview:-1\" \/>\n<link rel=\"canonical\" href=\"https:\/\/voteearlyday.org\/es\/mitos-del-voto-anticipado\/\" \/>\n<meta property=\"og:locale\" content=\"es_ES\" \/>\n<meta property=\"og:type\" content=\"article\" \/>\n<meta property=\"og:title\" content=\"Mitos del voto anticipado - Vote Early Day\" \/>\n<meta property=\"og:description\" content=\"El New York Times informa de que \u00abde los 13,4 millones de menciones del voto por correo en las redes sociales; noticias en televisi\u00f3n, prensa y online; blogs y foros... Continue reading\" \/>\n<meta property=\"og:url\" content=\"https:\/\/voteearlyday.org\/es\/mitos-del-voto-anticipado\/\" \/>\n<meta property=\"og:site_name\" content=\"Vote Early Day\" \/>\n<meta property=\"article:modified_time\" content=\"2025-10-13T00:04:37+00:00\" \/>\n<meta property=\"og:image\" content=\"https:\/\/voteearlyday.org\/wp-content\/uploads\/2023\/02\/ved-social-23.jpg\" \/>\n\t<meta property=\"og:image:width\" content=\"1430\" \/>\n\t<meta property=\"og:image:height\" content=\"825\" \/>\n\t<meta property=\"og:image:type\" content=\"image\/jpeg\" \/>\n<meta name=\"twitter:card\" content=\"summary_large_image\" \/>\n<meta name=\"twitter:label1\" content=\"Tiempo de lectura\" \/>\n\t<meta name=\"twitter:data1\" content=\"7 minutos\" \/>\n<script type=\"application\/ld+json\" class=\"yoast-schema-graph\">{\"@context\":\"https:\\\/\\\/schema.org\",\"@graph\":[{\"@type\":\"WebPage\",\"@id\":\"https:\\\/\\\/voteearlyday.org\\\/es\\\/mitos-del-voto-anticipado\\\/\",\"url\":\"https:\\\/\\\/voteearlyday.org\\\/es\\\/mitos-del-voto-anticipado\\\/\",\"name\":\"Mitos del voto anticipado - Vote Early Day\",\"isPartOf\":{\"@id\":\"https:\\\/\\\/voteearlyday.org\\\/es\\\/#website\"},\"datePublished\":\"2025-09-18T20:33:13+00:00\",\"dateModified\":\"2025-10-13T00:04:37+00:00\",\"breadcrumb\":{\"@id\":\"https:\\\/\\\/voteearlyday.org\\\/es\\\/mitos-del-voto-anticipado\\\/#breadcrumb\"},\"inLanguage\":\"es\",\"potentialAction\":[{\"@type\":\"ReadAction\",\"target\":[\"https:\\\/\\\/voteearlyday.org\\\/es\\\/mitos-del-voto-anticipado\\\/\"]}]},{\"@type\":\"BreadcrumbList\",\"@id\":\"https:\\\/\\\/voteearlyday.org\\\/es\\\/mitos-del-voto-anticipado\\\/#breadcrumb\",\"itemListElement\":[{\"@type\":\"ListItem\",\"position\":1,\"name\":\"Home\",\"item\":\"https:\\\/\\\/voteearlyday.org\\\/es\\\/el-dia-de-votacion-anticipada-es-el-28-de-octubre-de-2022\\\/\"},{\"@type\":\"ListItem\",\"position\":2,\"name\":\"Mitos del voto anticipado\"}]},{\"@type\":\"WebSite\",\"@id\":\"https:\\\/\\\/voteearlyday.org\\\/es\\\/#website\",\"url\":\"https:\\\/\\\/voteearlyday.org\\\/es\\\/\",\"name\":\"Vote Early Day\",\"description\":\"Vote Early Day is a movement of nonprofits, businesses, election administrators, and creatives working to ensure all Americans know their options to vote early.\",\"publisher\":{\"@id\":\"https:\\\/\\\/voteearlyday.org\\\/es\\\/#organization\"},\"potentialAction\":[{\"@type\":\"SearchAction\",\"target\":{\"@type\":\"EntryPoint\",\"urlTemplate\":\"https:\\\/\\\/voteearlyday.org\\\/es\\\/?s={search_term_string}\"},\"query-input\":{\"@type\":\"PropertyValueSpecification\",\"valueRequired\":true,\"valueName\":\"search_term_string\"}}],\"inLanguage\":\"es\"},{\"@type\":\"Organization\",\"@id\":\"https:\\\/\\\/voteearlyday.org\\\/es\\\/#organization\",\"name\":\"Vote Early Day | October 28th\",\"url\":\"https:\\\/\\\/voteearlyday.org\\\/es\\\/\",\"logo\":{\"@type\":\"ImageObject\",\"inLanguage\":\"es\",\"@id\":\"https:\\\/\\\/voteearlyday.org\\\/es\\\/#\\\/schema\\\/logo\\\/image\\\/\",\"url\":\"http:\\\/\\\/voteearlyday.org\\\/wp-content\\\/uploads\\\/2023\\\/02\\\/ved-social-23.jpg\",\"contentUrl\":\"http:\\\/\\\/voteearlyday.org\\\/wp-content\\\/uploads\\\/2023\\\/02\\\/ved-social-23.jpg\",\"width\":1430,\"height\":825,\"caption\":\"Vote Early Day | October 28th\"},\"image\":{\"@id\":\"https:\\\/\\\/voteearlyday.org\\\/es\\\/#\\\/schema\\\/logo\\\/image\\\/\"}}]}<\/script>\n<!-- \/ Yoast SEO plugin. -->","yoast_head_json":{"title":"Mitos del voto anticipado - Vote Early Day","robots":{"index":"index","follow":"follow","max-snippet":"max-snippet:-1","max-image-preview":"max-image-preview:large","max-video-preview":"max-video-preview:-1"},"canonical":"https:\/\/voteearlyday.org\/es\/mitos-del-voto-anticipado\/","og_locale":"es_ES","og_type":"article","og_title":"Mitos del voto anticipado - Vote Early Day","og_description":"El New York Times informa de que \u00abde los 13,4 millones de menciones del voto por correo en las redes sociales; noticias en televisi\u00f3n, prensa y online; blogs y foros... Continue reading","og_url":"https:\/\/voteearlyday.org\/es\/mitos-del-voto-anticipado\/","og_site_name":"Vote Early Day","article_modified_time":"2025-10-13T00:04:37+00:00","og_image":[{"width":1430,"height":825,"url":"https:\/\/voteearlyday.org\/wp-content\/uploads\/2023\/02\/ved-social-23.jpg","type":"image\/jpeg"}],"twitter_card":"summary_large_image","twitter_misc":{"Tiempo de lectura":"7 minutos"},"schema":{"@context":"https:\/\/schema.org","@graph":[{"@type":"WebPage","@id":"https:\/\/voteearlyday.org\/es\/mitos-del-voto-anticipado\/","url":"https:\/\/voteearlyday.org\/es\/mitos-del-voto-anticipado\/","name":"Mitos del voto anticipado - Vote Early Day","isPartOf":{"@id":"https:\/\/voteearlyday.org\/es\/#website"},"datePublished":"2025-09-18T20:33:13+00:00","dateModified":"2025-10-13T00:04:37+00:00","breadcrumb":{"@id":"https:\/\/voteearlyday.org\/es\/mitos-del-voto-anticipado\/#breadcrumb"},"inLanguage":"es","potentialAction":[{"@type":"ReadAction","target":["https:\/\/voteearlyday.org\/es\/mitos-del-voto-anticipado\/"]}]},{"@type":"BreadcrumbList","@id":"https:\/\/voteearlyday.org\/es\/mitos-del-voto-anticipado\/#breadcrumb","itemListElement":[{"@type":"ListItem","position":1,"name":"Home","item":"https:\/\/voteearlyday.org\/es\/el-dia-de-votacion-anticipada-es-el-28-de-octubre-de-2022\/"},{"@type":"ListItem","position":2,"name":"Mitos del voto anticipado"}]},{"@type":"WebSite","@id":"https:\/\/voteearlyday.org\/es\/#website","url":"https:\/\/voteearlyday.org\/es\/","name":"Vote Early Day","description":"Vote Early Day is a movement of nonprofits, businesses, election administrators, and creatives working to ensure all Americans know their options to vote early.","publisher":{"@id":"https:\/\/voteearlyday.org\/es\/#organization"},"potentialAction":[{"@type":"SearchAction","target":{"@type":"EntryPoint","urlTemplate":"https:\/\/voteearlyday.org\/es\/?s={search_term_string}"},"query-input":{"@type":"PropertyValueSpecification","valueRequired":true,"valueName":"search_term_string"}}],"inLanguage":"es"},{"@type":"Organization","@id":"https:\/\/voteearlyday.org\/es\/#organization","name":"Vote Early Day | October 28th","url":"https:\/\/voteearlyday.org\/es\/","logo":{"@type":"ImageObject","inLanguage":"es","@id":"https:\/\/voteearlyday.org\/es\/#\/schema\/logo\/image\/","url":"http:\/\/voteearlyday.org\/wp-content\/uploads\/2023\/02\/ved-social-23.jpg","contentUrl":"http:\/\/voteearlyday.org\/wp-content\/uploads\/2023\/02\/ved-social-23.jpg","width":1430,"height":825,"caption":"Vote Early Day | October 28th"},"image":{"@id":"https:\/\/voteearlyday.org\/es\/#\/schema\/logo\/image\/"}}]}},"_links":{"self":[{"href":"https:\/\/voteearlyday.org\/es\/wp-json\/wp\/v2\/pages\/14856","targetHints":{"allow":["GET"]}}],"collection":[{"href":"https:\/\/voteearlyday.org\/es\/wp-json\/wp\/v2\/pages"}],"about":[{"href":"https:\/\/voteearlyday.org\/es\/wp-json\/wp\/v2\/types\/page"}],"author":[{"embeddable":true,"href":"https:\/\/voteearlyday.org\/es\/wp-json\/wp\/v2\/users\/5"}],"replies":[{"embeddable":true,"href":"https:\/\/voteearlyday.org\/es\/wp-json\/wp\/v2\/comments?post=14856"}],"version-history":[{"count":0,"href":"https:\/\/voteearlyday.org\/es\/wp-json\/wp\/v2\/pages\/14856\/revisions"}],"wp:attachment":[{"href":"https:\/\/voteearlyday.org\/es\/wp-json\/wp\/v2\/media?parent=14856"}],"curies":[{"name":"wp","href":"https:\/\/api.w.org\/{rel}","templated":true}]}}