{"id":1748,"date":"2022-05-06T17:13:21","date_gmt":"2022-05-06T21:13:21","guid":{"rendered":"https:\/\/voteearlyday.org\/mensajes-principales-para-votar-temprano\/"},"modified":"2025-07-02T12:17:14","modified_gmt":"2025-07-02T16:17:14","slug":"mensajes-principales-para-votar-temprano","status":"publish","type":"page","link":"https:\/\/voteearlyday.org\/es\/mensajes-principales-para-votar-temprano\/","title":{"rendered":"Mensajes principales para votar temprano"},"content":{"rendered":"\n<p><em>Esta es una descripci\u00f3n general de lo que es el D\u00eda de la Votaci\u00f3n Temprana y el papel que juega este feriado en la movilizaci\u00f3n de votantes en todo el pa\u00eds. A medida que desarrolla su activaci\u00f3n, use estos mensajes como gu\u00eda cuando se comunique con votantes, voluntarios, organizaciones asociadas y miembros de los medios de comunicaci\u00f3n.<\/em><\/p>\n\n<h2 class=\"wp-block-heading\"><strong><mark style=\"background-color:#00d084\" class=\"has-inline-color has-black-color\">Acerca del d\u00eda de votaci\u00f3n anticipada:<\/mark><\/strong><\/h2>\n\n<p class=\"has-medium-font-size\">Vote Early Day es un movimiento no partidista de compa\u00f1\u00edas de medios, empresas, organizaciones sin fines de lucro, administradores electorales y creativos que trabajan para garantizar que todos los estadounidenses tengan las herramientas para votar temprano. Esta festividad es un momento clave para que los socios de todo tipo se comprometan con los votantes y les insten a votar.  <\/p>\n\n<p class=\"has-medium-font-size\">Nuestro objetivo es cambiar la cultura del voto y hacer de la jornada electoral el \u00daLTIMO d\u00eda para votar.<\/p>\n\n<p class=\"has-medium-font-size\">Creado en 2020, Vote Early Day ha reunido a miles de socios nacionales y locales en celebraci\u00f3n y activaci\u00f3n para aumentar la cantidad de personas que votan anticipadamente. Este modelo colaborativo de c\u00f3digo abierto, similar a Giving Tuesday y National Voter Registration Day, garantiza que millones de estadounidenses m\u00e1s aprovechen sus opciones para votar anticipadamente a trav\u00e9s de activaciones en el terreno, campa\u00f1as de promoci\u00f3n del voto, comunicaciones nacionales en las redes sociales y tradicionales, y los esfuerzos para crear una nueva cultura en torno a la votaci\u00f3n.<\/p>\n\n<h3 class=\"wp-block-heading\">OBJETIVOS 2025:  <\/h3>\n\n<ul class=\"wp-block-list has-medium-font-size\">\n<li>CONSTRUIR EL MOVIMIENTO DEL D\u00cdA PREVIO DEL VOTO &#8211; Reclutar una colaboraci\u00f3n amplia y diversa de socios para construir un d\u00eda de acci\u00f3n por nuestra democracia.<\/li>\n\n\n\n<li>DAR PODER A LOS ESTADOUNIDENSES PARA QUE VOTEN TEMPRANAMENTE &#8211; Apoyar a los socios con las herramientas y recursos necesarios para dar poder a los votantes para que emitan su voto anticipadamente.<\/li>\n\n\n\n<li>CAMBIAR LA CULTURA DEL VOTO &#8211; Hacer el trabajo a largo plazo para que el d\u00eda de las elecciones sea el \u00faltimo d\u00eda para votar convirti\u00e9ndonos en la m\u00e1xima autoridad del voto anticipado.<\/li>\n<\/ul>\n\n<p><\/p>\n\n<p><strong><mark style=\"background-color:#00d084\" class=\"has-inline-color has-black-color\">El modelo de voto anticipado y el impacto de esta estrategia<\/mark><\/strong><\/p>\n\n<p><strong>Superar las barreras para votar<\/strong><\/p>\n\n<p>Cuando espera hasta el d\u00eda de las elecciones, hay una serie de barreras que podr\u00edan impedirle emitir su voto: largas filas, obligaciones de \u00faltima hora, leyes electorales confusas y desinformaci\u00f3n de los votantes. Cuando votas con antelaci\u00f3n, tienes tiempo para planificar con antelaci\u00f3n cualquier cosa que pueda surgir y asegurarte de que se oiga tu voz. Cuando votas anticipadamente, una emergencia o un compromiso inesperado no pueden impedirte ejercer tu derecho al voto.<\/p>\n\n<p><strong>Conocer a la gente donde est\u00e1<\/strong><\/p>\n\n<p>Al contar con miles de colaboradores incre\u00edbles de todas las profesiones y condiciones sociales, podemos abrirnos paso a trav\u00e9s del ruido pol\u00edtico, independientemente de d\u00f3nde vivan los votantes, qui\u00e9nes sean o c\u00f3mo voten. Tienes una conexi\u00f3n \u00fanica con tu comunidad. En un a\u00f1o con tantas elecciones estatales y locales importantes, tu voz conectar\u00e1 con los votantes y tendr\u00e1 un impacto en los dirigentes que elija tu comunidad.   <\/p>\n\n<p><strong>Los socios son el puente hacia los votantes de baja propensi\u00f3n<\/strong><\/p>\n\n<p>Mientras que las personas que siguen de cerca las noticias o participan como voluntarios en pol\u00edtica oir\u00e1n innumerables recordatorios para votar, muchos votantes no lo har\u00e1n. Por eso nos dirigimos activamente a equipos deportivos, plataformas de medios sociales, marcas de moda, bancos nacionales de alimentos y muchos otros grupos diversos para llegar a los votantes all\u00ed donde est\u00e1n con la informaci\u00f3n que necesitan para votar anticipadamente.<\/p>\n\n<p><strong>Celebraci\u00f3n impactante<\/strong><\/p>\n\n<p>El D\u00eda del Voto Anticipado es un d\u00eda de celebraci\u00f3n, de vital importancia para nuestro \u00e9xito. Con la pol\u00edtica partidista tan t\u00f3xica como siempre, no es de extra\u00f1ar que muchos estadounidenses decidan no participar. El D\u00eda del Voto Anticipado desempe\u00f1a un papel \u00fanico a la hora de animar a los estadounidenses a votar anticipadamente, haci\u00e9ndolo divertido y accesible, y atrayendo nuevas voces y perspectivas al espacio c\u00edvico.  <\/p>\n\n<p>Cuando los socios de Vote Early Day crean activaciones divertidas y emocionantes, estamos reduciendo la barrera de entrada que mantiene a muchas personas alejadas de la democracia.  <\/p>\n\n<p><\/p>\n\n<p><strong>Al encuentro del momento<\/strong><\/p>\n\n<p>Cada a\u00f1o los votantes se enfrentan a decisiones incre\u00edblemente importantes sobre qui\u00e9n dirigir\u00e1 nuestra naci\u00f3n, estado o comunidad. Cada uno de nosotros tiene la responsabilidad de compartir su voz y alzar la de sus amigos y vecinos. Tanto si se trata de las brillantes elecciones presidenciales como de las menos conocidas elecciones locales, los socios de Vote Early Day se comprometen a garantizar que todos los estadounidenses dispongan de las herramientas necesarias para emitir su voto anticipadamente.<\/p>\n\n<p><strong>Elige tu propia aventura<\/strong><\/p>\n\n<p>El D\u00eda del Voto Anticipado es una fiesta de c\u00f3digo abierto. Al igual que no hay una forma correcta o incorrecta de celebrar Halloween o el 4 de julio, tampoco hay una \u00fanica forma de celebrar el Voto Anticipado. Cada socio puede organizar un acto de captaci\u00f3n de votantes significativo y de gran repercusi\u00f3n para su comunidad.<\/p>\n\n<p><strong>Medir nuestro \u00e9xito<\/strong><\/p>\n\n<p>Se pide a los socios del D\u00eda del Voto Anticipado que centren sus actos en torno a una \u00abacci\u00f3n de voto anticipado\u00bb, como conseguir que los participantes depositen su papeleta, hagan un plan para votar o busquen d\u00f3nde pueden obtener o depositar su papeleta. Cuando los socios recopilan datos sobre cu\u00e1ntas personas dieron estos pasos para hacer o\u00edr su voz, comprendemos mejor la amplitud de este movimiento y su impacto en los votantes.<\/p>\n\n<p><strong>El impulso crece<\/strong><\/p>\n\n<p>Durante las elecciones presidenciales de 2020, definidas por una pandemia mundial, los estadounidenses votaron anticipadamente en cifras r\u00e9cord. M\u00e1s de 100 millones de personas emitieron su voto antes de la jornada electoral, m\u00e1s que el voto anticipado total de las elecciones de 2016 y 2018 juntas. Hemos visto aumentar el voto anticipado a\u00f1o tras a\u00f1o, y 2025 nos brindar\u00e1 otra oportunidad decisiva para demostrar que podemos cambiar la cultura del voto haciendo que el d\u00eda de las elecciones sea el \u00faltimo d\u00eda para votar. Sabemos que los socios de Vote Early Day est\u00e1n dispuestos a afrontar este reto.<\/p>\n\n<p class=\"has-medium-font-size\"><\/p>\n\n<h2 class=\"wp-block-heading\"><strong><mark style=\"background-color:#00d084\" class=\"has-inline-color has-black-color\">Gu\u00eda de mensajer\u00eda<\/mark><\/strong><\/h2>\n\n<h3 class=\"wp-block-heading\"><strong>Mensajes objetivos:<\/strong><\/h3>\n\n<ul class=\"wp-block-list\">\n<li>\u00a1Celebre el acto de votar temprano!<\/li>\n\n\n\n<li>Difundir informaci\u00f3n sobre c\u00f3mo, d\u00f3nde y cu\u00e1ndo las personas pueden votar anticipadamente.<\/li>\n\n\n\n<li>Llevar a la gente a encontrar y aprovechar sus opciones de voto anticipado a trav\u00e9s de la <a href=\"https:\/\/voteearlyday.org\/voter-tool\/\">herramienta de votante online<\/a> de Vote Early Day.  <\/li>\n\n\n\n<li>Incorpore nuevas voces a la conversaci\u00f3n c\u00edvica al reclutar una amplia gama de nuevos socios y simpatizantes. <\/li>\n\n\n\n<li>Hacer que el voto anticipado sea la norma y no la excepci\u00f3n, mostrando a la gente que el d\u00eda de las elecciones es s\u00f3lo el <em>\u00faltimo <\/em>d\u00eda para votar.  <\/li>\n<\/ul>\n\n<h3 class=\"wp-block-heading\"><strong>Puntos de conversaci\u00f3n para la votaci\u00f3n anticipada: <\/strong><\/h3>\n\n<ul class=\"wp-block-list\">\n<li>Millones de estadounidenses pueden depositar su voto antes de la jornada electoral.<\/li>\n\n\n\n<li>La mayor\u00eda de los votantes tienen m\u00faltiples opciones sobre c\u00f3mo emitir su voto anticipadamente: pueden votar en persona o por correo en el momento que les resulte conveniente. <\/li>\n\n\n\n<li>Cuando los estadounidenses votan temprano, se aseguran de que los problemas de \u00faltima hora, las largas filas en las urnas o las confusas leyes electorales no les impidan emitir su voto.<\/li>\n\n\n\n<li>\u00a1Hemos visto cifras de voto anticipado que han batido r\u00e9cords en 2018, 2020, 2022 y 2024!<\/li>\n<\/ul>\n\n<h3 class=\"wp-block-heading\"><strong>Puntos de conversaci\u00f3n para el d\u00eda de la votaci\u00f3n anticipada:<\/strong><\/h3>\n\n<ul class=\"wp-block-list\">\n<li>El objetivo de Vote Early Day es aumentar la cantidad de personas que votan anticipadamente al brindarles a los votantes el conocimiento y las herramientas para emitir su voto antes del d\u00eda de las elecciones.<\/li>\n\n\n\n<li>El D\u00eda de la Votaci\u00f3n Anticipada es m\u00e1s que un d\u00eda de acci\u00f3n: \u00a1es un d\u00eda festivo! Esta es una oportunidad para ayudar a su comunidad a hacer o\u00edr su voz y divertirse mientras lo hace.<\/li>\n\n\n\n<li>Somos un movimiento no partidista confiable dedicado a garantizar que todos los estadounidenses tengan el conocimiento y las herramientas para emitir su voto temprano. <\/li>\n\n\n\n<li>El \u00e9xito de Vote Early Day proviene de la solidez de nuestras asociaciones. Grupos grandes y peque\u00f1os de todo el pa\u00eds se unen para reunirse en torno a un gran momento de celebraci\u00f3n y activaci\u00f3n, y juntos empoderamos a los estadounidenses para que se escuchen sus voces. <\/li>\n<\/ul>\n\n<h3 class=\"wp-block-heading\"><strong>Consejos de mensajer\u00eda:<\/strong><\/h3>\n\n<ul class=\"wp-block-list\">\n<li>Cuando los votantes tienen preguntas sobre c\u00f3mo emitir su voto, \u00a1buscan organizaciones confiables como usted! Sea proactivo al ofrecer recursos y aliento.<\/li>\n\n\n\n<li>Muchas personas asumen que el d\u00eda de las elecciones es el \u00fanico d\u00eda para votar, \u00a1as\u00ed que aseg\u00farese de informarles que tienen opciones para votar temprano! Si su organizaci\u00f3n representa un estado, condado o regi\u00f3n en particular, resalte las opciones espec\u00edficas para la votaci\u00f3n anticipada en esa \u00e1rea. Puede encontrarlos en el sitio web de su autoridad electoral local o utilizando nuestra <a href=\"https:\/\/voteearlyday.org\/voter-tool\/\">herramienta electoral en l\u00ednea<\/a>.<\/li>\n\n\n\n<li>Mantenga la energ\u00eda divertida, atractiva y atractiva. Cuando los votantes asocian el acto de votar con positividad, es mucho m\u00e1s probable que se conviertan en votantes constantes.  <\/li>\n\n\n\n<li>Aseg\u00farate de que tu mensaje no sea partidista, evitando hablar de candidatos, partidos pol\u00edticos o cuestiones electorales. C\u00e9ntrate en garantizar que todos los votantes dispongan de la informaci\u00f3n, el apoyo y la capacidad necesarios para emitir su voto.<\/li>\n\n\n\n<li>Los mensajes personales, como por ejemplo por qu\u00e9 los miembros de su equipo votan antes, suelen ser los m\u00e1s conmovedores y persuasivos para los votantes potenciales. <\/li>\n\n\n\n<li>Cuando publique en l\u00ednea, siempre que sea posible incluya un video o una foto y aseg\u00farese de etiquetar #VoteEarlyDay.<\/li>\n\n\n\n<li>Mantenga su mensaje no partidista al no incluir respaldos de candidatos, partidos o temas de la boleta electoral en ninguno de sus mensajes anticipados de votaci\u00f3n.<\/li>\n\n\n\n<li>Cada mensaje debe incluir alg\u00fan tipo de llamado a la acci\u00f3n. Intente dirigir a su audiencia para que d\u00e9 un paso concreto hacia la emisi\u00f3n de un voto, como por ejemplo:\n<ul class=\"wp-block-list\">\n<li>Ubicar su lugar de votaci\u00f3n<\/li>\n\n\n\n<li>Hacer un plan para votar<\/li>\n\n\n\n<li>Comprometi\u00e9ndose a votar<\/li>\n\n\n\n<li>Solicitar su boleta por correo<\/li>\n\n\n\n<li>Asistir a su activaci\u00f3n del D\u00eda de Votaci\u00f3n Temprana.<\/li>\n<\/ul>\n<\/li>\n<\/ul>\n\n<p><\/p>\n","protected":false},"excerpt":{"rendered":"<p>Esta es una descripci\u00f3n general de lo que es el D\u00eda de la Votaci\u00f3n Temprana y el papel que juega este feriado en la movilizaci\u00f3n de votantes en todo el&#8230; <\/p>\n<p><a class=\"moretag\" href=\"https:\/\/voteearlyday.org\/es\/mensajes-principales-para-votar-temprano\/\"><span>Continue reading <i class=\"fas fa-long-arrow-alt-right\"><\/i><\/span><\/a><\/p>\n","protected":false},"author":5,"featured_media":0,"parent":0,"menu_order":0,"comment_status":"closed","ping_status":"closed","template":"","meta":{"_acf_changed":false,"inline_featured_image":false,"footnotes":""},"class_list":["post-1748","page","type-page","status-publish","hentry"],"acf":[],"yoast_head":"<!-- This site is optimized with the Yoast SEO plugin v27.4 - https:\/\/yoast.com\/product\/yoast-seo-wordpress\/ -->\n<title>Mensajes principales para votar temprano - Vote Early Day<\/title>\n<meta name=\"robots\" content=\"index, follow, max-snippet:-1, max-image-preview:large, max-video-preview:-1\" \/>\n<link rel=\"canonical\" href=\"https:\/\/voteearlyday.org\/es\/mensajes-principales-para-votar-temprano\/\" \/>\n<meta property=\"og:locale\" content=\"es_ES\" \/>\n<meta property=\"og:type\" content=\"article\" \/>\n<meta property=\"og:title\" content=\"Mensajes principales para votar temprano - Vote Early Day\" \/>\n<meta property=\"og:description\" content=\"Esta es una descripci\u00f3n general de lo que es el D\u00eda de la Votaci\u00f3n Temprana y el papel que juega este feriado en la movilizaci\u00f3n de votantes en todo el... Continue reading\" \/>\n<meta property=\"og:url\" content=\"https:\/\/voteearlyday.org\/es\/mensajes-principales-para-votar-temprano\/\" \/>\n<meta property=\"og:site_name\" content=\"Vote Early Day\" \/>\n<meta property=\"article:modified_time\" content=\"2025-07-02T16:17:14+00:00\" \/>\n<meta property=\"og:image\" content=\"https:\/\/voteearlyday.org\/wp-content\/uploads\/2023\/02\/ved-social-23.jpg\" \/>\n\t<meta property=\"og:image:width\" content=\"1430\" \/>\n\t<meta property=\"og:image:height\" content=\"825\" \/>\n\t<meta property=\"og:image:type\" content=\"image\/jpeg\" \/>\n<meta name=\"twitter:card\" content=\"summary_large_image\" \/>\n<meta name=\"twitter:label1\" content=\"Tiempo de lectura\" \/>\n\t<meta name=\"twitter:data1\" content=\"5 minutos\" \/>\n<script type=\"application\/ld+json\" class=\"yoast-schema-graph\">{\"@context\":\"https:\\\/\\\/schema.org\",\"@graph\":[{\"@type\":\"WebPage\",\"@id\":\"https:\\\/\\\/voteearlyday.org\\\/es\\\/mensajes-principales-para-votar-temprano\\\/\",\"url\":\"https:\\\/\\\/voteearlyday.org\\\/es\\\/mensajes-principales-para-votar-temprano\\\/\",\"name\":\"Mensajes principales para votar temprano - Vote Early Day\",\"isPartOf\":{\"@id\":\"https:\\\/\\\/voteearlyday.org\\\/es\\\/#website\"},\"datePublished\":\"2022-05-06T21:13:21+00:00\",\"dateModified\":\"2025-07-02T16:17:14+00:00\",\"breadcrumb\":{\"@id\":\"https:\\\/\\\/voteearlyday.org\\\/es\\\/mensajes-principales-para-votar-temprano\\\/#breadcrumb\"},\"inLanguage\":\"es\",\"potentialAction\":[{\"@type\":\"ReadAction\",\"target\":[\"https:\\\/\\\/voteearlyday.org\\\/es\\\/mensajes-principales-para-votar-temprano\\\/\"]}]},{\"@type\":\"BreadcrumbList\",\"@id\":\"https:\\\/\\\/voteearlyday.org\\\/es\\\/mensajes-principales-para-votar-temprano\\\/#breadcrumb\",\"itemListElement\":[{\"@type\":\"ListItem\",\"position\":1,\"name\":\"Home\",\"item\":\"https:\\\/\\\/voteearlyday.org\\\/es\\\/el-dia-de-votacion-anticipada-es-el-28-de-octubre-de-2022\\\/\"},{\"@type\":\"ListItem\",\"position\":2,\"name\":\"Mensajes principales para votar temprano\"}]},{\"@type\":\"WebSite\",\"@id\":\"https:\\\/\\\/voteearlyday.org\\\/es\\\/#website\",\"url\":\"https:\\\/\\\/voteearlyday.org\\\/es\\\/\",\"name\":\"Vote Early Day\",\"description\":\"Vote Early Day is a movement of nonprofits, businesses, election administrators, and creatives working to ensure all Americans know their options to vote early.\",\"publisher\":{\"@id\":\"https:\\\/\\\/voteearlyday.org\\\/es\\\/#organization\"},\"potentialAction\":[{\"@type\":\"SearchAction\",\"target\":{\"@type\":\"EntryPoint\",\"urlTemplate\":\"https:\\\/\\\/voteearlyday.org\\\/es\\\/?s={search_term_string}\"},\"query-input\":{\"@type\":\"PropertyValueSpecification\",\"valueRequired\":true,\"valueName\":\"search_term_string\"}}],\"inLanguage\":\"es\"},{\"@type\":\"Organization\",\"@id\":\"https:\\\/\\\/voteearlyday.org\\\/es\\\/#organization\",\"name\":\"Vote Early Day | October 28th\",\"url\":\"https:\\\/\\\/voteearlyday.org\\\/es\\\/\",\"logo\":{\"@type\":\"ImageObject\",\"inLanguage\":\"es\",\"@id\":\"https:\\\/\\\/voteearlyday.org\\\/es\\\/#\\\/schema\\\/logo\\\/image\\\/\",\"url\":\"http:\\\/\\\/voteearlyday.org\\\/wp-content\\\/uploads\\\/2023\\\/02\\\/ved-social-23.jpg\",\"contentUrl\":\"http:\\\/\\\/voteearlyday.org\\\/wp-content\\\/uploads\\\/2023\\\/02\\\/ved-social-23.jpg\",\"width\":1430,\"height\":825,\"caption\":\"Vote Early Day | October 28th\"},\"image\":{\"@id\":\"https:\\\/\\\/voteearlyday.org\\\/es\\\/#\\\/schema\\\/logo\\\/image\\\/\"}}]}<\/script>\n<!-- \/ Yoast SEO plugin. -->","yoast_head_json":{"title":"Mensajes principales para votar temprano - Vote Early Day","robots":{"index":"index","follow":"follow","max-snippet":"max-snippet:-1","max-image-preview":"max-image-preview:large","max-video-preview":"max-video-preview:-1"},"canonical":"https:\/\/voteearlyday.org\/es\/mensajes-principales-para-votar-temprano\/","og_locale":"es_ES","og_type":"article","og_title":"Mensajes principales para votar temprano - Vote Early Day","og_description":"Esta es una descripci\u00f3n general de lo que es el D\u00eda de la Votaci\u00f3n Temprana y el papel que juega este feriado en la movilizaci\u00f3n de votantes en todo el... Continue reading","og_url":"https:\/\/voteearlyday.org\/es\/mensajes-principales-para-votar-temprano\/","og_site_name":"Vote Early Day","article_modified_time":"2025-07-02T16:17:14+00:00","og_image":[{"width":1430,"height":825,"url":"https:\/\/voteearlyday.org\/wp-content\/uploads\/2023\/02\/ved-social-23.jpg","type":"image\/jpeg"}],"twitter_card":"summary_large_image","twitter_misc":{"Tiempo de lectura":"5 minutos"},"schema":{"@context":"https:\/\/schema.org","@graph":[{"@type":"WebPage","@id":"https:\/\/voteearlyday.org\/es\/mensajes-principales-para-votar-temprano\/","url":"https:\/\/voteearlyday.org\/es\/mensajes-principales-para-votar-temprano\/","name":"Mensajes principales para votar temprano - Vote Early Day","isPartOf":{"@id":"https:\/\/voteearlyday.org\/es\/#website"},"datePublished":"2022-05-06T21:13:21+00:00","dateModified":"2025-07-02T16:17:14+00:00","breadcrumb":{"@id":"https:\/\/voteearlyday.org\/es\/mensajes-principales-para-votar-temprano\/#breadcrumb"},"inLanguage":"es","potentialAction":[{"@type":"ReadAction","target":["https:\/\/voteearlyday.org\/es\/mensajes-principales-para-votar-temprano\/"]}]},{"@type":"BreadcrumbList","@id":"https:\/\/voteearlyday.org\/es\/mensajes-principales-para-votar-temprano\/#breadcrumb","itemListElement":[{"@type":"ListItem","position":1,"name":"Home","item":"https:\/\/voteearlyday.org\/es\/el-dia-de-votacion-anticipada-es-el-28-de-octubre-de-2022\/"},{"@type":"ListItem","position":2,"name":"Mensajes principales para votar temprano"}]},{"@type":"WebSite","@id":"https:\/\/voteearlyday.org\/es\/#website","url":"https:\/\/voteearlyday.org\/es\/","name":"Vote Early Day","description":"Vote Early Day is a movement of nonprofits, businesses, election administrators, and creatives working to ensure all Americans know their options to vote early.","publisher":{"@id":"https:\/\/voteearlyday.org\/es\/#organization"},"potentialAction":[{"@type":"SearchAction","target":{"@type":"EntryPoint","urlTemplate":"https:\/\/voteearlyday.org\/es\/?s={search_term_string}"},"query-input":{"@type":"PropertyValueSpecification","valueRequired":true,"valueName":"search_term_string"}}],"inLanguage":"es"},{"@type":"Organization","@id":"https:\/\/voteearlyday.org\/es\/#organization","name":"Vote Early Day | October 28th","url":"https:\/\/voteearlyday.org\/es\/","logo":{"@type":"ImageObject","inLanguage":"es","@id":"https:\/\/voteearlyday.org\/es\/#\/schema\/logo\/image\/","url":"http:\/\/voteearlyday.org\/wp-content\/uploads\/2023\/02\/ved-social-23.jpg","contentUrl":"http:\/\/voteearlyday.org\/wp-content\/uploads\/2023\/02\/ved-social-23.jpg","width":1430,"height":825,"caption":"Vote Early Day | October 28th"},"image":{"@id":"https:\/\/voteearlyday.org\/es\/#\/schema\/logo\/image\/"}}]}},"_links":{"self":[{"href":"https:\/\/voteearlyday.org\/es\/wp-json\/wp\/v2\/pages\/1748","targetHints":{"allow":["GET"]}}],"collection":[{"href":"https:\/\/voteearlyday.org\/es\/wp-json\/wp\/v2\/pages"}],"about":[{"href":"https:\/\/voteearlyday.org\/es\/wp-json\/wp\/v2\/types\/page"}],"author":[{"embeddable":true,"href":"https:\/\/voteearlyday.org\/es\/wp-json\/wp\/v2\/users\/5"}],"replies":[{"embeddable":true,"href":"https:\/\/voteearlyday.org\/es\/wp-json\/wp\/v2\/comments?post=1748"}],"version-history":[{"count":0,"href":"https:\/\/voteearlyday.org\/es\/wp-json\/wp\/v2\/pages\/1748\/revisions"}],"wp:attachment":[{"href":"https:\/\/voteearlyday.org\/es\/wp-json\/wp\/v2\/media?parent=1748"}],"curies":[{"name":"wp","href":"https:\/\/api.w.org\/{rel}","templated":true}]}}