{"id":1759,"date":"2022-05-06T18:31:47","date_gmt":"2022-05-06T22:31:47","guid":{"rendered":"https:\/\/voteearlyday.org\/caja-de-herramientas\/gobierno\/aviso-a-los-medios-gubernamentales\/"},"modified":"2026-05-08T07:23:04","modified_gmt":"2026-05-08T11:23:04","slug":"aviso-a-los-medios-gubernamentales","status":"publish","type":"page","link":"https:\/\/voteearlyday.org\/es\/aviso-a-los-medios-gubernamentales\/","title":{"rendered":"Aviso a los medios de comunicaci\u00f3n"},"content":{"rendered":"\n<h1 class=\"wp-block-heading\">Aviso del Gobierno a los medios de comunicaci\u00f3n<\/h1>\n\n<p><em>El d\u00eda anterior a la celebraci\u00f3n del Voto Anticipado, env\u00eda un aviso a los medios de comunicaci\u00f3n para informar a la prensa de tus planes. De este modo, la prensa estar\u00e1 informada para que pueda asistir y cubrir tu acto.   <\/em><\/p>\n\n<p><strong>Fecha:<\/strong> 26 de octubre de 2026<\/p>\n\n<p><strong>Contactos con los medios de comunicaci\u00f3n:<\/strong><\/p>\n\n<p>Contacto: <mark style=\"background-color:#fcb900\" class=\"has-inline-color has-black-color\">[Tu punto de contacto]<\/mark><\/p>\n\n<p>Correo electr\u00f3nico: <mark style=\"background-color:#fcb900\" class=\"has-inline-color\">[Email]<\/mark><\/p>\n\n<p><mark style=\"background-color:#fcb900\" class=\"has-inline-color\">[Posici\u00f3n]<\/mark><\/p>\n\n<p><\/p>\n\n<p><\/p>\n\n<p class=\"has-text-align-center\"><strong><mark style=\"background-color:#fcb900\" class=\"has-inline-color\">El [Gobierno\/Oficina Electoral]<\/mark> celebrar\u00e1 ma\u00f1ana el D\u00eda del Voto Anticipado con <mark style=\"background-color:#fcb900\" class=\"has-inline-color\">[Lo m\u00e1s destacado de tu acto]<\/mark> para garantizar que los votantes hagan o\u00edr su voz.<\/strong><\/p>\n\n<p><strong>QUI\u00c9N: <\/strong><mark style=\"background-color:#fcb900\" class=\"has-inline-color\">[Oficina y cualquier socio]<\/mark><\/p>\n\n<p><strong>QU\u00c9: <\/strong>Celebraci\u00f3n del D\u00eda del Voto Anticipado con <mark style=\"background-color:#fcb900\" class=\"has-inline-color\">[actividades de tu evento].<\/mark><\/p>\n\n<p><strong>CU\u00c1NDO: <\/strong>27 de octubre de 2026 a partir de <mark style=\"background-color:#fcb900\" class=\"has-inline-color\">[plazo].<\/mark><\/p>\n\n<p><strong>D\u00d3NDE: <\/strong><mark style=\"background-color:#fcb900\" class=\"has-inline-color\">[lugar del acto]<\/mark><\/p>\n\n<p><strong>POR QU\u00c9: <\/strong>El D\u00eda del Voto Anticipado es un d\u00eda festivo celebrado por miles de socios de todo el pa\u00eds para animar a los estadounidenses a votar anticipadamente y celebrar el acto de depositar una papeleta. <mark style=\"background-color:#fcb900\" class=\"has-inline-color\">[Gobierno\/Oficina Electoral]<\/mark> se dedica a <mark style=\"background-color:#fcb900\" class=\"has-inline-color\">[tu misi\u00f3n]<\/mark>, y por eso creemos que todas las voces deben ser escuchadas en las elecciones. Al unirse al movimiento Vote Early Day, <mark style=\"background-color:#fcb900\" class=\"has-inline-color\">[Gobierno\/Oficina Electoral]<\/mark> proporcionar\u00e1 a los votantes de nuestra comunidad una raz\u00f3n divertida y concreta para emitir su voto anticipadamente. Esto garantizar\u00e1 que los votantes tengan tiempo de superar cualquier posible obst\u00e1culo para emitir su voto y participar en nuestra democracia.  <\/p>\n\n<p><strong>VISUALES:<\/strong> <mark style=\"background-color:#fcb900\" class=\"has-inline-color\">[Menciona cualquier elemento visual (como una pancarta o una gran pantalla) que vaya a estar presente en el acto y que sirva para hacer un buen v\u00eddeo o unas buenas fotos].<\/mark><\/p>\n\n<p><em>M\u00e1s informaci\u00f3n en <\/em><a href=\"http:\/\/www.voteearlyday.org\/\">\n  <em>www.voteearlyday.org<\/em>\n<\/a><em>.<\/em><\/p>\n","protected":false},"excerpt":{"rendered":"<p>Aviso del Gobierno a los medios de comunicaci\u00f3n El d\u00eda anterior a la celebraci\u00f3n del Voto Anticipado, env\u00eda un aviso a los medios de comunicaci\u00f3n para informar a la prensa&#8230; <\/p>\n<p><a class=\"moretag\" href=\"https:\/\/voteearlyday.org\/es\/aviso-a-los-medios-gubernamentales\/\"><span>Continue reading <i class=\"fas fa-long-arrow-alt-right\"><\/i><\/span><\/a><\/p>\n","protected":false},"author":5,"featured_media":0,"parent":0,"menu_order":0,"comment_status":"closed","ping_status":"closed","template":"","meta":{"_acf_changed":false,"inline_featured_image":false,"footnotes":""},"class_list":["post-1759","page","type-page","status-publish","hentry"],"acf":[],"yoast_head":"<!-- This site is optimized with the Yoast SEO plugin v27.6 - https:\/\/yoast.com\/product\/yoast-seo-wordpress\/ -->\n<title>Aviso a los medios de comunicaci\u00f3n - Vote Early Day<\/title>\n<meta name=\"robots\" content=\"index, follow, max-snippet:-1, max-image-preview:large, max-video-preview:-1\" \/>\n<link rel=\"canonical\" href=\"https:\/\/voteearlyday.org\/es\/aviso-a-los-medios-gubernamentales\/\" \/>\n<meta property=\"og:locale\" content=\"es_ES\" \/>\n<meta property=\"og:type\" content=\"article\" \/>\n<meta property=\"og:title\" content=\"Aviso a los medios de comunicaci\u00f3n - Vote Early Day\" \/>\n<meta property=\"og:description\" content=\"Aviso del Gobierno a los medios de comunicaci\u00f3n El d\u00eda anterior a la celebraci\u00f3n del Voto Anticipado, env\u00eda un aviso a los medios de comunicaci\u00f3n para informar a la prensa... Continue reading\" \/>\n<meta property=\"og:url\" content=\"https:\/\/voteearlyday.org\/es\/aviso-a-los-medios-gubernamentales\/\" \/>\n<meta property=\"og:site_name\" content=\"Vote Early Day\" \/>\n<meta property=\"article:modified_time\" content=\"2026-05-08T11:23:04+00:00\" \/>\n<meta property=\"og:image\" content=\"https:\/\/voteearlyday.org\/wp-content\/uploads\/2023\/02\/ved-social-23.jpg\" \/>\n\t<meta property=\"og:image:width\" content=\"1430\" \/>\n\t<meta property=\"og:image:height\" content=\"825\" \/>\n\t<meta property=\"og:image:type\" content=\"image\/jpeg\" \/>\n<meta name=\"twitter:card\" content=\"summary_large_image\" \/>\n<meta name=\"twitter:label1\" content=\"Tiempo de lectura\" \/>\n\t<meta name=\"twitter:data1\" content=\"2 minutos\" \/>\n<script type=\"application\/ld+json\" class=\"yoast-schema-graph\">{\"@context\":\"https:\\\/\\\/schema.org\",\"@graph\":[{\"@type\":\"WebPage\",\"@id\":\"https:\\\/\\\/voteearlyday.org\\\/es\\\/aviso-a-los-medios-gubernamentales\\\/\",\"url\":\"https:\\\/\\\/voteearlyday.org\\\/es\\\/aviso-a-los-medios-gubernamentales\\\/\",\"name\":\"Aviso a los medios de comunicaci\u00f3n - Vote Early Day\",\"isPartOf\":{\"@id\":\"https:\\\/\\\/voteearlyday.org\\\/es\\\/#website\"},\"datePublished\":\"2022-05-06T22:31:47+00:00\",\"dateModified\":\"2026-05-08T11:23:04+00:00\",\"breadcrumb\":{\"@id\":\"https:\\\/\\\/voteearlyday.org\\\/es\\\/aviso-a-los-medios-gubernamentales\\\/#breadcrumb\"},\"inLanguage\":\"es\",\"potentialAction\":[{\"@type\":\"ReadAction\",\"target\":[\"https:\\\/\\\/voteearlyday.org\\\/es\\\/aviso-a-los-medios-gubernamentales\\\/\"]}]},{\"@type\":\"BreadcrumbList\",\"@id\":\"https:\\\/\\\/voteearlyday.org\\\/es\\\/aviso-a-los-medios-gubernamentales\\\/#breadcrumb\",\"itemListElement\":[{\"@type\":\"ListItem\",\"position\":1,\"name\":\"Home\",\"item\":\"https:\\\/\\\/voteearlyday.org\\\/es\\\/el-dia-de-votacion-anticipada-es-el-28-de-octubre-de-2022\\\/\"},{\"@type\":\"ListItem\",\"position\":2,\"name\":\"Aviso a los medios de comunicaci\u00f3n\"}]},{\"@type\":\"WebSite\",\"@id\":\"https:\\\/\\\/voteearlyday.org\\\/es\\\/#website\",\"url\":\"https:\\\/\\\/voteearlyday.org\\\/es\\\/\",\"name\":\"Vote Early Day\",\"description\":\"Vote Early Day is a movement of nonprofits, businesses, election administrators, and creatives working to ensure all Americans know their options to vote early.\",\"publisher\":{\"@id\":\"https:\\\/\\\/voteearlyday.org\\\/es\\\/#organization\"},\"potentialAction\":[{\"@type\":\"SearchAction\",\"target\":{\"@type\":\"EntryPoint\",\"urlTemplate\":\"https:\\\/\\\/voteearlyday.org\\\/es\\\/?s={search_term_string}\"},\"query-input\":{\"@type\":\"PropertyValueSpecification\",\"valueRequired\":true,\"valueName\":\"search_term_string\"}}],\"inLanguage\":\"es\"},{\"@type\":\"Organization\",\"@id\":\"https:\\\/\\\/voteearlyday.org\\\/es\\\/#organization\",\"name\":\"Vote Early Day | October 28th\",\"url\":\"https:\\\/\\\/voteearlyday.org\\\/es\\\/\",\"logo\":{\"@type\":\"ImageObject\",\"inLanguage\":\"es\",\"@id\":\"https:\\\/\\\/voteearlyday.org\\\/es\\\/#\\\/schema\\\/logo\\\/image\\\/\",\"url\":\"http:\\\/\\\/voteearlyday.org\\\/wp-content\\\/uploads\\\/2023\\\/02\\\/ved-social-23.jpg\",\"contentUrl\":\"http:\\\/\\\/voteearlyday.org\\\/wp-content\\\/uploads\\\/2023\\\/02\\\/ved-social-23.jpg\",\"width\":1430,\"height\":825,\"caption\":\"Vote Early Day | October 28th\"},\"image\":{\"@id\":\"https:\\\/\\\/voteearlyday.org\\\/es\\\/#\\\/schema\\\/logo\\\/image\\\/\"}}]}<\/script>\n<!-- \/ Yoast SEO plugin. -->","yoast_head_json":{"title":"Aviso a los medios de comunicaci\u00f3n - Vote Early Day","robots":{"index":"index","follow":"follow","max-snippet":"max-snippet:-1","max-image-preview":"max-image-preview:large","max-video-preview":"max-video-preview:-1"},"canonical":"https:\/\/voteearlyday.org\/es\/aviso-a-los-medios-gubernamentales\/","og_locale":"es_ES","og_type":"article","og_title":"Aviso a los medios de comunicaci\u00f3n - Vote Early Day","og_description":"Aviso del Gobierno a los medios de comunicaci\u00f3n El d\u00eda anterior a la celebraci\u00f3n del Voto Anticipado, env\u00eda un aviso a los medios de comunicaci\u00f3n para informar a la prensa... Continue reading","og_url":"https:\/\/voteearlyday.org\/es\/aviso-a-los-medios-gubernamentales\/","og_site_name":"Vote Early Day","article_modified_time":"2026-05-08T11:23:04+00:00","og_image":[{"width":1430,"height":825,"url":"https:\/\/voteearlyday.org\/wp-content\/uploads\/2023\/02\/ved-social-23.jpg","type":"image\/jpeg"}],"twitter_card":"summary_large_image","twitter_misc":{"Tiempo de lectura":"2 minutos"},"schema":{"@context":"https:\/\/schema.org","@graph":[{"@type":"WebPage","@id":"https:\/\/voteearlyday.org\/es\/aviso-a-los-medios-gubernamentales\/","url":"https:\/\/voteearlyday.org\/es\/aviso-a-los-medios-gubernamentales\/","name":"Aviso a los medios de comunicaci\u00f3n - Vote Early Day","isPartOf":{"@id":"https:\/\/voteearlyday.org\/es\/#website"},"datePublished":"2022-05-06T22:31:47+00:00","dateModified":"2026-05-08T11:23:04+00:00","breadcrumb":{"@id":"https:\/\/voteearlyday.org\/es\/aviso-a-los-medios-gubernamentales\/#breadcrumb"},"inLanguage":"es","potentialAction":[{"@type":"ReadAction","target":["https:\/\/voteearlyday.org\/es\/aviso-a-los-medios-gubernamentales\/"]}]},{"@type":"BreadcrumbList","@id":"https:\/\/voteearlyday.org\/es\/aviso-a-los-medios-gubernamentales\/#breadcrumb","itemListElement":[{"@type":"ListItem","position":1,"name":"Home","item":"https:\/\/voteearlyday.org\/es\/el-dia-de-votacion-anticipada-es-el-28-de-octubre-de-2022\/"},{"@type":"ListItem","position":2,"name":"Aviso a los medios de comunicaci\u00f3n"}]},{"@type":"WebSite","@id":"https:\/\/voteearlyday.org\/es\/#website","url":"https:\/\/voteearlyday.org\/es\/","name":"Vote Early Day","description":"Vote Early Day is a movement of nonprofits, businesses, election administrators, and creatives working to ensure all Americans know their options to vote early.","publisher":{"@id":"https:\/\/voteearlyday.org\/es\/#organization"},"potentialAction":[{"@type":"SearchAction","target":{"@type":"EntryPoint","urlTemplate":"https:\/\/voteearlyday.org\/es\/?s={search_term_string}"},"query-input":{"@type":"PropertyValueSpecification","valueRequired":true,"valueName":"search_term_string"}}],"inLanguage":"es"},{"@type":"Organization","@id":"https:\/\/voteearlyday.org\/es\/#organization","name":"Vote Early Day | October 28th","url":"https:\/\/voteearlyday.org\/es\/","logo":{"@type":"ImageObject","inLanguage":"es","@id":"https:\/\/voteearlyday.org\/es\/#\/schema\/logo\/image\/","url":"http:\/\/voteearlyday.org\/wp-content\/uploads\/2023\/02\/ved-social-23.jpg","contentUrl":"http:\/\/voteearlyday.org\/wp-content\/uploads\/2023\/02\/ved-social-23.jpg","width":1430,"height":825,"caption":"Vote Early Day | October 28th"},"image":{"@id":"https:\/\/voteearlyday.org\/es\/#\/schema\/logo\/image\/"}}]}},"_links":{"self":[{"href":"https:\/\/voteearlyday.org\/es\/wp-json\/wp\/v2\/pages\/1759","targetHints":{"allow":["GET"]}}],"collection":[{"href":"https:\/\/voteearlyday.org\/es\/wp-json\/wp\/v2\/pages"}],"about":[{"href":"https:\/\/voteearlyday.org\/es\/wp-json\/wp\/v2\/types\/page"}],"author":[{"embeddable":true,"href":"https:\/\/voteearlyday.org\/es\/wp-json\/wp\/v2\/users\/5"}],"replies":[{"embeddable":true,"href":"https:\/\/voteearlyday.org\/es\/wp-json\/wp\/v2\/comments?post=1759"}],"version-history":[{"count":0,"href":"https:\/\/voteearlyday.org\/es\/wp-json\/wp\/v2\/pages\/1759\/revisions"}],"wp:attachment":[{"href":"https:\/\/voteearlyday.org\/es\/wp-json\/wp\/v2\/media?parent=1759"}],"curies":[{"name":"wp","href":"https:\/\/api.w.org\/{rel}","templated":true}]}}