{"id":1774,"date":"2022-05-06T15:20:22","date_gmt":"2022-05-06T19:20:22","guid":{"rendered":"https:\/\/voteearlyday.org\/servicios-bancarios-telefonicos-para-el-alcance-de-los-votantes\/"},"modified":"2023-09-01T10:57:38","modified_gmt":"2023-09-01T14:57:38","slug":"servicios-bancarios-telefonicos-para-el-alcance-de-los-votantes","status":"publish","type":"page","link":"https:\/\/voteearlyday.org\/es\/servicios-bancarios-telefonicos-para-el-alcance-de-los-votantes\/","title":{"rendered":"Materiales de divulgaci\u00f3n para votantes &#8211; Gui\u00f3n telef\u00f3nico"},"content":{"rendered":"\n<h1 class=\"wp-block-heading\"><strong>Descripci\u00f3n general<\/strong><\/h1>\n\n<p style=\"font-size:16px\">Los estudios muestran que es significativamente m\u00e1s probable que las personas voten si hacen un plan con anticipaci\u00f3n sobre c\u00f3mo van a emitir su voto. \u00a1El D\u00eda de la Votaci\u00f3n Anticipada es la oportunidad perfecta para comunicarse directamente con los votantes y ayudarlos a hacer este plan! Cuando hable con los votantes, intente que hablen verbalmente sobre d\u00f3nde, cu\u00e1ndo y c\u00f3mo van a emitir su voto. Esta conversaci\u00f3n puede marcar la diferencia para ayudarlos a hacer o\u00edr su voz en esta elecci\u00f3n. Tambi\u00e9n puede dirigirlos a la <a href=\"https:\/\/voteearlyday.org\/voter-tool\/\">herramienta de votaci\u00f3n anticipada en l\u00ednea<\/a>, que facilita la b\u00fasqueda de lugares para votar anticipadamente en persona, dejar una papeleta, recibir una papeleta por correo, y mucho m\u00e1s.<\/p>\n\n<p style=\"font-size:16px\">Para obtener informaci\u00f3n de contacto de las personas de su comunidad, le recomendamos que se comunique con su oficina electoral local y solicite una lista de votantes registrados. A medida que se acerque a la elecci\u00f3n, tambi\u00e9n deber\u00eda poder obtener una lista de personas que a\u00fan no han votado, \u00a1para que pueda orientar su alcance!<\/p>\n\n<p style=\"font-size:16px\">Hay dos guiones en esta gu\u00eda: uno para alentar a las personas a emitir su voto en el D\u00eda de la Votaci\u00f3n Temprana y otro para hacer un plan para votar de manera m\u00e1s general. Si vive en un \u00e1rea que no tiene opciones para votar temprano, le recomendamos que use el segundo gui\u00f3n. Compruebe las opciones de su estado para votar anticipadamente <a href=\"https:\/\/voteearlyday.org\/state-rules\/\">aqu\u00ed<\/a>. Si buscas otras formas de llegar a los votantes, consulta tambi\u00e9n nuestros guiones para <a href=\"https:\/\/voteearlyday.org\/text-banking\/\">enviar mensajes de texto<\/a> y <a href=\"https:\/\/voteearlyday.org\/door-knocking\/\">llamar a la puerta<\/a>.  <\/p>\n\n<p style=\"font-size:16px\"><em><strong>Aseg\u00farese de realizar un seguimiento de la cantidad de votantes con los que habla y ay\u00fadelos a hacer sus planes para votar para que pueda informarnos su \u00e9xito despu\u00e9s del D\u00eda de votaci\u00f3n anticipada. <\/strong><\/em><\/p>\n\n<hr class=\"wp-block-separator has-alpha-channel-opacity is-style-default\"\/>\n\n<h2 class=\"wp-block-heading\"><strong><em>Gui\u00f3n 1: Para animar a la gente a votar en el D\u00eda de la Votaci\u00f3n Anticipada<\/em><\/strong><\/h2>\n\n<p><em>Antes de comunicarse con los votantes, averig\u00fce cu\u00e1les son sus opciones para votar temprano en su comunidad espec\u00edfica. Aseg\u00farese de poder dirigirlos a lugares cercanos para votar anticipadamente (tanto un lugar de votaci\u00f3n como un buz\u00f3n de boletas). Puede encontrar esta informaci\u00f3n comunic\u00e1ndose con su oficina electoral local. <\/em><\/p>\n\n<p>Hola, \u00bfest\u00e1 <mark style=\"background-color:#fcb900\" class=\"has-inline-color\">\n  [their name]\n<\/mark> disponible?<\/p>\n\n<p>Hola <mark style=\"background-color:#fcb900\" class=\"has-inline-color\">[their name]<\/mark>, esto es <mark style=\"background-color:#fcb900\" class=\"has-inline-color\">[your name]<\/mark> con <mark style=\"background-color:#fcb900\" class=\"has-inline-color\">[Organization]<\/mark>. Hoy es el D\u00eda del Voto Anticipado, \u00a1as\u00ed que te llamo para instarte a votar anticipadamente en las elecciones de<mark style=\"background-color:#fcb900\" class=\"has-inline-color\">[inserta aqu\u00ed la elecci\u00f3n<\/mark>]! \u00bfPodemos contar con usted para emitir su voto hoy? <\/p>\n\n<p><strong><mark style=\"background-color:#00d084\" class=\"has-inline-color\">[If yes]<\/mark><\/strong> \u00a1Impresionante! \u00bfPlanea votar anticipadamente en persona o por correo?<\/p>\n\n<ul class=\"wp-block-list\">\n<li><mark style=\"background-color:#7bdcb5\" class=\"has-inline-color\"><strong>[In person]<\/strong> <\/mark>\u00a1Eso es genial! El lugar m\u00e1s cercano para votar anticipadamente en persona es [location] y el horario es [hours]. \u00bfC\u00f3mo vas a llegar all\u00ed? \u00bfA qu\u00e9 hora vas a ir? <\/li>\n\n\n\n<li><strong><mark style=\"background-color:#7bdcb5\" class=\"has-inline-color\">[By mail]<\/mark><\/strong> \u00a1Eso es genial! \u00bfHa solicitado ya su papeleta?  <em>(Si a\u00fan no ha solicitado su boleta, debe pasar por su oficina electoral lo antes posible para recoger una).<\/em> \u00bfCu\u00e1ndo vas a llenar tu boleta? \u00bfLo dejar\u00e1s o lo enviar\u00e1s por correo?<\/li>\n<\/ul>\n\n<p>Su oficina electoral local es <mark style=\"background-color:#fcb900\" class=\"has-inline-color\">\n  [location]\n<\/mark>y los buzones de votaci\u00f3n cercanos se pueden encontrar en <mark style=\"background-color:#fcb900\" class=\"has-inline-color\">\n  [locations]\n<\/mark>.  <\/p>\n\n<p><strong><mark style=\"background-color:#00d084\" class=\"has-inline-color\">[If no\/unsure]<\/mark><\/strong> Entiendo. Personalmente, me gusta votar temprano porque <mark style=\"background-color:#fcb900\" class=\"has-inline-color\">[your personal reason]<\/mark>. En <mark style=\"background-color:#fcb900\" class=\"has-inline-color\">[your community]<\/mark>, puede votar anticipadamente en persona en <mark style=\"background-color:#fcb900\" class=\"has-inline-color\">[polling place location]<\/mark> de <mark style=\"background-color:#fcb900\" class=\"has-inline-color\">[opening to closing time]<\/mark> o dejando su boleta por correo en <mark style=\"background-color:#fcb900\" class=\"has-inline-color\">[ballot dropbox location]<\/mark>. \u00bfPodemos contar con usted para emitir su voto antes del d\u00eda de las elecciones?<\/p>\n\n<p><\/p>\n\n<blockquote class=\"wp-block-quote has-small-font-size is-layout-flow wp-block-quote-is-layout-flow\">\n<p><strong><em>Ejemplos de razones para votar anticipadamente:<\/em><\/strong><em> <\/em><\/p>\n\n\n\n<p><em>Si espera hasta el \u00faltimo d\u00eda para votar, podr\u00edan surgir problemas que podr\u00edan impedirle emitir su voto. <\/em><\/p>\n\n\n\n<p><em>Cuando vota temprano, se da el tiempo para planificar cualquier problema de \u00faltimo minuto que pueda surgir en su camino.<\/em><\/p>\n\n\n\n<p><em>Votar temprano ayuda a garantizar que las largas filas en las urnas, la desinformaci\u00f3n de los votantes y las leyes electorales confusas no se interpongan en el camino para que se escuche su voz.<\/em><\/p>\n<\/blockquote>\n\n<figure class=\"wp-block-table\"><table><tbody><tr><td><\/td><\/tr><\/tbody><\/table><\/figure>\n\n<p><strong><mark style=\"background-color:#00d084\" class=\"has-inline-color\">[To conclude]<\/mark><\/strong> \u00a1Muchas gracias por votar! \u00bfPuedo usar este n\u00famero para enviarle un mensaje de texto con un enlace a la herramienta de votante Vote Early Day para que pueda averiguar d\u00f3nde, cu\u00e1ndo y c\u00f3mo emitir su voto temprano? <\/p>\n\n<p><em>Si est\u00e1n de acuerdo, env\u00edeles un mensaje de texto con el enlace a <\/em><a href=\"http:\/\/voteearlyday.org\/\">\n  <em>voteearlyday.org<\/em>\n<\/a><\/p>\n\n<h3 class=\"wp-block-heading\"><strong>MENSAJE DE CORREO DE VOZ: <\/strong><\/h3>\n\n<p>Hola <mark style=\"background-color:#fcb900\" class=\"has-inline-color\">[their name]<\/mark>, esto es <mark style=\"background-color:#fcb900\" class=\"has-inline-color\">[your name]<\/mark> con <mark style=\"background-color:#fcb900\" class=\"has-inline-color\">[Organization]<\/mark>. Hoy es el D\u00eda del Voto Anticipado, as\u00ed que te llamo para recordarte que tienes opciones para emitir tu voto anticipadamente. Puede votar anticipadamente en persona en <mark style=\"background-color:#fcb900\" class=\"has-inline-color\">[polling place location]<\/mark> de <mark style=\"background-color:#fcb900\" class=\"has-inline-color\">[opening to closing time]<\/mark> o dejando su boleta por correo en <mark style=\"background-color:#fcb900\" class=\"has-inline-color\">[nearby ballot dropbox locations]<\/mark>. Puede encontrar m\u00e1s informaci\u00f3n sobre la votaci\u00f3n anticipada en <a href=\"http:\/\/voteearlyday.org\/\">voteearlyday.org<\/a>. \u00a1Gracias por ser un votante y hacer o\u00edr su voz! <\/p>\n\n<hr class=\"wp-block-separator has-alpha-channel-opacity is-style-default\"\/>\n\n<h2 class=\"wp-block-heading\"><strong><em>Gui\u00f3n 2: Para ayudar a las personas a hacer un plan para votar<\/em><\/strong><\/h2>\n\n<p><em>\u00a1Use este gui\u00f3n para ayudar a las personas a hablar sobre su plan para votar y asegurarse de que est\u00e9n listos para emitir su voto! Este gui\u00f3n es una buena opci\u00f3n para quienes viven en zonas sin opciones para votar antes de la jornada electoral (puede consultar las opciones de su estado <a href=\"https:\/\/voteearlyday.org\/state-rules\/\">aqu\u00ed<\/a>)<\/em>.  <\/p>\n\n<p>Hola, \u00bfest\u00e1 <mark style=\"background-color:#fcb900\" class=\"has-inline-color\">\n  [their name]\n<\/mark> disponible?<\/p>\n\n<p>Hola <mark style=\"background-color:#fcb900\" class=\"has-inline-color\">[their name]<\/mark>, esto es <mark style=\"background-color:#fcb900\" class=\"has-inline-color\">[your name]<\/mark> con <mark style=\"background-color:#fcb900\" class=\"has-inline-color\">[Organization]<\/mark>. Hoy es el D\u00eda del Voto Anticipado, as\u00ed que te llamo para recordarte que hagas un plan para votar en la  <mark style=\"background-color:#fcb900\" class=\"has-inline-color\">[insert election here]<\/mark>  \u00a1Elecci\u00f3n! \u00bfPuedo contar con usted para votar en estas importantes elecciones?<\/p>\n\n<p><strong><mark style=\"background-color:#00d084\" class=\"has-inline-color\">[If yes]<\/mark><\/strong> \u00a1Impresionante! \u00bfPlanea votar en persona o por correo?<\/p>\n\n<ul class=\"wp-block-list\">\n<li><strong><mark style=\"background-color:#7bdcb5\" class=\"has-inline-color\">[In person]<\/mark><\/strong> \u00a1Eso es genial! \u00bfD\u00f3nde est\u00e1 su lugar de votaci\u00f3n? \u00bfC\u00f3mo vas a llegar all\u00ed? \u00bfCuando est\u00e1s planeando ir? <\/li>\n\n\n\n<li><strong>\n  <mark style=\"background-color:#7bdcb5\" class=\"has-inline-color has-black-color\">[<\/mark>\n  <mark style=\"background-color:#7bdcb5\" class=\"has-inline-color\">Por correo]<\/mark>\n<\/strong> \u00a1Eso es genial! \u00bfHa solicitado ya su papeleta?  <em>(Si a\u00fan no ha solicitado su boleta, debe pasar por su oficina electoral lo antes posible para recoger una).<\/em> \u00bfCu\u00e1ndo vas a llenar tu boleta? \u00bfLo dejar\u00e1s o lo enviar\u00e1s por correo? <\/li>\n<\/ul>\n\n<p><em>Si no conocen sus lugares de votaci\u00f3n (ya sea en persona o con una urna<\/em><em>buz\u00f3n), dir\u00edjalos a nuestra herramienta de votaci\u00f3n en l\u00ednea en <\/em><a href=\"http:\/\/voteearlyday.org\/\">\n  <em>voteearlyday.org<\/em>\n<\/a><em>) <\/em> <\/p>\n\n<p><strong><mark style=\"background-color:#00d084\" class=\"has-inline-color\">[If no\/unsure]<\/mark><\/strong> Entiendo. Yo personalmente estoy votando en esta elecci\u00f3n porque <mark style=\"background-color:#fcb900\" class=\"has-inline-color\">[your personal reason]<\/mark>, \u00a1y espero que te unas a m\u00ed! \u00bfPuedo ayudarlo a hacer un plan para votar?<\/p>\n\n<p><strong><mark style=\"background-color:#00d084\" class=\"has-inline-color\">[To conclude]<\/mark><\/strong> \u00a1Muchas gracias por tu tiempo! \u00bfPuedo usar este n\u00famero para enviarle un mensaje de texto con un enlace a la herramienta de votante Vote Early Day para que pueda averiguar d\u00f3nde, cu\u00e1ndo y c\u00f3mo emitir su voto temprano?<\/p>\n\n<p><em>Si est\u00e1n de acuerdo, env\u00edeles un mensaje de texto con el enlace a <\/em><a href=\"http:\/\/voteearlyday.org\/\">\n  <em>voteearlyday.org<\/em>\n<\/a><\/p>\n\n<h3 class=\"wp-block-heading\"><strong>MENSAJE DE CORREO DE VOZ: <\/strong><\/h3>\n\n<p>Hola <mark style=\"background-color:#fcb900\" class=\"has-inline-color\">[their name]<\/mark>, esto es <mark style=\"background-color:#fcb900\" class=\"has-inline-color\">[your name]<\/mark> con <mark style=\"background-color:#fcb900\" class=\"has-inline-color\">[Organization]<\/mark>. Hoy es el D\u00eda del Voto Anticipado, as\u00ed que te llamo para recordarte que hagas un plan para votar en la  <mark style=\"background-color:#fcb900\" class=\"has-inline-color\">[insert election here]<\/mark>  \u00a1Elecci\u00f3n! Puede averiguar d\u00f3nde, cu\u00e1ndo y c\u00f3mo emitir su voto en <a href=\"http:\/\/voteearlyday.org\/\">voteearlyday.org<\/a>. \u00a1Gracias por ser un votante y hacer o\u00edr su voz! <\/p>\n","protected":false},"excerpt":{"rendered":"<p>Descripci\u00f3n general Los estudios muestran que es significativamente m\u00e1s probable que las personas voten si hacen un plan con anticipaci\u00f3n sobre c\u00f3mo van a emitir su voto. \u00a1El D\u00eda de&#8230; <\/p>\n<p><a class=\"moretag\" href=\"https:\/\/voteearlyday.org\/es\/servicios-bancarios-telefonicos-para-el-alcance-de-los-votantes\/\"><span>Continue reading <i class=\"fas fa-long-arrow-alt-right\"><\/i><\/span><\/a><\/p>\n","protected":false},"author":5,"featured_media":0,"parent":0,"menu_order":0,"comment_status":"closed","ping_status":"closed","template":"","meta":{"_acf_changed":false,"inline_featured_image":false,"footnotes":""},"class_list":["post-1774","page","type-page","status-publish","hentry"],"acf":[],"yoast_head":"<!-- This site is optimized with the Yoast SEO plugin v27.3 - https:\/\/yoast.com\/product\/yoast-seo-wordpress\/ -->\n<title>Materiales de divulgaci\u00f3n para votantes - Gui\u00f3n telef\u00f3nico - Vote Early Day<\/title>\n<meta name=\"robots\" content=\"index, follow, max-snippet:-1, max-image-preview:large, max-video-preview:-1\" \/>\n<link rel=\"canonical\" href=\"https:\/\/voteearlyday.org\/es\/servicios-bancarios-telefonicos-para-el-alcance-de-los-votantes\/\" \/>\n<meta property=\"og:locale\" content=\"es_ES\" \/>\n<meta property=\"og:type\" content=\"article\" \/>\n<meta property=\"og:title\" content=\"Materiales de divulgaci\u00f3n para votantes - Gui\u00f3n telef\u00f3nico - Vote Early Day\" \/>\n<meta property=\"og:description\" content=\"Descripci\u00f3n general Los estudios muestran que es significativamente m\u00e1s probable que las personas voten si hacen un plan con anticipaci\u00f3n sobre c\u00f3mo van a emitir su voto. \u00a1El D\u00eda de... Continue reading\" \/>\n<meta property=\"og:url\" content=\"https:\/\/voteearlyday.org\/es\/servicios-bancarios-telefonicos-para-el-alcance-de-los-votantes\/\" \/>\n<meta property=\"og:site_name\" content=\"Vote Early Day\" \/>\n<meta property=\"article:modified_time\" content=\"2023-09-01T14:57:38+00:00\" \/>\n<meta property=\"og:image\" content=\"https:\/\/voteearlyday.org\/wp-content\/uploads\/2023\/02\/ved-social-23.jpg\" \/>\n\t<meta property=\"og:image:width\" content=\"1430\" \/>\n\t<meta property=\"og:image:height\" content=\"825\" \/>\n\t<meta property=\"og:image:type\" content=\"image\/jpeg\" \/>\n<meta name=\"twitter:card\" content=\"summary_large_image\" \/>\n<meta name=\"twitter:label1\" content=\"Tiempo de lectura\" \/>\n\t<meta name=\"twitter:data1\" content=\"5 minutos\" \/>\n<script type=\"application\/ld+json\" class=\"yoast-schema-graph\">{\"@context\":\"https:\\\/\\\/schema.org\",\"@graph\":[{\"@type\":\"WebPage\",\"@id\":\"https:\\\/\\\/voteearlyday.org\\\/es\\\/servicios-bancarios-telefonicos-para-el-alcance-de-los-votantes\\\/\",\"url\":\"https:\\\/\\\/voteearlyday.org\\\/es\\\/servicios-bancarios-telefonicos-para-el-alcance-de-los-votantes\\\/\",\"name\":\"Materiales de divulgaci\u00f3n para votantes - Gui\u00f3n telef\u00f3nico - Vote Early Day\",\"isPartOf\":{\"@id\":\"https:\\\/\\\/voteearlyday.org\\\/es\\\/#website\"},\"datePublished\":\"2022-05-06T19:20:22+00:00\",\"dateModified\":\"2023-09-01T14:57:38+00:00\",\"breadcrumb\":{\"@id\":\"https:\\\/\\\/voteearlyday.org\\\/es\\\/servicios-bancarios-telefonicos-para-el-alcance-de-los-votantes\\\/#breadcrumb\"},\"inLanguage\":\"es\",\"potentialAction\":[{\"@type\":\"ReadAction\",\"target\":[\"https:\\\/\\\/voteearlyday.org\\\/es\\\/servicios-bancarios-telefonicos-para-el-alcance-de-los-votantes\\\/\"]}]},{\"@type\":\"BreadcrumbList\",\"@id\":\"https:\\\/\\\/voteearlyday.org\\\/es\\\/servicios-bancarios-telefonicos-para-el-alcance-de-los-votantes\\\/#breadcrumb\",\"itemListElement\":[{\"@type\":\"ListItem\",\"position\":1,\"name\":\"Home\",\"item\":\"https:\\\/\\\/voteearlyday.org\\\/es\\\/el-dia-de-votacion-anticipada-es-el-28-de-octubre-de-2022\\\/\"},{\"@type\":\"ListItem\",\"position\":2,\"name\":\"Materiales de divulgaci\u00f3n para votantes &#8211; Gui\u00f3n telef\u00f3nico\"}]},{\"@type\":\"WebSite\",\"@id\":\"https:\\\/\\\/voteearlyday.org\\\/es\\\/#website\",\"url\":\"https:\\\/\\\/voteearlyday.org\\\/es\\\/\",\"name\":\"Vote Early Day\",\"description\":\"Vote Early Day is a movement of nonprofits, businesses, election administrators, and creatives working to ensure all Americans know their options to vote early.\",\"publisher\":{\"@id\":\"https:\\\/\\\/voteearlyday.org\\\/es\\\/#organization\"},\"potentialAction\":[{\"@type\":\"SearchAction\",\"target\":{\"@type\":\"EntryPoint\",\"urlTemplate\":\"https:\\\/\\\/voteearlyday.org\\\/es\\\/?s={search_term_string}\"},\"query-input\":{\"@type\":\"PropertyValueSpecification\",\"valueRequired\":true,\"valueName\":\"search_term_string\"}}],\"inLanguage\":\"es\"},{\"@type\":\"Organization\",\"@id\":\"https:\\\/\\\/voteearlyday.org\\\/es\\\/#organization\",\"name\":\"Vote Early Day | October 28th\",\"url\":\"https:\\\/\\\/voteearlyday.org\\\/es\\\/\",\"logo\":{\"@type\":\"ImageObject\",\"inLanguage\":\"es\",\"@id\":\"https:\\\/\\\/voteearlyday.org\\\/es\\\/#\\\/schema\\\/logo\\\/image\\\/\",\"url\":\"http:\\\/\\\/voteearlyday.org\\\/wp-content\\\/uploads\\\/2023\\\/02\\\/ved-social-23.jpg\",\"contentUrl\":\"http:\\\/\\\/voteearlyday.org\\\/wp-content\\\/uploads\\\/2023\\\/02\\\/ved-social-23.jpg\",\"width\":1430,\"height\":825,\"caption\":\"Vote Early Day | October 28th\"},\"image\":{\"@id\":\"https:\\\/\\\/voteearlyday.org\\\/es\\\/#\\\/schema\\\/logo\\\/image\\\/\"}}]}<\/script>\n<!-- \/ Yoast SEO plugin. -->","yoast_head_json":{"title":"Materiales de divulgaci\u00f3n para votantes - Gui\u00f3n telef\u00f3nico - Vote Early Day","robots":{"index":"index","follow":"follow","max-snippet":"max-snippet:-1","max-image-preview":"max-image-preview:large","max-video-preview":"max-video-preview:-1"},"canonical":"https:\/\/voteearlyday.org\/es\/servicios-bancarios-telefonicos-para-el-alcance-de-los-votantes\/","og_locale":"es_ES","og_type":"article","og_title":"Materiales de divulgaci\u00f3n para votantes - Gui\u00f3n telef\u00f3nico - Vote Early Day","og_description":"Descripci\u00f3n general Los estudios muestran que es significativamente m\u00e1s probable que las personas voten si hacen un plan con anticipaci\u00f3n sobre c\u00f3mo van a emitir su voto. \u00a1El D\u00eda de... Continue reading","og_url":"https:\/\/voteearlyday.org\/es\/servicios-bancarios-telefonicos-para-el-alcance-de-los-votantes\/","og_site_name":"Vote Early Day","article_modified_time":"2023-09-01T14:57:38+00:00","og_image":[{"width":1430,"height":825,"url":"https:\/\/voteearlyday.org\/wp-content\/uploads\/2023\/02\/ved-social-23.jpg","type":"image\/jpeg"}],"twitter_card":"summary_large_image","twitter_misc":{"Tiempo de lectura":"5 minutos"},"schema":{"@context":"https:\/\/schema.org","@graph":[{"@type":"WebPage","@id":"https:\/\/voteearlyday.org\/es\/servicios-bancarios-telefonicos-para-el-alcance-de-los-votantes\/","url":"https:\/\/voteearlyday.org\/es\/servicios-bancarios-telefonicos-para-el-alcance-de-los-votantes\/","name":"Materiales de divulgaci\u00f3n para votantes - Gui\u00f3n telef\u00f3nico - Vote Early Day","isPartOf":{"@id":"https:\/\/voteearlyday.org\/es\/#website"},"datePublished":"2022-05-06T19:20:22+00:00","dateModified":"2023-09-01T14:57:38+00:00","breadcrumb":{"@id":"https:\/\/voteearlyday.org\/es\/servicios-bancarios-telefonicos-para-el-alcance-de-los-votantes\/#breadcrumb"},"inLanguage":"es","potentialAction":[{"@type":"ReadAction","target":["https:\/\/voteearlyday.org\/es\/servicios-bancarios-telefonicos-para-el-alcance-de-los-votantes\/"]}]},{"@type":"BreadcrumbList","@id":"https:\/\/voteearlyday.org\/es\/servicios-bancarios-telefonicos-para-el-alcance-de-los-votantes\/#breadcrumb","itemListElement":[{"@type":"ListItem","position":1,"name":"Home","item":"https:\/\/voteearlyday.org\/es\/el-dia-de-votacion-anticipada-es-el-28-de-octubre-de-2022\/"},{"@type":"ListItem","position":2,"name":"Materiales de divulgaci\u00f3n para votantes &#8211; Gui\u00f3n telef\u00f3nico"}]},{"@type":"WebSite","@id":"https:\/\/voteearlyday.org\/es\/#website","url":"https:\/\/voteearlyday.org\/es\/","name":"Vote Early Day","description":"Vote Early Day is a movement of nonprofits, businesses, election administrators, and creatives working to ensure all Americans know their options to vote early.","publisher":{"@id":"https:\/\/voteearlyday.org\/es\/#organization"},"potentialAction":[{"@type":"SearchAction","target":{"@type":"EntryPoint","urlTemplate":"https:\/\/voteearlyday.org\/es\/?s={search_term_string}"},"query-input":{"@type":"PropertyValueSpecification","valueRequired":true,"valueName":"search_term_string"}}],"inLanguage":"es"},{"@type":"Organization","@id":"https:\/\/voteearlyday.org\/es\/#organization","name":"Vote Early Day | October 28th","url":"https:\/\/voteearlyday.org\/es\/","logo":{"@type":"ImageObject","inLanguage":"es","@id":"https:\/\/voteearlyday.org\/es\/#\/schema\/logo\/image\/","url":"http:\/\/voteearlyday.org\/wp-content\/uploads\/2023\/02\/ved-social-23.jpg","contentUrl":"http:\/\/voteearlyday.org\/wp-content\/uploads\/2023\/02\/ved-social-23.jpg","width":1430,"height":825,"caption":"Vote Early Day | October 28th"},"image":{"@id":"https:\/\/voteearlyday.org\/es\/#\/schema\/logo\/image\/"}}]}},"_links":{"self":[{"href":"https:\/\/voteearlyday.org\/es\/wp-json\/wp\/v2\/pages\/1774","targetHints":{"allow":["GET"]}}],"collection":[{"href":"https:\/\/voteearlyday.org\/es\/wp-json\/wp\/v2\/pages"}],"about":[{"href":"https:\/\/voteearlyday.org\/es\/wp-json\/wp\/v2\/types\/page"}],"author":[{"embeddable":true,"href":"https:\/\/voteearlyday.org\/es\/wp-json\/wp\/v2\/users\/5"}],"replies":[{"embeddable":true,"href":"https:\/\/voteearlyday.org\/es\/wp-json\/wp\/v2\/comments?post=1774"}],"version-history":[{"count":0,"href":"https:\/\/voteearlyday.org\/es\/wp-json\/wp\/v2\/pages\/1774\/revisions"}],"wp:attachment":[{"href":"https:\/\/voteearlyday.org\/es\/wp-json\/wp\/v2\/media?parent=1774"}],"curies":[{"name":"wp","href":"https:\/\/api.w.org\/{rel}","templated":true}]}}