{"id":1784,"date":"2022-05-06T15:51:39","date_gmt":"2022-05-06T19:51:39","guid":{"rendered":"https:\/\/voteearlyday.org\/caja-de-herramientas\/sin-animo-de-lucro\/discurso-de-reunion-sin-fines-de-lucro\/"},"modified":"2026-05-08T03:32:12","modified_gmt":"2026-05-08T07:32:12","slug":"discurso-de-reunion-sin-fines-de-lucro","status":"publish","type":"page","link":"https:\/\/voteearlyday.org\/es\/caja-de-herramientas\/sin-animo-de-lucro\/discurso-de-reunion-sin-fines-de-lucro\/","title":{"rendered":"Discurso de reuni\u00f3n sin fines de lucro"},"content":{"rendered":"\n<h1 class=\"wp-block-heading\"><strong>Resumen:<\/strong><\/h1>\n\n<p>Es mucho m\u00e1s probable que las personas vayan a votar si alguien en quien conf\u00edan les recuerda. \u00a1Usted puede ser esa fuente confiable para su comunidad! En el D\u00eda de la votaci\u00f3n anticipada, pregunte si puede tener unos minutos para dar una breve presentaci\u00f3n sobre la votaci\u00f3n anticipada al comienzo de una reuni\u00f3n de su organizaci\u00f3n, un evento comunitario, una llamada de Zoom o en cualquier otra reuni\u00f3n de la que sea parte. <\/p>\n\n<p>Algunos consejos para tu presentaci\u00f3n: <\/p>\n\n<ul class=\"wp-block-list\">\n<li>Aseg\u00farese de compartir su historia personal sobre por qu\u00e9 votar es importante para usted. Las historias tienen m\u00e1s impacto para los votantes potenciales que los n\u00fameros y las estad\u00edsticas. <\/li>\n\n\n\n<li>Mant\u00e9ngalo imparcial para que todos se sientan incluidos en su mensaje.<\/li>\n\n\n\n<li>H\u00e1gales saber a las personas por qu\u00e9 votar temprano es la mejor manera de asegurarse de que se escuche su voz. Puede utilizar nuestros <a href=\"https:\/\/voteearlyday.org\/es\/mensajes-principales-para-votar-temprano\/\">mensajes principales<\/a> como gu\u00eda. <\/li>\n\n\n\n<li>Al final de la presentaci\u00f3n, aseg\u00farese de que todos hayan hecho un plan sobre c\u00f3mo emitir\u00e1n su voto temprano. Puedes hacerlo compartiendo la <a href=\"https:\/\/voteearlyday.org\/es\/herramienta-para-el-votante\/\">herramienta de voto por Internet<\/a> Vote Early Day o repartiendo tarjetas postales (pr\u00f3ximamente) para hacer un plan para votar.  <\/li>\n\n\n\n<li>Brinde a las personas el espacio para hacer su plan para votar, pero contin\u00fae manteniendo la palabra y mantenga a las personas involucradas mientras lo hacen. Esto asegura que se mantengan enfocados y completen su plan. <\/li>\n\n\n\n<li>Si la gente tiene preguntas sobre c\u00f3mo emitir su voto anticipadamente, dir\u00edjalos a nuestro sitio web<a href=\"http:\/\/voteearlyday.org\/es\/\">(voteearlyday.org<\/a>) para obtener m\u00e1s recursos.<\/li>\n<\/ul>\n\n<p><em>\u00a1Estos pocos minutos pueden marcar una gran diferencia para asegurarse de que se escuchen las voces de su comunidad!<\/em><\/p>\n\n<hr class=\"wp-block-separator has-alpha-channel-opacity is-style-default\"\/>\n\n<h1 class=\"wp-block-heading\"><strong>Gui\u00f3n de muestra: <\/strong><\/h1>\n\n<p>Hola a todos, hoy es el D\u00eda del Voto Anticipado, as\u00ed que quer\u00eda haceros un breve recordatorio sobre las important\u00edsimas elecciones de<mark style=\"background-color:#fcb900\" class=\"has-inline-color\">[inserte aqu\u00ed la elecci\u00f3n<\/mark>]. Voy a votar temprano porque [ <mark style=\"background-color:#fcb900\" class=\"has-inline-color\">su raz\u00f3n personal<\/mark> ], y los animo a todos a unirse a m\u00ed. <\/p>\n\n<p>\u00a1La mejor manera de asegurarse de que su voz sea escuchada es votando temprano! Si espera hasta el d\u00eda de las elecciones, los problemas de \u00faltima hora, las largas filas en las urnas y las leyes electorales confusas pueden impedirle expresar su opini\u00f3n. Cuando vota temprano, se asegura de que nada pueda impedirle emitir su voto. Aqu\u00ed, en<mark style=\"background-color:#fcb900\" class=\"has-inline-color\">[su comunidad<\/mark>], podemos votar anticipadamente mediante<mark style=\"background-color:#fcb900\" class=\"has-inline-color\">[las opciones de su comunidad para votar anticipadamente<\/mark>].  <\/p>\n\n<p>Los estudios muestran que la forma m\u00e1s efectiva de asegurarse de votar es hacer un plan para emitir su voto con anticipaci\u00f3n. Voy a ayudarlos a todos a hacer sus planes para votar temprano ahora mismo, antes de que se les olvide. <\/p>\n\n<p><mark><mark style=\"background-color:#7bdcb5\" class=\"has-inline-color\">[Si utilizas tarjeta postal]<\/mark><\/mark><\/p>\n\n<p>Estoy repartiendo postales para que pueda planificar cu\u00e1ndo, d\u00f3nde y c\u00f3mo emitir su voto antes del d\u00eda de las elecciones. Una vez que llene su tarjeta, ll\u00e9vela con usted y cu\u00e9lguela en alg\u00fan lugar que le recuerde emitir su voto. <\/p>\n\n<p><mark><mark style=\"background-color:#7bdcb5\" class=\"has-inline-color\">[Si utilizas la herramienta del votante en l\u00ednea]<\/mark><\/mark><\/p>\n\n<p>\u00bfPuede todo el mundo sacar sus tel\u00e9fonos y dirigirse a <a href=\"https:\/\/voteearlyday.org\/es\/herramienta-para-el-votante\/\">voteearly.org\/voter-tool\/<\/a>? <mark><mark style=\"background-color:#fcb900\" class=\"has-inline-color has-vivid-green-cyan-color\">[Si es posible, escribe la URL en la pizarra con antelaci\u00f3n o muestra un c\u00f3digo QR].<\/mark><\/mark> Utiliza la herramienta del votante de esta p\u00e1gina para planificar cu\u00e1ndo, d\u00f3nde y c\u00f3mo votar antes del d\u00eda de las elecciones. Una vez que termine, le enviar\u00e1 un correo electr\u00f3nico con un recordatorio de su plan.<\/p>\n\n<p>Mientras rellenas esto&#8230;<\/p>\n\n<blockquote class=\"wp-block-quote is-layout-flow wp-block-quote-is-layout-flow\">\n<p><em>Mientras las personas hacen sus planes, \u00a1aseg\u00farese de mantener el espacio y mantenerlos comprometidos! Aqu\u00ed hay algunas maneras de mantener el impulso:<\/em><\/p>\n\n\n\n<p>\u2022 Responda cualquier pregunta que la gente tenga sobre las elecciones o c\u00f3mo emitir su voto<\/p>\n\n\n\n<p>\u2022 Pida a una persona que gu\u00ede a la audiencia a trav\u00e9s de su plan personal para votar<\/p>\n\n\n\n<p>\u2022 Hable sobre los cambios recientes en las leyes electorales de su estado<\/p>\n\n\n\n<p>\u2022 Pida a las personas que compartan sus razones personales para votar en esta elecci\u00f3n<\/p>\n\n\n\n<p>\u2022 H\u00e1galo interactivo: pida que levanten la mano cu\u00e1ntas personas votan en persona, por correo y cu\u00e1ntas a\u00fan no est\u00e1n seguras. <\/p>\n<\/blockquote>\n\n<p>\u00a1Impresionante, me encanta este entusiasmo por emitir su voto y hacer que se escuchen sus voces! \u00bfPueden todos mantener la celebraci\u00f3n del D\u00eda de la Votaci\u00f3n Anticipada comunic\u00e1ndose con tres amigos y ayud\u00e1ndolos a hacer sus planes para votar tambi\u00e9n?<\/p>\n","protected":false},"excerpt":{"rendered":"<p>Resumen: Es mucho m\u00e1s probable que las personas vayan a votar si alguien en quien conf\u00edan les recuerda. \u00a1Usted puede ser esa fuente confiable para su comunidad! En el D\u00eda&#8230; <\/p>\n<p><a class=\"moretag\" href=\"https:\/\/voteearlyday.org\/es\/caja-de-herramientas\/sin-animo-de-lucro\/discurso-de-reunion-sin-fines-de-lucro\/\"><span>Continue reading <i class=\"fas fa-long-arrow-alt-right\"><\/i><\/span><\/a><\/p>\n","protected":false},"author":5,"featured_media":0,"parent":8463,"menu_order":0,"comment_status":"closed","ping_status":"closed","template":"","meta":{"_acf_changed":false,"inline_featured_image":false,"footnotes":""},"class_list":["post-1784","page","type-page","status-publish","hentry"],"acf":[],"yoast_head":"<!-- This site is optimized with the Yoast SEO plugin v27.5 - https:\/\/yoast.com\/product\/yoast-seo-wordpress\/ -->\n<title>Discurso de reuni\u00f3n sin fines de lucro - Vote Early Day<\/title>\n<meta name=\"robots\" content=\"index, follow, max-snippet:-1, max-image-preview:large, max-video-preview:-1\" \/>\n<link rel=\"canonical\" href=\"https:\/\/voteearlyday.org\/es\/caja-de-herramientas\/sin-animo-de-lucro\/discurso-de-reunion-sin-fines-de-lucro\/\" \/>\n<meta property=\"og:locale\" content=\"es_ES\" \/>\n<meta property=\"og:type\" content=\"article\" \/>\n<meta property=\"og:title\" content=\"Discurso de reuni\u00f3n sin fines de lucro - Vote Early Day\" \/>\n<meta property=\"og:description\" content=\"Resumen: Es mucho m\u00e1s probable que las personas vayan a votar si alguien en quien conf\u00edan les recuerda. \u00a1Usted puede ser esa fuente confiable para su comunidad! En el D\u00eda... Continue reading\" \/>\n<meta property=\"og:url\" content=\"https:\/\/voteearlyday.org\/es\/caja-de-herramientas\/sin-animo-de-lucro\/discurso-de-reunion-sin-fines-de-lucro\/\" \/>\n<meta property=\"og:site_name\" content=\"Vote Early Day\" \/>\n<meta property=\"article:modified_time\" content=\"2026-05-08T07:32:12+00:00\" \/>\n<meta property=\"og:image\" content=\"https:\/\/voteearlyday.org\/wp-content\/uploads\/2023\/02\/ved-social-23.jpg\" \/>\n\t<meta property=\"og:image:width\" content=\"1430\" \/>\n\t<meta property=\"og:image:height\" content=\"825\" \/>\n\t<meta property=\"og:image:type\" content=\"image\/jpeg\" \/>\n<meta name=\"twitter:card\" content=\"summary_large_image\" \/>\n<meta name=\"twitter:label1\" content=\"Tiempo de lectura\" \/>\n\t<meta name=\"twitter:data1\" content=\"4 minutos\" \/>\n<script type=\"application\/ld+json\" class=\"yoast-schema-graph\">{\"@context\":\"https:\\\/\\\/schema.org\",\"@graph\":[{\"@type\":\"WebPage\",\"@id\":\"https:\\\/\\\/voteearlyday.org\\\/es\\\/caja-de-herramientas\\\/sin-animo-de-lucro\\\/discurso-de-reunion-sin-fines-de-lucro\\\/\",\"url\":\"https:\\\/\\\/voteearlyday.org\\\/es\\\/caja-de-herramientas\\\/sin-animo-de-lucro\\\/discurso-de-reunion-sin-fines-de-lucro\\\/\",\"name\":\"Discurso de reuni\u00f3n sin fines de lucro - Vote Early Day\",\"isPartOf\":{\"@id\":\"https:\\\/\\\/voteearlyday.org\\\/es\\\/#website\"},\"datePublished\":\"2022-05-06T19:51:39+00:00\",\"dateModified\":\"2026-05-08T07:32:12+00:00\",\"breadcrumb\":{\"@id\":\"https:\\\/\\\/voteearlyday.org\\\/es\\\/caja-de-herramientas\\\/sin-animo-de-lucro\\\/discurso-de-reunion-sin-fines-de-lucro\\\/#breadcrumb\"},\"inLanguage\":\"es\",\"potentialAction\":[{\"@type\":\"ReadAction\",\"target\":[\"https:\\\/\\\/voteearlyday.org\\\/es\\\/caja-de-herramientas\\\/sin-animo-de-lucro\\\/discurso-de-reunion-sin-fines-de-lucro\\\/\"]}]},{\"@type\":\"BreadcrumbList\",\"@id\":\"https:\\\/\\\/voteearlyday.org\\\/es\\\/caja-de-herramientas\\\/sin-animo-de-lucro\\\/discurso-de-reunion-sin-fines-de-lucro\\\/#breadcrumb\",\"itemListElement\":[{\"@type\":\"ListItem\",\"position\":1,\"name\":\"Home\",\"item\":\"https:\\\/\\\/voteearlyday.org\\\/es\\\/\"},{\"@type\":\"ListItem\",\"position\":2,\"name\":\"Caja de herramientas\",\"item\":\"https:\\\/\\\/voteearlyday.org\\\/es\\\/caja-de-herramientas\\\/\"},{\"@type\":\"ListItem\",\"position\":3,\"name\":\"Sin \u00e1nimo de lucro\",\"item\":\"https:\\\/\\\/voteearlyday.org\\\/es\\\/?page_id=8463\"},{\"@type\":\"ListItem\",\"position\":4,\"name\":\"Discurso de reuni\u00f3n sin fines de lucro\"}]},{\"@type\":\"WebSite\",\"@id\":\"https:\\\/\\\/voteearlyday.org\\\/es\\\/#website\",\"url\":\"https:\\\/\\\/voteearlyday.org\\\/es\\\/\",\"name\":\"Vote Early Day\",\"description\":\"Vote Early Day is a movement of nonprofits, businesses, election administrators, and creatives working to ensure all Americans know their options to vote early.\",\"publisher\":{\"@id\":\"https:\\\/\\\/voteearlyday.org\\\/es\\\/#organization\"},\"potentialAction\":[{\"@type\":\"SearchAction\",\"target\":{\"@type\":\"EntryPoint\",\"urlTemplate\":\"https:\\\/\\\/voteearlyday.org\\\/es\\\/?s={search_term_string}\"},\"query-input\":{\"@type\":\"PropertyValueSpecification\",\"valueRequired\":true,\"valueName\":\"search_term_string\"}}],\"inLanguage\":\"es\"},{\"@type\":\"Organization\",\"@id\":\"https:\\\/\\\/voteearlyday.org\\\/es\\\/#organization\",\"name\":\"Vote Early Day | October 28th\",\"url\":\"https:\\\/\\\/voteearlyday.org\\\/es\\\/\",\"logo\":{\"@type\":\"ImageObject\",\"inLanguage\":\"es\",\"@id\":\"https:\\\/\\\/voteearlyday.org\\\/es\\\/#\\\/schema\\\/logo\\\/image\\\/\",\"url\":\"http:\\\/\\\/voteearlyday.org\\\/wp-content\\\/uploads\\\/2023\\\/02\\\/ved-social-23.jpg\",\"contentUrl\":\"http:\\\/\\\/voteearlyday.org\\\/wp-content\\\/uploads\\\/2023\\\/02\\\/ved-social-23.jpg\",\"width\":1430,\"height\":825,\"caption\":\"Vote Early Day | October 28th\"},\"image\":{\"@id\":\"https:\\\/\\\/voteearlyday.org\\\/es\\\/#\\\/schema\\\/logo\\\/image\\\/\"}}]}<\/script>\n<!-- \/ Yoast SEO plugin. -->","yoast_head_json":{"title":"Discurso de reuni\u00f3n sin fines de lucro - Vote Early Day","robots":{"index":"index","follow":"follow","max-snippet":"max-snippet:-1","max-image-preview":"max-image-preview:large","max-video-preview":"max-video-preview:-1"},"canonical":"https:\/\/voteearlyday.org\/es\/caja-de-herramientas\/sin-animo-de-lucro\/discurso-de-reunion-sin-fines-de-lucro\/","og_locale":"es_ES","og_type":"article","og_title":"Discurso de reuni\u00f3n sin fines de lucro - Vote Early Day","og_description":"Resumen: Es mucho m\u00e1s probable que las personas vayan a votar si alguien en quien conf\u00edan les recuerda. \u00a1Usted puede ser esa fuente confiable para su comunidad! En el D\u00eda... Continue reading","og_url":"https:\/\/voteearlyday.org\/es\/caja-de-herramientas\/sin-animo-de-lucro\/discurso-de-reunion-sin-fines-de-lucro\/","og_site_name":"Vote Early Day","article_modified_time":"2026-05-08T07:32:12+00:00","og_image":[{"width":1430,"height":825,"url":"https:\/\/voteearlyday.org\/wp-content\/uploads\/2023\/02\/ved-social-23.jpg","type":"image\/jpeg"}],"twitter_card":"summary_large_image","twitter_misc":{"Tiempo de lectura":"4 minutos"},"schema":{"@context":"https:\/\/schema.org","@graph":[{"@type":"WebPage","@id":"https:\/\/voteearlyday.org\/es\/caja-de-herramientas\/sin-animo-de-lucro\/discurso-de-reunion-sin-fines-de-lucro\/","url":"https:\/\/voteearlyday.org\/es\/caja-de-herramientas\/sin-animo-de-lucro\/discurso-de-reunion-sin-fines-de-lucro\/","name":"Discurso de reuni\u00f3n sin fines de lucro - Vote Early Day","isPartOf":{"@id":"https:\/\/voteearlyday.org\/es\/#website"},"datePublished":"2022-05-06T19:51:39+00:00","dateModified":"2026-05-08T07:32:12+00:00","breadcrumb":{"@id":"https:\/\/voteearlyday.org\/es\/caja-de-herramientas\/sin-animo-de-lucro\/discurso-de-reunion-sin-fines-de-lucro\/#breadcrumb"},"inLanguage":"es","potentialAction":[{"@type":"ReadAction","target":["https:\/\/voteearlyday.org\/es\/caja-de-herramientas\/sin-animo-de-lucro\/discurso-de-reunion-sin-fines-de-lucro\/"]}]},{"@type":"BreadcrumbList","@id":"https:\/\/voteearlyday.org\/es\/caja-de-herramientas\/sin-animo-de-lucro\/discurso-de-reunion-sin-fines-de-lucro\/#breadcrumb","itemListElement":[{"@type":"ListItem","position":1,"name":"Home","item":"https:\/\/voteearlyday.org\/es\/"},{"@type":"ListItem","position":2,"name":"Caja de herramientas","item":"https:\/\/voteearlyday.org\/es\/caja-de-herramientas\/"},{"@type":"ListItem","position":3,"name":"Sin \u00e1nimo de lucro","item":"https:\/\/voteearlyday.org\/es\/?page_id=8463"},{"@type":"ListItem","position":4,"name":"Discurso de reuni\u00f3n sin fines de lucro"}]},{"@type":"WebSite","@id":"https:\/\/voteearlyday.org\/es\/#website","url":"https:\/\/voteearlyday.org\/es\/","name":"Vote Early Day","description":"Vote Early Day is a movement of nonprofits, businesses, election administrators, and creatives working to ensure all Americans know their options to vote early.","publisher":{"@id":"https:\/\/voteearlyday.org\/es\/#organization"},"potentialAction":[{"@type":"SearchAction","target":{"@type":"EntryPoint","urlTemplate":"https:\/\/voteearlyday.org\/es\/?s={search_term_string}"},"query-input":{"@type":"PropertyValueSpecification","valueRequired":true,"valueName":"search_term_string"}}],"inLanguage":"es"},{"@type":"Organization","@id":"https:\/\/voteearlyday.org\/es\/#organization","name":"Vote Early Day | October 28th","url":"https:\/\/voteearlyday.org\/es\/","logo":{"@type":"ImageObject","inLanguage":"es","@id":"https:\/\/voteearlyday.org\/es\/#\/schema\/logo\/image\/","url":"http:\/\/voteearlyday.org\/wp-content\/uploads\/2023\/02\/ved-social-23.jpg","contentUrl":"http:\/\/voteearlyday.org\/wp-content\/uploads\/2023\/02\/ved-social-23.jpg","width":1430,"height":825,"caption":"Vote Early Day | October 28th"},"image":{"@id":"https:\/\/voteearlyday.org\/es\/#\/schema\/logo\/image\/"}}]}},"_links":{"self":[{"href":"https:\/\/voteearlyday.org\/es\/wp-json\/wp\/v2\/pages\/1784","targetHints":{"allow":["GET"]}}],"collection":[{"href":"https:\/\/voteearlyday.org\/es\/wp-json\/wp\/v2\/pages"}],"about":[{"href":"https:\/\/voteearlyday.org\/es\/wp-json\/wp\/v2\/types\/page"}],"author":[{"embeddable":true,"href":"https:\/\/voteearlyday.org\/es\/wp-json\/wp\/v2\/users\/5"}],"replies":[{"embeddable":true,"href":"https:\/\/voteearlyday.org\/es\/wp-json\/wp\/v2\/comments?post=1784"}],"version-history":[{"count":0,"href":"https:\/\/voteearlyday.org\/es\/wp-json\/wp\/v2\/pages\/1784\/revisions"}],"up":[{"embeddable":true,"href":"https:\/\/voteearlyday.org\/es\/wp-json\/wp\/v2\/pages\/8463"}],"wp:attachment":[{"href":"https:\/\/voteearlyday.org\/es\/wp-json\/wp\/v2\/media?parent=1784"}],"curies":[{"name":"wp","href":"https:\/\/api.w.org\/{rel}","templated":true}]}}