{"id":1789,"date":"2022-06-06T02:45:27","date_gmt":"2022-06-06T06:45:27","guid":{"rendered":"https:\/\/voteearlyday.org\/caja-de-herramientas\/soporte-para-socios\/"},"modified":"2026-01-15T10:55:45","modified_gmt":"2026-01-15T15:55:45","slug":"soporte-para-socios","status":"publish","type":"page","link":"https:\/\/voteearlyday.org\/es\/caja-de-herramientas\/soporte-para-socios\/","title":{"rendered":"Soporte para socios"},"content":{"rendered":"\n<h1 class=\"wp-block-heading\">Horas de oficina<\/h1>\n\n<h1 class=\"wp-block-heading\">Talleres<\/h1>\n\n<p><\/p>\n\n<p><strong>8 de septiembre de 2025: Planificar Actos de Captaci\u00f3n de Votantes con Tiempo y Recursos Limitados  <\/strong><\/p>\n\n<p>Movilizar a tu comunidad para que se registre, se eduque y acuda a votar puede ser mucho trabajo, y sabemos que no todos nuestros socios disponen de mucho tiempo y financiaci\u00f3n para organizar actos extravagantes. La Semana Nacional de la Educaci\u00f3n de los Votantes y el D\u00eda del Voto Anticipado se han unido para ofrecerte una sesi\u00f3n de formaci\u00f3n que ayudar\u00e1 a los equipos con capacidad y recursos limitados a planificar y ejecutar activaciones eficaces para las Fiestas C\u00edvicas. Aprende a establecer objetivos claros y a identificar a tu p\u00fablico objetivo, d\u00f3nde puedes acceder a apoyo en especie y c\u00f3mo crear capacidad mediante asociaciones y la captaci\u00f3n de voluntarios. Tambi\u00e9n compartiremos nuestras recomendaciones para utilizar recursos y herramientas gratuitos, as\u00ed como ideas de activaci\u00f3n replicables que pueden adaptarse a las necesidades \u00fanicas de tu comunidad. Perfecta para equipos peque\u00f1os y organizaciones dirigidas por voluntarios, esta sesi\u00f3n te dotar\u00e1 de herramientas, estrategias e ideas creativas para lograr un gran impacto.    <\/p>\n\n<p><a href=\"https:\/\/secure.everyaction.com\/FfD6UbX4p0GKIYxZvn4dJg2\">Inscr\u00edbete aqu\u00ed en nuestro taller<\/a>, que tendr\u00e1 lugar de 13:00 a 14:00 h ET el 8 de septiembre.<\/p>\n\n<p><strong>10 de septiembre de 2025: Trabajar con los medios de comunicaci\u00f3n y aprovechar las redes sociales<\/strong><\/p>\n\n<p>Aprovechar los medios de comunicaci\u00f3n locales y las redes sociales puede aumentar dr\u00e1sticamente la visibilidad y el impacto de tu evento. La Semana Nacional de la Educaci\u00f3n de los Votantes, el D\u00eda del Voto Anticipado y el D\u00eda del H\u00e9roe Electoral se unir\u00e1n en un taller interactivo que te ense\u00f1ar\u00e1 a llegar a los medios de comunicaci\u00f3n tradicionales, a elaborar comunicados de prensa que llamen la atenci\u00f3n y a utilizar eficazmente tu red de medios sociales para promocionar tus celebraciones de compromiso c\u00edvico. Hablaremos de estrategias pr\u00e1cticas que puedes utilizar para amplificar tu voz, y de recursos que puedes utilizar para llegar a tu comunidad.    <\/p>\n\n<p><a href=\"https:\/\/us06web.zoom.us\/meeting\/register\/_gx5dENjS8ijvbp6yzRWsQ\">Inscr\u00edbete aqu\u00ed en nuestro taller<\/a>, que se celebrar\u00e1 de 14:00 a 15:00 el 10 de septiembre.<\/p>\n\n<p><strong>30 de septiembre de 2025: Voto Anticipado D\u00eda 101<\/strong><\/p>\n\n<p>Este a\u00f1o, los socios del D\u00eda del Voto Anticipado organizar\u00e1n acciones presenciales y en l\u00ednea para animar a sus amigos o vecinos a votar anticipadamente en todo el pa\u00eds. Esperamos que te unas a nuestro taller de septiembre para aprender las mejores pr\u00e1cticas y acceder a herramientas incre\u00edbles que ayuden a tu organizaci\u00f3n a crear una celebraci\u00f3n atractiva e impactante este oto\u00f1o.<\/p>\n\n<p><a href=\"https:\/\/us06web.zoom.us\/meeting\/register\/ZvX9BxB2QnS1whVIGwwo-Q\">Inscr\u00edbete aqu\u00ed en nuestro taller de septiembre<\/a>, que se celebrar\u00e1 de 15:00 a 16:00 ET el 30 de septiembre.<\/p>\n\n<hr class=\"wp-block-separator has-alpha-channel-opacity is-style-default\"\/>\n\n<h1 class=\"wp-block-heading\">Grabaciones<\/h1>\n\n<p><em>Haga clic en los t\u00edtulos para ver los seminarios anteriores.<\/em><\/p>\n\n<ul class=\"wp-block-list\">\n<li><strong><mark style=\"background-color:rgba(0, 0, 0, 0)\" class=\"has-inline-color has-vivid-green-cyan-color\">MARTES, 23\/7\/24 @ 2pm EST <\/mark>|<\/strong> <a href=\"https:\/\/drive.google.com\/file\/d\/19apYHOzR3IryvxSJ67DW3JcVjr9rRslV\/view?usp=sharing\">Vota Temprano D\u00eda 101<\/a><\/li>\n\n\n\n<li><mark style=\"background-color:rgba(0, 0, 0, 0)\" class=\"has-inline-color has-vivid-green-cyan-color\"><strong>VI, 13\/10\/23 @ 13:30 h EST<\/strong><\/mark> <mark style=\"background-color:rgba(0, 0, 0, 0)\" class=\"has-inline-color has-black-color\"><strong>| <\/strong><a href=\"https:\/\/drive.google.com\/file\/d\/13ZidgUkE6rEq06ty2tKnjUSsuh3tyU9p\/view?usp=sharing\">Reclutar participantes para tu evento<\/a><\/mark><\/li>\n\n\n\n<li><strong><mark style=\"background-color:rgba(0, 0, 0, 0)\" class=\"has-inline-color has-vivid-green-cyan-color\">MARTES, 10\/3\/23 @ 2pm EST <\/mark><mark style=\"background-color:rgba(0, 0, 0, 0)\" class=\"has-inline-color has-black-color\">|<\/mark><\/strong> <a href=\"https:\/\/drive.google.com\/file\/d\/1gPAWwx-pnZYE6KXIA5PxpdAEukuWeM2w\/view?usp=sharing\">Panel de mejores pr\u00e1cticas de los socios comunitarios<\/a><\/li>\n\n\n\n<li><strong><mark style=\"background-color:rgba(0, 0, 0, 0)\" class=\"has-inline-color has-vivid-green-cyan-color\">MARTES, 9\/26\/23 @ 2pm EST<\/mark> |<\/strong> <a href=\"https:\/\/drive.google.com\/file\/d\/13t8ylw4L5lMT5j4lJWMZpC-erZp8QZXz\/view?usp=sharing\">Construir una narrativa y atraer a la prensa<\/a><\/li>\n\n\n\n<li><strong><mark style=\"background-color:rgba(0, 0, 0, 0)\" class=\"has-inline-color has-vivid-green-cyan-color\">JUEVES, 8\/31\/23 @ 3pm EST <\/mark>|<\/strong> <a href=\"https:\/\/us06web.zoom.us\/rec\/share\/9zgMqp3-hkLm_wTbMeDzJguG1Vo-N5UJSfhZGOxLCRBk1U3kxK9v37QHlk1oUD6X.WsbcOHyw0-pn3kP0?startTime=1693505296000%20Passcode:%20sVA9fCU%24\">Votaci\u00f3n anticipada 101<\/a><\/li>\n\n\n\n<li><strong><mark style=\"background-color:rgba(0, 0, 0, 0)\" class=\"has-inline-color has-vivid-green-cyan-color\">MARTES, 19\/7\/22 @ 6pm EST | Introducci\u00f3n al Voto Anticipado<\/mark><\/strong> <a href=\"https:\/\/us06web.zoom.us\/rec\/share\/hhqYl26SkExH2h3nFCTGvIDilXWu5xf4SFJ8ceQe9k-DUtpGkbr-qT8yHzT5oIB-.e7QXDnEtdUUZQpE5\">Introducci\u00f3n al Voto Anticipado<\/a><\/li>\n\n\n\n<li><strong><mark><mark style=\"background-color:#ffffff\" class=\"has-inline-color has-vivid-green-cyan-color\">JUEVES, 8\/4\/22 @ 3pm EST |<\/mark><\/mark><\/strong> <a href=\"https:\/\/us06web.zoom.us\/rec\/share\/Asj-dxzGDA02BWJBh2sQaAiJic4rQ_QhHI902nkQdV7WTV7aZokpqKF6y_nlcaHr.f443gUOU14Hm0YAo\">Buenas pr\u00e1cticas: Triplicaci\u00f3n del voto en los colegios electorales<\/a><\/li>\n\n\n\n<li><strong><mark><mark style=\"background-color:#ffffff\" class=\"has-inline-color has-vivid-green-cyan-color\">MARTES, 8\/9\/22 @ 8pm EST |<\/mark><\/mark><\/strong> <a href=\"https:\/\/us06web.zoom.us\/rec\/play\/OX3t50Zm7DAcQR-Ih1OSt2cvuePvJ4AER2EraOFeqb_O1DJn2oD2YheHbAnJcly4qEi1o9-URPRz9iKN.WrQecj4sgaowi99F?continueMode=true\">Planificar tu activaci\u00f3n n\u00ba 1 &#8211; <em>Construir tu plan<\/em><\/a><\/li>\n\n\n\n<li><strong><mark><mark style=\"background-color:#ffffff\" class=\"has-inline-color has-vivid-green-cyan-color\">LUN, 29\/8\/22 @ 17:00 h EST |<\/mark><\/mark><\/strong> <a href=\"https:\/\/us06web.zoom.us\/rec\/share\/9O7nrariYy3iFew035WQ36OT4Lvv5DgUeUeZpB6zsQdfx8kN88WFmX-kJaxPSf6W.9jY8D0hQ6UrSOBhj\">Buenas pr\u00e1cticas: Activaciones empresariales<\/a><\/li>\n\n\n\n<li><strong><mark><mark style=\"background-color:#ffffff\" class=\"has-inline-color has-vivid-green-cyan-color\">JUEVES, 17\/11\/22 @ 17:30 EST |<\/mark><\/mark><\/strong> <a href=\"https:\/\/drive.google.com\/file\/d\/1S5ff1WGgoKLF7-0LN_Gv0bTFeKZpeFMq\/view\">Recapitulaci\u00f3n y Comentarios 2022<\/a><\/li>\n<\/ul>\n\n<div style=\"height:36px\" aria-hidden=\"true\" class=\"wp-block-spacer\"><\/div>\n","protected":false},"excerpt":{"rendered":"<p>Horas de oficina Talleres 8 de septiembre de 2025: Planificar Actos de Captaci\u00f3n de Votantes con Tiempo y Recursos Limitados Movilizar a tu comunidad para que se registre, se eduque&#8230; <\/p>\n<p><a class=\"moretag\" href=\"https:\/\/voteearlyday.org\/es\/caja-de-herramientas\/soporte-para-socios\/\"><span>Continue reading <i class=\"fas fa-long-arrow-alt-right\"><\/i><\/span><\/a><\/p>\n","protected":false},"author":2,"featured_media":1687,"parent":1731,"menu_order":0,"comment_status":"closed","ping_status":"closed","template":"templates\/template-toolkit-child.php","meta":{"_acf_changed":false,"inline_featured_image":false,"footnotes":""},"class_list":["post-1789","page","type-page","status-publish","has-post-thumbnail","hentry"],"acf":[],"yoast_head":"<!-- This site is optimized with the Yoast SEO plugin v27.4 - https:\/\/yoast.com\/product\/yoast-seo-wordpress\/ -->\n<title>Soporte para socios - Vote Early Day<\/title>\n<meta name=\"robots\" content=\"index, follow, max-snippet:-1, max-image-preview:large, max-video-preview:-1\" \/>\n<link rel=\"canonical\" href=\"https:\/\/voteearlyday.org\/es\/caja-de-herramientas\/soporte-para-socios\/\" \/>\n<meta property=\"og:locale\" content=\"es_ES\" \/>\n<meta property=\"og:type\" content=\"article\" \/>\n<meta property=\"og:title\" content=\"Soporte para socios - Vote Early Day\" \/>\n<meta property=\"og:description\" content=\"Horas de oficina Talleres 8 de septiembre de 2025: Planificar Actos de Captaci\u00f3n de Votantes con Tiempo y Recursos Limitados Movilizar a tu comunidad para que se registre, se eduque... Continue reading\" \/>\n<meta property=\"og:url\" content=\"https:\/\/voteearlyday.org\/es\/caja-de-herramientas\/soporte-para-socios\/\" \/>\n<meta property=\"og:site_name\" content=\"Vote Early Day\" \/>\n<meta property=\"article:modified_time\" content=\"2026-01-15T15:55:45+00:00\" \/>\n<meta property=\"og:image\" content=\"https:\/\/voteearlyday.org\/wp-content\/uploads\/2022\/06\/VED_PartnerTile-PartnerSupport-01.png\" \/>\n\t<meta property=\"og:image:width\" content=\"1200\" \/>\n\t<meta property=\"og:image:height\" content=\"1200\" \/>\n\t<meta property=\"og:image:type\" content=\"image\/png\" \/>\n<meta name=\"twitter:card\" content=\"summary_large_image\" \/>\n<meta name=\"twitter:label1\" content=\"Tiempo de lectura\" \/>\n\t<meta name=\"twitter:data1\" content=\"2 minutos\" \/>\n<script type=\"application\/ld+json\" class=\"yoast-schema-graph\">{\"@context\":\"https:\\\/\\\/schema.org\",\"@graph\":[{\"@type\":\"WebPage\",\"@id\":\"https:\\\/\\\/voteearlyday.org\\\/es\\\/caja-de-herramientas\\\/soporte-para-socios\\\/\",\"url\":\"https:\\\/\\\/voteearlyday.org\\\/es\\\/caja-de-herramientas\\\/soporte-para-socios\\\/\",\"name\":\"Soporte para socios - Vote Early Day\",\"isPartOf\":{\"@id\":\"https:\\\/\\\/voteearlyday.org\\\/es\\\/#website\"},\"primaryImageOfPage\":{\"@id\":\"https:\\\/\\\/voteearlyday.org\\\/es\\\/caja-de-herramientas\\\/soporte-para-socios\\\/#primaryimage\"},\"image\":{\"@id\":\"https:\\\/\\\/voteearlyday.org\\\/es\\\/caja-de-herramientas\\\/soporte-para-socios\\\/#primaryimage\"},\"thumbnailUrl\":\"https:\\\/\\\/voteearlyday.org\\\/wp-content\\\/uploads\\\/2022\\\/06\\\/VED_PartnerTile-PartnerSupport-01.png\",\"datePublished\":\"2022-06-06T06:45:27+00:00\",\"dateModified\":\"2026-01-15T15:55:45+00:00\",\"breadcrumb\":{\"@id\":\"https:\\\/\\\/voteearlyday.org\\\/es\\\/caja-de-herramientas\\\/soporte-para-socios\\\/#breadcrumb\"},\"inLanguage\":\"es\",\"potentialAction\":[{\"@type\":\"ReadAction\",\"target\":[\"https:\\\/\\\/voteearlyday.org\\\/es\\\/caja-de-herramientas\\\/soporte-para-socios\\\/\"]}]},{\"@type\":\"ImageObject\",\"inLanguage\":\"es\",\"@id\":\"https:\\\/\\\/voteearlyday.org\\\/es\\\/caja-de-herramientas\\\/soporte-para-socios\\\/#primaryimage\",\"url\":\"https:\\\/\\\/voteearlyday.org\\\/wp-content\\\/uploads\\\/2022\\\/06\\\/VED_PartnerTile-PartnerSupport-01.png\",\"contentUrl\":\"https:\\\/\\\/voteearlyday.org\\\/wp-content\\\/uploads\\\/2022\\\/06\\\/VED_PartnerTile-PartnerSupport-01.png\",\"width\":1200,\"height\":1200},{\"@type\":\"BreadcrumbList\",\"@id\":\"https:\\\/\\\/voteearlyday.org\\\/es\\\/caja-de-herramientas\\\/soporte-para-socios\\\/#breadcrumb\",\"itemListElement\":[{\"@type\":\"ListItem\",\"position\":1,\"name\":\"Home\",\"item\":\"https:\\\/\\\/voteearlyday.org\\\/es\\\/el-dia-de-votacion-anticipada-es-el-28-de-octubre-de-2022\\\/\"},{\"@type\":\"ListItem\",\"position\":2,\"name\":\"Caja de herramientas\",\"item\":\"https:\\\/\\\/voteearlyday.org\\\/es\\\/caja-de-herramientas\\\/\"},{\"@type\":\"ListItem\",\"position\":3,\"name\":\"Soporte para socios\"}]},{\"@type\":\"WebSite\",\"@id\":\"https:\\\/\\\/voteearlyday.org\\\/es\\\/#website\",\"url\":\"https:\\\/\\\/voteearlyday.org\\\/es\\\/\",\"name\":\"Vote Early Day\",\"description\":\"Vote Early Day is a movement of nonprofits, businesses, election administrators, and creatives working to ensure all Americans know their options to vote early.\",\"publisher\":{\"@id\":\"https:\\\/\\\/voteearlyday.org\\\/es\\\/#organization\"},\"potentialAction\":[{\"@type\":\"SearchAction\",\"target\":{\"@type\":\"EntryPoint\",\"urlTemplate\":\"https:\\\/\\\/voteearlyday.org\\\/es\\\/?s={search_term_string}\"},\"query-input\":{\"@type\":\"PropertyValueSpecification\",\"valueRequired\":true,\"valueName\":\"search_term_string\"}}],\"inLanguage\":\"es\"},{\"@type\":\"Organization\",\"@id\":\"https:\\\/\\\/voteearlyday.org\\\/es\\\/#organization\",\"name\":\"Vote Early Day | October 28th\",\"url\":\"https:\\\/\\\/voteearlyday.org\\\/es\\\/\",\"logo\":{\"@type\":\"ImageObject\",\"inLanguage\":\"es\",\"@id\":\"https:\\\/\\\/voteearlyday.org\\\/es\\\/#\\\/schema\\\/logo\\\/image\\\/\",\"url\":\"http:\\\/\\\/voteearlyday.org\\\/wp-content\\\/uploads\\\/2023\\\/02\\\/ved-social-23.jpg\",\"contentUrl\":\"http:\\\/\\\/voteearlyday.org\\\/wp-content\\\/uploads\\\/2023\\\/02\\\/ved-social-23.jpg\",\"width\":1430,\"height\":825,\"caption\":\"Vote Early Day | October 28th\"},\"image\":{\"@id\":\"https:\\\/\\\/voteearlyday.org\\\/es\\\/#\\\/schema\\\/logo\\\/image\\\/\"}}]}<\/script>\n<!-- \/ Yoast SEO plugin. -->","yoast_head_json":{"title":"Soporte para socios - Vote Early Day","robots":{"index":"index","follow":"follow","max-snippet":"max-snippet:-1","max-image-preview":"max-image-preview:large","max-video-preview":"max-video-preview:-1"},"canonical":"https:\/\/voteearlyday.org\/es\/caja-de-herramientas\/soporte-para-socios\/","og_locale":"es_ES","og_type":"article","og_title":"Soporte para socios - Vote Early Day","og_description":"Horas de oficina Talleres 8 de septiembre de 2025: Planificar Actos de Captaci\u00f3n de Votantes con Tiempo y Recursos Limitados Movilizar a tu comunidad para que se registre, se eduque... Continue reading","og_url":"https:\/\/voteearlyday.org\/es\/caja-de-herramientas\/soporte-para-socios\/","og_site_name":"Vote Early Day","article_modified_time":"2026-01-15T15:55:45+00:00","og_image":[{"width":1200,"height":1200,"url":"https:\/\/voteearlyday.org\/wp-content\/uploads\/2022\/06\/VED_PartnerTile-PartnerSupport-01.png","type":"image\/png"}],"twitter_card":"summary_large_image","twitter_misc":{"Tiempo de lectura":"2 minutos"},"schema":{"@context":"https:\/\/schema.org","@graph":[{"@type":"WebPage","@id":"https:\/\/voteearlyday.org\/es\/caja-de-herramientas\/soporte-para-socios\/","url":"https:\/\/voteearlyday.org\/es\/caja-de-herramientas\/soporte-para-socios\/","name":"Soporte para socios - Vote Early Day","isPartOf":{"@id":"https:\/\/voteearlyday.org\/es\/#website"},"primaryImageOfPage":{"@id":"https:\/\/voteearlyday.org\/es\/caja-de-herramientas\/soporte-para-socios\/#primaryimage"},"image":{"@id":"https:\/\/voteearlyday.org\/es\/caja-de-herramientas\/soporte-para-socios\/#primaryimage"},"thumbnailUrl":"https:\/\/voteearlyday.org\/wp-content\/uploads\/2022\/06\/VED_PartnerTile-PartnerSupport-01.png","datePublished":"2022-06-06T06:45:27+00:00","dateModified":"2026-01-15T15:55:45+00:00","breadcrumb":{"@id":"https:\/\/voteearlyday.org\/es\/caja-de-herramientas\/soporte-para-socios\/#breadcrumb"},"inLanguage":"es","potentialAction":[{"@type":"ReadAction","target":["https:\/\/voteearlyday.org\/es\/caja-de-herramientas\/soporte-para-socios\/"]}]},{"@type":"ImageObject","inLanguage":"es","@id":"https:\/\/voteearlyday.org\/es\/caja-de-herramientas\/soporte-para-socios\/#primaryimage","url":"https:\/\/voteearlyday.org\/wp-content\/uploads\/2022\/06\/VED_PartnerTile-PartnerSupport-01.png","contentUrl":"https:\/\/voteearlyday.org\/wp-content\/uploads\/2022\/06\/VED_PartnerTile-PartnerSupport-01.png","width":1200,"height":1200},{"@type":"BreadcrumbList","@id":"https:\/\/voteearlyday.org\/es\/caja-de-herramientas\/soporte-para-socios\/#breadcrumb","itemListElement":[{"@type":"ListItem","position":1,"name":"Home","item":"https:\/\/voteearlyday.org\/es\/el-dia-de-votacion-anticipada-es-el-28-de-octubre-de-2022\/"},{"@type":"ListItem","position":2,"name":"Caja de herramientas","item":"https:\/\/voteearlyday.org\/es\/caja-de-herramientas\/"},{"@type":"ListItem","position":3,"name":"Soporte para socios"}]},{"@type":"WebSite","@id":"https:\/\/voteearlyday.org\/es\/#website","url":"https:\/\/voteearlyday.org\/es\/","name":"Vote Early Day","description":"Vote Early Day is a movement of nonprofits, businesses, election administrators, and creatives working to ensure all Americans know their options to vote early.","publisher":{"@id":"https:\/\/voteearlyday.org\/es\/#organization"},"potentialAction":[{"@type":"SearchAction","target":{"@type":"EntryPoint","urlTemplate":"https:\/\/voteearlyday.org\/es\/?s={search_term_string}"},"query-input":{"@type":"PropertyValueSpecification","valueRequired":true,"valueName":"search_term_string"}}],"inLanguage":"es"},{"@type":"Organization","@id":"https:\/\/voteearlyday.org\/es\/#organization","name":"Vote Early Day | October 28th","url":"https:\/\/voteearlyday.org\/es\/","logo":{"@type":"ImageObject","inLanguage":"es","@id":"https:\/\/voteearlyday.org\/es\/#\/schema\/logo\/image\/","url":"http:\/\/voteearlyday.org\/wp-content\/uploads\/2023\/02\/ved-social-23.jpg","contentUrl":"http:\/\/voteearlyday.org\/wp-content\/uploads\/2023\/02\/ved-social-23.jpg","width":1430,"height":825,"caption":"Vote Early Day | October 28th"},"image":{"@id":"https:\/\/voteearlyday.org\/es\/#\/schema\/logo\/image\/"}}]}},"_links":{"self":[{"href":"https:\/\/voteearlyday.org\/es\/wp-json\/wp\/v2\/pages\/1789","targetHints":{"allow":["GET"]}}],"collection":[{"href":"https:\/\/voteearlyday.org\/es\/wp-json\/wp\/v2\/pages"}],"about":[{"href":"https:\/\/voteearlyday.org\/es\/wp-json\/wp\/v2\/types\/page"}],"author":[{"embeddable":true,"href":"https:\/\/voteearlyday.org\/es\/wp-json\/wp\/v2\/users\/2"}],"replies":[{"embeddable":true,"href":"https:\/\/voteearlyday.org\/es\/wp-json\/wp\/v2\/comments?post=1789"}],"version-history":[{"count":0,"href":"https:\/\/voteearlyday.org\/es\/wp-json\/wp\/v2\/pages\/1789\/revisions"}],"up":[{"embeddable":true,"href":"https:\/\/voteearlyday.org\/es\/wp-json\/wp\/v2\/pages\/1731"}],"wp:featuredmedia":[{"embeddable":true,"href":"https:\/\/voteearlyday.org\/es\/wp-json\/wp\/v2\/media\/1687"}],"wp:attachment":[{"href":"https:\/\/voteearlyday.org\/es\/wp-json\/wp\/v2\/media?parent=1789"}],"curies":[{"name":"wp","href":"https:\/\/api.w.org\/{rel}","templated":true}]}}