{"id":1793,"date":"2022-06-08T12:42:39","date_gmt":"2022-06-08T16:42:39","guid":{"rendered":"https:\/\/voteearlyday.org\/caja-de-herramientas\/negocio\/reclutamiento-de-socios-comerciales-para-la-activacion\/"},"modified":"2024-12-17T18:48:13","modified_gmt":"2024-12-17T23:48:13","slug":"reclutamiento-de-socios-comerciales-para-la-activacion","status":"publish","type":"page","link":"https:\/\/voteearlyday.org\/es\/caja-de-herramientas\/negocio-2\/reclutamiento-de-socios-comerciales-para-la-activacion\/","title":{"rendered":"Reclutamiento de socios comerciales para la activaci\u00f3n"},"content":{"rendered":"\n<p><em>Audiencia: grupos comunitarios, organizaciones sin fines de lucro y beneficiarios, empresas y proveedores, y otras organizaciones en su comunidad que podr\u00edan ayudar a organizar su activaci\u00f3n<\/em><\/p>\n\n<hr class=\"wp-block-separator has-css-opacity\"\/>\n\n<p><em>A medida que desarrolla su activaci\u00f3n, traiga organizaciones asociadas de su comunidad para expandir su alcance. Use este correo electr\u00f3nico de reclutamiento para presentar sus planes para el D\u00eda de la Votaci\u00f3n Anticipada y comience un di\u00e1logo para colaboraci\u00f3n y\/o amplificaci\u00f3n. <\/em><\/p>\n\n<p><strong><em>Asunto:<\/em><\/strong> <em>\u00a1As\u00f3ciese con [ <mark style=\"background-color:#fcb900\" class=\"has-inline-color\">Negocio<\/mark> ] para celebrar el d\u00eda de la votaci\u00f3n anticipada!<\/em><\/p>\n\n<p>Hola [ <mark style=\"background-color:#fcb900\" class=\"has-inline-color\">Nombre<\/mark> ], <\/p>\n\n<p>Me dirijo a<mark style=\"background-color:#fcb900\" class=\"has-inline-color\">[Nombre de la organizaci\u00f3n<\/mark>] para pedirle que se una a<mark style=\"background-color:#fcb900\" class=\"has-inline-color\">[Empresa<\/mark>] en la celebraci\u00f3n del D\u00eda del Voto Anticipado de este a\u00f1o.<\/p>\n\n<p>Vote Early Day es un feriado c\u00edvico iniciado por empresas de medios, organizaciones sin fines de lucro, plataformas tecnol\u00f3gicas, administradores electorales, personas influyentes y empresas para brindarles a los votantes las herramientas y el conocimiento que necesitan para emitir su voto temprano de una manera divertida y atractiva. A trav\u00e9s de este d\u00eda de acci\u00f3n taquillero, organizaciones de todo el pa\u00eds se est\u00e1n uniendo para ayudar a los estadounidenses a votar temprano y celebrar nuestra democracia.<\/p>\n\n<p>Votar temprano asegura que los problemas de \u00faltimo minuto, las largas filas en las urnas, la desinformaci\u00f3n de los votantes y las leyes electorales confusas no puedan impedir que los estadounidenses emitan su voto. Millones de estadounidenses tienen opciones para votar antes del d\u00eda de las elecciones por correo o en persona, y estamos encantados de organizar un acto para ayudar a garantizar que la gente de nuestra comunidad disponga de las herramientas necesarias para emitir su voto anticipadamente.<\/p>\n\n<p>Este a\u00f1o, el D\u00eda del Voto Anticipado est\u00e1 previsto para el 28 de octubre, el martes anterior a Halloween.<mark style=\"background-color:#fcb900\" class=\"has-inline-color\">[Empresa<\/mark>] se une al movimiento para celebrar el D\u00eda del Voto Anticipado porque<mark style=\"background-color:#fcb900\" class=\"has-inline-color\">[inserta tu raz\u00f3n<\/mark>], y nos encantar\u00eda que te unieras a nosotros. Nuestro plan es [ <mark style=\"background-color:#fcb900\" class=\"has-inline-color\">insertar plan de activaci\u00f3n<\/mark> ]. Creemos que encajar\u00edas perfectamente si ayudaras con [la <mark style=\"background-color:#fcb900\" class=\"has-inline-color\">mejor forma de ayudar<\/mark> ].<\/p>\n\n<p>Celebrar el D\u00eda de la Votaci\u00f3n Anticipada le dar\u00eda a [ <mark style=\"background-color:#fcb900\" class=\"has-inline-color\">Nombre de la organizaci\u00f3n<\/mark> ] la oportunidad de [ <mark style=\"background-color:#fcb900\" class=\"has-inline-color\">c\u00f3mo se beneficiar\u00edan de la celebraci\u00f3n y contribuir\u00edan a la comunidad<\/mark> ].<\/p>\n\n<blockquote class=\"wp-block-quote is-layout-flow wp-block-quote-is-layout-flow\">\n<p><strong>Ejemplo: <\/strong><\/p>\n\n\n\n<p><em>Celebrar el D\u00eda de la Votaci\u00f3n Temprana le dar\u00eda a la YMCA de Smithville la oportunidad de empoderar a los votantes de Smithville, expandir su alcance en la comunidad y ser parte de una celebraci\u00f3n a nivel nacional. <\/em><\/p>\n<\/blockquote>\n\n<p>Me pondr\u00e9 en contacto contigo por tel\u00e9fono pronto para hablar m\u00e1s sobre c\u00f3mo podr\u00eda ser nuestra colaboraci\u00f3n. Mientras tanto, no dude en comunicarse si tiene alguna pregunta.<\/p>\n\n<p>Mis mejores deseos, <\/p>\n\n<p>[ <mark style=\"background-color:#fcb900\" class=\"has-inline-color\">Nombre del remitente<\/mark> ]<\/p>\n","protected":false},"excerpt":{"rendered":"<p>Audiencia: grupos comunitarios, organizaciones sin fines de lucro y beneficiarios, empresas y proveedores, y otras organizaciones en su comunidad que podr\u00edan ayudar a organizar su activaci\u00f3n A medida que desarrolla&#8230; <\/p>\n<p><a class=\"moretag\" href=\"https:\/\/voteearlyday.org\/es\/caja-de-herramientas\/negocio-2\/reclutamiento-de-socios-comerciales-para-la-activacion\/\"><span>Continue reading <i class=\"fas fa-long-arrow-alt-right\"><\/i><\/span><\/a><\/p>\n","protected":false},"author":5,"featured_media":0,"parent":8458,"menu_order":0,"comment_status":"closed","ping_status":"closed","template":"","meta":{"_acf_changed":false,"inline_featured_image":false,"footnotes":""},"class_list":["post-1793","page","type-page","status-publish","hentry"],"acf":[],"yoast_head":"<!-- This site is optimized with the Yoast SEO plugin v27.3 - https:\/\/yoast.com\/product\/yoast-seo-wordpress\/ -->\n<title>Reclutamiento de socios comerciales para la activaci\u00f3n - Vote Early Day<\/title>\n<meta name=\"robots\" content=\"index, follow, max-snippet:-1, max-image-preview:large, max-video-preview:-1\" \/>\n<link rel=\"canonical\" href=\"https:\/\/voteearlyday.org\/es\/caja-de-herramientas\/negocio-2\/reclutamiento-de-socios-comerciales-para-la-activacion\/\" \/>\n<meta property=\"og:locale\" content=\"es_ES\" \/>\n<meta property=\"og:type\" content=\"article\" \/>\n<meta property=\"og:title\" content=\"Reclutamiento de socios comerciales para la activaci\u00f3n - Vote Early Day\" \/>\n<meta property=\"og:description\" content=\"Audiencia: grupos comunitarios, organizaciones sin fines de lucro y beneficiarios, empresas y proveedores, y otras organizaciones en su comunidad que podr\u00edan ayudar a organizar su activaci\u00f3n A medida que desarrolla... Continue reading\" \/>\n<meta property=\"og:url\" content=\"https:\/\/voteearlyday.org\/es\/caja-de-herramientas\/negocio-2\/reclutamiento-de-socios-comerciales-para-la-activacion\/\" \/>\n<meta property=\"og:site_name\" content=\"Vote Early Day\" \/>\n<meta property=\"article:modified_time\" content=\"2024-12-17T23:48:13+00:00\" \/>\n<meta property=\"og:image\" content=\"https:\/\/voteearlyday.org\/wp-content\/uploads\/2023\/02\/ved-social-23.jpg\" \/>\n\t<meta property=\"og:image:width\" content=\"1430\" \/>\n\t<meta property=\"og:image:height\" content=\"825\" \/>\n\t<meta property=\"og:image:type\" content=\"image\/jpeg\" \/>\n<meta name=\"twitter:card\" content=\"summary_large_image\" \/>\n<meta name=\"twitter:label1\" content=\"Tiempo de lectura\" \/>\n\t<meta name=\"twitter:data1\" content=\"2 minutos\" \/>\n<script type=\"application\/ld+json\" class=\"yoast-schema-graph\">{\"@context\":\"https:\\\/\\\/schema.org\",\"@graph\":[{\"@type\":\"WebPage\",\"@id\":\"https:\\\/\\\/voteearlyday.org\\\/es\\\/caja-de-herramientas\\\/negocio-2\\\/reclutamiento-de-socios-comerciales-para-la-activacion\\\/\",\"url\":\"https:\\\/\\\/voteearlyday.org\\\/es\\\/caja-de-herramientas\\\/negocio-2\\\/reclutamiento-de-socios-comerciales-para-la-activacion\\\/\",\"name\":\"Reclutamiento de socios comerciales para la activaci\u00f3n - Vote Early Day\",\"isPartOf\":{\"@id\":\"https:\\\/\\\/voteearlyday.org\\\/es\\\/#website\"},\"datePublished\":\"2022-06-08T16:42:39+00:00\",\"dateModified\":\"2024-12-17T23:48:13+00:00\",\"breadcrumb\":{\"@id\":\"https:\\\/\\\/voteearlyday.org\\\/es\\\/caja-de-herramientas\\\/negocio-2\\\/reclutamiento-de-socios-comerciales-para-la-activacion\\\/#breadcrumb\"},\"inLanguage\":\"es\",\"potentialAction\":[{\"@type\":\"ReadAction\",\"target\":[\"https:\\\/\\\/voteearlyday.org\\\/es\\\/caja-de-herramientas\\\/negocio-2\\\/reclutamiento-de-socios-comerciales-para-la-activacion\\\/\"]}]},{\"@type\":\"BreadcrumbList\",\"@id\":\"https:\\\/\\\/voteearlyday.org\\\/es\\\/caja-de-herramientas\\\/negocio-2\\\/reclutamiento-de-socios-comerciales-para-la-activacion\\\/#breadcrumb\",\"itemListElement\":[{\"@type\":\"ListItem\",\"position\":1,\"name\":\"Home\",\"item\":\"https:\\\/\\\/voteearlyday.org\\\/es\\\/el-dia-de-votacion-anticipada-es-el-28-de-octubre-de-2022\\\/\"},{\"@type\":\"ListItem\",\"position\":2,\"name\":\"Caja de herramientas\",\"item\":\"https:\\\/\\\/voteearlyday.org\\\/es\\\/caja-de-herramientas\\\/\"},{\"@type\":\"ListItem\",\"position\":3,\"name\":\"Negocio\",\"item\":\"https:\\\/\\\/voteearlyday.org\\\/es\\\/toolkit\\\/business\\\/\"},{\"@type\":\"ListItem\",\"position\":4,\"name\":\"Reclutamiento de socios comerciales para la activaci\u00f3n\"}]},{\"@type\":\"WebSite\",\"@id\":\"https:\\\/\\\/voteearlyday.org\\\/es\\\/#website\",\"url\":\"https:\\\/\\\/voteearlyday.org\\\/es\\\/\",\"name\":\"Vote Early Day\",\"description\":\"Vote Early Day is a movement of nonprofits, businesses, election administrators, and creatives working to ensure all Americans know their options to vote early.\",\"publisher\":{\"@id\":\"https:\\\/\\\/voteearlyday.org\\\/es\\\/#organization\"},\"potentialAction\":[{\"@type\":\"SearchAction\",\"target\":{\"@type\":\"EntryPoint\",\"urlTemplate\":\"https:\\\/\\\/voteearlyday.org\\\/es\\\/?s={search_term_string}\"},\"query-input\":{\"@type\":\"PropertyValueSpecification\",\"valueRequired\":true,\"valueName\":\"search_term_string\"}}],\"inLanguage\":\"es\"},{\"@type\":\"Organization\",\"@id\":\"https:\\\/\\\/voteearlyday.org\\\/es\\\/#organization\",\"name\":\"Vote Early Day | October 28th\",\"url\":\"https:\\\/\\\/voteearlyday.org\\\/es\\\/\",\"logo\":{\"@type\":\"ImageObject\",\"inLanguage\":\"es\",\"@id\":\"https:\\\/\\\/voteearlyday.org\\\/es\\\/#\\\/schema\\\/logo\\\/image\\\/\",\"url\":\"http:\\\/\\\/voteearlyday.org\\\/wp-content\\\/uploads\\\/2023\\\/02\\\/ved-social-23.jpg\",\"contentUrl\":\"http:\\\/\\\/voteearlyday.org\\\/wp-content\\\/uploads\\\/2023\\\/02\\\/ved-social-23.jpg\",\"width\":1430,\"height\":825,\"caption\":\"Vote Early Day | October 28th\"},\"image\":{\"@id\":\"https:\\\/\\\/voteearlyday.org\\\/es\\\/#\\\/schema\\\/logo\\\/image\\\/\"}}]}<\/script>\n<!-- \/ Yoast SEO plugin. -->","yoast_head_json":{"title":"Reclutamiento de socios comerciales para la activaci\u00f3n - Vote Early Day","robots":{"index":"index","follow":"follow","max-snippet":"max-snippet:-1","max-image-preview":"max-image-preview:large","max-video-preview":"max-video-preview:-1"},"canonical":"https:\/\/voteearlyday.org\/es\/caja-de-herramientas\/negocio-2\/reclutamiento-de-socios-comerciales-para-la-activacion\/","og_locale":"es_ES","og_type":"article","og_title":"Reclutamiento de socios comerciales para la activaci\u00f3n - Vote Early Day","og_description":"Audiencia: grupos comunitarios, organizaciones sin fines de lucro y beneficiarios, empresas y proveedores, y otras organizaciones en su comunidad que podr\u00edan ayudar a organizar su activaci\u00f3n A medida que desarrolla... Continue reading","og_url":"https:\/\/voteearlyday.org\/es\/caja-de-herramientas\/negocio-2\/reclutamiento-de-socios-comerciales-para-la-activacion\/","og_site_name":"Vote Early Day","article_modified_time":"2024-12-17T23:48:13+00:00","og_image":[{"width":1430,"height":825,"url":"https:\/\/voteearlyday.org\/wp-content\/uploads\/2023\/02\/ved-social-23.jpg","type":"image\/jpeg"}],"twitter_card":"summary_large_image","twitter_misc":{"Tiempo de lectura":"2 minutos"},"schema":{"@context":"https:\/\/schema.org","@graph":[{"@type":"WebPage","@id":"https:\/\/voteearlyday.org\/es\/caja-de-herramientas\/negocio-2\/reclutamiento-de-socios-comerciales-para-la-activacion\/","url":"https:\/\/voteearlyday.org\/es\/caja-de-herramientas\/negocio-2\/reclutamiento-de-socios-comerciales-para-la-activacion\/","name":"Reclutamiento de socios comerciales para la activaci\u00f3n - Vote Early Day","isPartOf":{"@id":"https:\/\/voteearlyday.org\/es\/#website"},"datePublished":"2022-06-08T16:42:39+00:00","dateModified":"2024-12-17T23:48:13+00:00","breadcrumb":{"@id":"https:\/\/voteearlyday.org\/es\/caja-de-herramientas\/negocio-2\/reclutamiento-de-socios-comerciales-para-la-activacion\/#breadcrumb"},"inLanguage":"es","potentialAction":[{"@type":"ReadAction","target":["https:\/\/voteearlyday.org\/es\/caja-de-herramientas\/negocio-2\/reclutamiento-de-socios-comerciales-para-la-activacion\/"]}]},{"@type":"BreadcrumbList","@id":"https:\/\/voteearlyday.org\/es\/caja-de-herramientas\/negocio-2\/reclutamiento-de-socios-comerciales-para-la-activacion\/#breadcrumb","itemListElement":[{"@type":"ListItem","position":1,"name":"Home","item":"https:\/\/voteearlyday.org\/es\/el-dia-de-votacion-anticipada-es-el-28-de-octubre-de-2022\/"},{"@type":"ListItem","position":2,"name":"Caja de herramientas","item":"https:\/\/voteearlyday.org\/es\/caja-de-herramientas\/"},{"@type":"ListItem","position":3,"name":"Negocio","item":"https:\/\/voteearlyday.org\/es\/toolkit\/business\/"},{"@type":"ListItem","position":4,"name":"Reclutamiento de socios comerciales para la activaci\u00f3n"}]},{"@type":"WebSite","@id":"https:\/\/voteearlyday.org\/es\/#website","url":"https:\/\/voteearlyday.org\/es\/","name":"Vote Early Day","description":"Vote Early Day is a movement of nonprofits, businesses, election administrators, and creatives working to ensure all Americans know their options to vote early.","publisher":{"@id":"https:\/\/voteearlyday.org\/es\/#organization"},"potentialAction":[{"@type":"SearchAction","target":{"@type":"EntryPoint","urlTemplate":"https:\/\/voteearlyday.org\/es\/?s={search_term_string}"},"query-input":{"@type":"PropertyValueSpecification","valueRequired":true,"valueName":"search_term_string"}}],"inLanguage":"es"},{"@type":"Organization","@id":"https:\/\/voteearlyday.org\/es\/#organization","name":"Vote Early Day | October 28th","url":"https:\/\/voteearlyday.org\/es\/","logo":{"@type":"ImageObject","inLanguage":"es","@id":"https:\/\/voteearlyday.org\/es\/#\/schema\/logo\/image\/","url":"http:\/\/voteearlyday.org\/wp-content\/uploads\/2023\/02\/ved-social-23.jpg","contentUrl":"http:\/\/voteearlyday.org\/wp-content\/uploads\/2023\/02\/ved-social-23.jpg","width":1430,"height":825,"caption":"Vote Early Day | October 28th"},"image":{"@id":"https:\/\/voteearlyday.org\/es\/#\/schema\/logo\/image\/"}}]}},"_links":{"self":[{"href":"https:\/\/voteearlyday.org\/es\/wp-json\/wp\/v2\/pages\/1793","targetHints":{"allow":["GET"]}}],"collection":[{"href":"https:\/\/voteearlyday.org\/es\/wp-json\/wp\/v2\/pages"}],"about":[{"href":"https:\/\/voteearlyday.org\/es\/wp-json\/wp\/v2\/types\/page"}],"author":[{"embeddable":true,"href":"https:\/\/voteearlyday.org\/es\/wp-json\/wp\/v2\/users\/5"}],"replies":[{"embeddable":true,"href":"https:\/\/voteearlyday.org\/es\/wp-json\/wp\/v2\/comments?post=1793"}],"version-history":[{"count":0,"href":"https:\/\/voteearlyday.org\/es\/wp-json\/wp\/v2\/pages\/1793\/revisions"}],"up":[{"embeddable":true,"href":"https:\/\/voteearlyday.org\/es\/wp-json\/wp\/v2\/pages\/8458"}],"wp:attachment":[{"href":"https:\/\/voteearlyday.org\/es\/wp-json\/wp\/v2\/media?parent=1793"}],"curies":[{"name":"wp","href":"https:\/\/api.w.org\/{rel}","templated":true}]}}