{"id":1806,"date":"2022-06-09T10:57:34","date_gmt":"2022-06-09T14:57:34","guid":{"rendered":"https:\/\/voteearlyday.org\/consejos-y-trucos-para-los-medios-2\/"},"modified":"2024-03-26T13:13:25","modified_gmt":"2024-03-26T17:13:25","slug":"consejos-y-trucos-para-los-medios","status":"publish","type":"page","link":"https:\/\/voteearlyday.org\/es\/consejos-y-trucos-para-los-medios\/","title":{"rendered":"Consejos y trucos para los medios"},"content":{"rendered":"\n<h3 class=\"wp-block-heading\"><strong><em>Llegar a los periodistas<\/em><\/strong><\/h3>\n\n<ul class=\"wp-block-list\">\n<li>Para encontrar direcciones de correo electr\u00f3nico a las que enviar su comunicado de prensa, visite los sitios web de fuentes de medios locales, estatales y nacionales (estaciones de televisi\u00f3n, emisoras de radio, noticias en l\u00ednea y peri\u00f3dicos) para obtener los nombres de los periodistas. Los periodistas suelen incluir su direcci\u00f3n de correo electr\u00f3nico en su titular y, si no, en su biograf\u00eda de Twitter.<\/li>\n\n\n\n<li>\u00a1Recuerde que los periodistas se est\u00e1n ahogando en lanzamientos! Para que su historia sea recogida, intente construir una relaci\u00f3n con los reporteros.\n<ul class=\"wp-block-list\">\n<li>Use conexiones y lazos personales con reporteros cuando sea posible.<\/li>\n\n\n\n<li>Personaliza tu alcance. Esto puede verse como \u00abHola, vi su cobertura reciente en[insert a recent piece] y encontr\u00e9 que x,y,z era interesante\u201d.<\/li>\n\n\n\n<li>\u00a1No tengas miedo de enviar mensajes directos a los reporteros en Twitter! Muchos revisan sus mensajes de Twitter regularmente y buscan clientes potenciales.<\/li>\n\n\n\n<li>El seguimiento es clave. Si no ha recibido respuesta despu\u00e9s de unos d\u00edas, comun\u00edquese nuevamente con una nota personal o una llamada telef\u00f3nica. <\/li>\n<\/ul>\n<\/li>\n\n\n\n<li>Cuando sea posible, determine qu\u00e9 reporteros en su regi\u00f3n objetivo cubren temas c\u00edvicos\/relacionados con la votaci\u00f3n y comun\u00edquese con ellos directamente con su comunicado de prensa. Los reporteros a menudo ignoran los correos electr\u00f3nicos grandes de estilo BCC. <\/li>\n<\/ul>\n\n<hr class=\"wp-block-separator has-css-opacity is-style-default\"\/>\n\n<h3 class=\"wp-block-heading\"><strong><em>Desarrollando tu propuesta<\/em><\/strong><\/h3>\n\n<ul class=\"wp-block-list\">\n<li>El objetivo de los periodistas es contar una gran historia que sea relevante y de inter\u00e9s period\u00edstico. \u00bfC\u00f3mo cumple su historia sus objetivos? Aseg\u00farate de tener un gancho relevante. <\/li>\n\n\n\n<li>\u00a1Haz que tu comunicado de prensa sea lo m\u00e1s \u00fatil posible! Aseg\u00farese de proporcionar algunos enlaces de \u00abTwittear esto\u00bb y llamadas a la acci\u00f3n. Esto facilita que los reporteros, espectadores y simpatizantes compartan f\u00e1cilmente sus titulares y citas. <\/li>\n\n\n\n<li>Sea espec\u00edfico acerca de sus planes para el D\u00eda de la Votaci\u00f3n Temprana.\n<ul class=\"wp-block-list\">\n<li>\u00bfCu\u00e1ndo y d\u00f3nde se lleva a cabo tu evento? <\/li>\n\n\n\n<li>\u00bfAlguien puede unirse? <\/li>\n\n\n\n<li>\u00bfQu\u00e9 esperas lograr?<\/li>\n\n\n\n<li>Empate en su comunidad. \u00bfPor qu\u00e9 es importante votar temprano para su grupo geogr\u00e1fico o demogr\u00e1fico? <\/li>\n<\/ul>\n<\/li>\n\n\n\n<li>Aseg\u00farese de incluir una llamada a la acci\u00f3n. Esto puede incluir informaci\u00f3n de RSVP para su celebraci\u00f3n o un enlace a la <a href=\"https:\/\/voteearlyday.org\/voter-tool\/\">herramienta de votantes en l\u00ednea<\/a> de Vote Early Day donde la gente puede encontrar sus opciones para votar temprano y hacer un plan para votar.<\/li>\n\n\n\n<li>Incluye una imagen de alta calidad para que tu contenido sea m\u00e1s atractivo visualmente.<\/li>\n<\/ul>\n","protected":false},"excerpt":{"rendered":"<p>Llegar a los periodistas Desarrollando tu propuesta<\/p>\n","protected":false},"author":5,"featured_media":0,"parent":0,"menu_order":0,"comment_status":"closed","ping_status":"closed","template":"","meta":{"_acf_changed":false,"inline_featured_image":false,"footnotes":""},"class_list":["post-1806","page","type-page","status-publish","hentry"],"acf":[],"yoast_head":"<!-- This site is optimized with the Yoast SEO plugin v27.3 - https:\/\/yoast.com\/product\/yoast-seo-wordpress\/ -->\n<title>Consejos y trucos para los medios - Vote Early Day<\/title>\n<meta name=\"robots\" content=\"index, follow, max-snippet:-1, max-image-preview:large, max-video-preview:-1\" \/>\n<link rel=\"canonical\" href=\"https:\/\/voteearlyday.org\/es\/consejos-y-trucos-para-los-medios\/\" \/>\n<meta property=\"og:locale\" content=\"es_ES\" \/>\n<meta property=\"og:type\" content=\"article\" \/>\n<meta property=\"og:title\" content=\"Consejos y trucos para los medios - Vote Early Day\" \/>\n<meta property=\"og:description\" content=\"Llegar a los periodistas Desarrollando tu propuesta\" \/>\n<meta property=\"og:url\" content=\"https:\/\/voteearlyday.org\/es\/consejos-y-trucos-para-los-medios\/\" \/>\n<meta property=\"og:site_name\" content=\"Vote Early Day\" \/>\n<meta property=\"article:modified_time\" content=\"2024-03-26T17:13:25+00:00\" \/>\n<meta property=\"og:image\" content=\"https:\/\/voteearlyday.org\/wp-content\/uploads\/2023\/02\/ved-social-23.jpg\" \/>\n\t<meta property=\"og:image:width\" content=\"1430\" \/>\n\t<meta property=\"og:image:height\" content=\"825\" \/>\n\t<meta property=\"og:image:type\" content=\"image\/jpeg\" \/>\n<meta name=\"twitter:card\" content=\"summary_large_image\" \/>\n<meta name=\"twitter:label1\" content=\"Tiempo de lectura\" \/>\n\t<meta name=\"twitter:data1\" content=\"2 minutos\" \/>\n<script type=\"application\/ld+json\" class=\"yoast-schema-graph\">{\"@context\":\"https:\\\/\\\/schema.org\",\"@graph\":[{\"@type\":\"WebPage\",\"@id\":\"https:\\\/\\\/voteearlyday.org\\\/es\\\/consejos-y-trucos-para-los-medios\\\/\",\"url\":\"https:\\\/\\\/voteearlyday.org\\\/es\\\/consejos-y-trucos-para-los-medios\\\/\",\"name\":\"Consejos y trucos para los medios - Vote Early Day\",\"isPartOf\":{\"@id\":\"https:\\\/\\\/voteearlyday.org\\\/es\\\/#website\"},\"datePublished\":\"2022-06-09T14:57:34+00:00\",\"dateModified\":\"2024-03-26T17:13:25+00:00\",\"breadcrumb\":{\"@id\":\"https:\\\/\\\/voteearlyday.org\\\/es\\\/consejos-y-trucos-para-los-medios\\\/#breadcrumb\"},\"inLanguage\":\"es\",\"potentialAction\":[{\"@type\":\"ReadAction\",\"target\":[\"https:\\\/\\\/voteearlyday.org\\\/es\\\/consejos-y-trucos-para-los-medios\\\/\"]}]},{\"@type\":\"BreadcrumbList\",\"@id\":\"https:\\\/\\\/voteearlyday.org\\\/es\\\/consejos-y-trucos-para-los-medios\\\/#breadcrumb\",\"itemListElement\":[{\"@type\":\"ListItem\",\"position\":1,\"name\":\"Home\",\"item\":\"https:\\\/\\\/voteearlyday.org\\\/es\\\/el-dia-de-votacion-anticipada-es-el-28-de-octubre-de-2022\\\/\"},{\"@type\":\"ListItem\",\"position\":2,\"name\":\"Consejos y trucos para los medios\"}]},{\"@type\":\"WebSite\",\"@id\":\"https:\\\/\\\/voteearlyday.org\\\/es\\\/#website\",\"url\":\"https:\\\/\\\/voteearlyday.org\\\/es\\\/\",\"name\":\"Vote Early Day\",\"description\":\"Vote Early Day is a movement of nonprofits, businesses, election administrators, and creatives working to ensure all Americans know their options to vote early.\",\"publisher\":{\"@id\":\"https:\\\/\\\/voteearlyday.org\\\/es\\\/#organization\"},\"potentialAction\":[{\"@type\":\"SearchAction\",\"target\":{\"@type\":\"EntryPoint\",\"urlTemplate\":\"https:\\\/\\\/voteearlyday.org\\\/es\\\/?s={search_term_string}\"},\"query-input\":{\"@type\":\"PropertyValueSpecification\",\"valueRequired\":true,\"valueName\":\"search_term_string\"}}],\"inLanguage\":\"es\"},{\"@type\":\"Organization\",\"@id\":\"https:\\\/\\\/voteearlyday.org\\\/es\\\/#organization\",\"name\":\"Vote Early Day | October 28th\",\"url\":\"https:\\\/\\\/voteearlyday.org\\\/es\\\/\",\"logo\":{\"@type\":\"ImageObject\",\"inLanguage\":\"es\",\"@id\":\"https:\\\/\\\/voteearlyday.org\\\/es\\\/#\\\/schema\\\/logo\\\/image\\\/\",\"url\":\"http:\\\/\\\/voteearlyday.org\\\/wp-content\\\/uploads\\\/2023\\\/02\\\/ved-social-23.jpg\",\"contentUrl\":\"http:\\\/\\\/voteearlyday.org\\\/wp-content\\\/uploads\\\/2023\\\/02\\\/ved-social-23.jpg\",\"width\":1430,\"height\":825,\"caption\":\"Vote Early Day | October 28th\"},\"image\":{\"@id\":\"https:\\\/\\\/voteearlyday.org\\\/es\\\/#\\\/schema\\\/logo\\\/image\\\/\"}}]}<\/script>\n<!-- \/ Yoast SEO plugin. -->","yoast_head_json":{"title":"Consejos y trucos para los medios - Vote Early Day","robots":{"index":"index","follow":"follow","max-snippet":"max-snippet:-1","max-image-preview":"max-image-preview:large","max-video-preview":"max-video-preview:-1"},"canonical":"https:\/\/voteearlyday.org\/es\/consejos-y-trucos-para-los-medios\/","og_locale":"es_ES","og_type":"article","og_title":"Consejos y trucos para los medios - Vote Early Day","og_description":"Llegar a los periodistas Desarrollando tu propuesta","og_url":"https:\/\/voteearlyday.org\/es\/consejos-y-trucos-para-los-medios\/","og_site_name":"Vote Early Day","article_modified_time":"2024-03-26T17:13:25+00:00","og_image":[{"width":1430,"height":825,"url":"https:\/\/voteearlyday.org\/wp-content\/uploads\/2023\/02\/ved-social-23.jpg","type":"image\/jpeg"}],"twitter_card":"summary_large_image","twitter_misc":{"Tiempo de lectura":"2 minutos"},"schema":{"@context":"https:\/\/schema.org","@graph":[{"@type":"WebPage","@id":"https:\/\/voteearlyday.org\/es\/consejos-y-trucos-para-los-medios\/","url":"https:\/\/voteearlyday.org\/es\/consejos-y-trucos-para-los-medios\/","name":"Consejos y trucos para los medios - Vote Early Day","isPartOf":{"@id":"https:\/\/voteearlyday.org\/es\/#website"},"datePublished":"2022-06-09T14:57:34+00:00","dateModified":"2024-03-26T17:13:25+00:00","breadcrumb":{"@id":"https:\/\/voteearlyday.org\/es\/consejos-y-trucos-para-los-medios\/#breadcrumb"},"inLanguage":"es","potentialAction":[{"@type":"ReadAction","target":["https:\/\/voteearlyday.org\/es\/consejos-y-trucos-para-los-medios\/"]}]},{"@type":"BreadcrumbList","@id":"https:\/\/voteearlyday.org\/es\/consejos-y-trucos-para-los-medios\/#breadcrumb","itemListElement":[{"@type":"ListItem","position":1,"name":"Home","item":"https:\/\/voteearlyday.org\/es\/el-dia-de-votacion-anticipada-es-el-28-de-octubre-de-2022\/"},{"@type":"ListItem","position":2,"name":"Consejos y trucos para los medios"}]},{"@type":"WebSite","@id":"https:\/\/voteearlyday.org\/es\/#website","url":"https:\/\/voteearlyday.org\/es\/","name":"Vote Early Day","description":"Vote Early Day is a movement of nonprofits, businesses, election administrators, and creatives working to ensure all Americans know their options to vote early.","publisher":{"@id":"https:\/\/voteearlyday.org\/es\/#organization"},"potentialAction":[{"@type":"SearchAction","target":{"@type":"EntryPoint","urlTemplate":"https:\/\/voteearlyday.org\/es\/?s={search_term_string}"},"query-input":{"@type":"PropertyValueSpecification","valueRequired":true,"valueName":"search_term_string"}}],"inLanguage":"es"},{"@type":"Organization","@id":"https:\/\/voteearlyday.org\/es\/#organization","name":"Vote Early Day | October 28th","url":"https:\/\/voteearlyday.org\/es\/","logo":{"@type":"ImageObject","inLanguage":"es","@id":"https:\/\/voteearlyday.org\/es\/#\/schema\/logo\/image\/","url":"http:\/\/voteearlyday.org\/wp-content\/uploads\/2023\/02\/ved-social-23.jpg","contentUrl":"http:\/\/voteearlyday.org\/wp-content\/uploads\/2023\/02\/ved-social-23.jpg","width":1430,"height":825,"caption":"Vote Early Day | October 28th"},"image":{"@id":"https:\/\/voteearlyday.org\/es\/#\/schema\/logo\/image\/"}}]}},"_links":{"self":[{"href":"https:\/\/voteearlyday.org\/es\/wp-json\/wp\/v2\/pages\/1806","targetHints":{"allow":["GET"]}}],"collection":[{"href":"https:\/\/voteearlyday.org\/es\/wp-json\/wp\/v2\/pages"}],"about":[{"href":"https:\/\/voteearlyday.org\/es\/wp-json\/wp\/v2\/types\/page"}],"author":[{"embeddable":true,"href":"https:\/\/voteearlyday.org\/es\/wp-json\/wp\/v2\/users\/5"}],"replies":[{"embeddable":true,"href":"https:\/\/voteearlyday.org\/es\/wp-json\/wp\/v2\/comments?post=1806"}],"version-history":[{"count":0,"href":"https:\/\/voteearlyday.org\/es\/wp-json\/wp\/v2\/pages\/1806\/revisions"}],"wp:attachment":[{"href":"https:\/\/voteearlyday.org\/es\/wp-json\/wp\/v2\/media?parent=1806"}],"curies":[{"name":"wp","href":"https:\/\/api.w.org\/{rel}","templated":true}]}}