{"id":2012,"date":"2022-04-15T21:30:21","date_gmt":"2022-04-16T01:30:21","guid":{"rendered":"https:\/\/voteearlyday.org\/caja-de-herramientas\/negocio\/ideas-de-activacion-empresarial\/"},"modified":"2024-05-22T16:44:07","modified_gmt":"2024-05-22T20:44:07","slug":"ideas-de-activacion-empresarial","status":"publish","type":"page","link":"https:\/\/voteearlyday.org\/es\/caja-de-herramientas\/negocio-2\/ideas-de-activacion-empresarial\/","title":{"rendered":"Ideas de activaci\u00f3n empresarial"},"content":{"rendered":"\n<p>Las empresas pueden influir significativamente en la participaci\u00f3n electoral capacitando a sus clientes para que hagan o\u00edr su voz. Como empresa, sus esfuerzos de compromiso c\u00edvico no partidista contribuir\u00e1n a generar confianza en su marca. Celebrar el D\u00eda del Voto Anticipado es beneficioso para las empresas, los clientes y la democracia.<\/p>\n\n<p>El objetivo de cada celebraci\u00f3n del D\u00eda del Voto Anticipado es ayudar al mayor n\u00famero posible de votantes a dar pasos mensurables hacia la emisi\u00f3n de su voto en un ambiente divertido y atractivo. Animamos a cada socio comercial a dise\u00f1ar la celebraci\u00f3n que mejor se adapte a las necesidades de su grupo exclusivo de clientes. Esta gu\u00eda te ayudar\u00e1 a inspirarte y te sugerir\u00e1 algunas ideas de activaci\u00f3n, pero \u00a1c\u00f3mo lo celebres depende de ti!<\/p>\n\n<p>Puedes saber m\u00e1s sobre los \u00e9xitos de las empresas que se comprometen con la Responsabilidad C\u00edvica <a href=\"https:\/\/ash.harvard.edu\/files\/ash\/files\/harvard-casestudy-report-digital_copy.pdf\">aqu\u00ed<\/a>.<\/p>\n\n<hr class=\"wp-block-separator has-alpha-channel-opacity\"\/>\n\n<h2 class=\"wp-block-heading\"><strong>Metas:<\/strong><\/h2>\n\n<p>Para las celebraciones del D\u00eda del Voto Anticipado, los socios deben medir su \u00e9xito a nivel nacional por el n\u00famero de votantes que realizan una (o m\u00e1s) de las siguientes acciones:  <\/p>\n\n<ul class=\"wp-block-list\">\n<li><strong>Emisi\u00f3n del voto:<\/strong> \u00bfCu\u00e1ntas personas depositan su voto por correo o emiten su voto en persona como parte de la celebraci\u00f3n del D\u00eda del Voto Anticipado?<\/li>\n\n\n\n<li><strong>Elaborar un plan para votar:<\/strong> \u00bfCu\u00e1ntas personas elaboran un plan concreto sobre cu\u00e1ndo y d\u00f3nde emitir\u00e1n su voto?<\/li>\n\n\n\n<li><strong>Buscar informaci\u00f3n sobre el votante:<\/strong> Cu\u00e1ntas personas utilizan la <a href=\"https:\/\/voteearlyday.org\/voter-tool\/\">herramienta de Voto Anticipado<\/a> o buscan informaci\u00f3n en una oficina electoral local.<\/li>\n<\/ul>\n\n<p>A medida que comience a planificar su activaci\u00f3n, puede usar <a href=\"https:\/\/docs.google.com\/document\/u\/5\/d\/1AHPNtsUB1UO5rYovDMJuC73HSKnw7gHwHYF8EtCZBcM\/edit\">esta hoja<\/a> de trabajo para determinar un objetivo alcanzable para su organizaci\u00f3n. <\/p>\n\n<hr class=\"wp-block-separator has-css-opacity is-style-default\"\/>\n\n<h1 class=\"wp-block-heading\"><strong>Cel\u00e9bralo comprometi\u00e9ndote con los clientes  <\/strong><\/h1>\n\n<h2 class=\"wp-block-heading\"><strong>Visi\u00f3n general:<\/strong><\/h2>\n\n<p>El D\u00eda del Voto Anticipado es una oportunidad para animar a tus clientes a depositar su voto anticipadamente haci\u00e9ndolo divertido y f\u00e1cil. Es la oportunidad perfecta para celebrar una fiesta emocionante y demostrar a tu comunidad lo mucho que tu empresa se preocupa por nuestra democracia. Para una mayor exposici\u00f3n, publique su activaci\u00f3n en l\u00ednea y etiquete #VoteEarlyDay para ampliar la celebraci\u00f3n a una audiencia nacional.<\/p>\n\n<h2 class=\"wp-block-heading\"><strong>Ejemplos:<\/strong><\/h2>\n\n<ul class=\"wp-block-list\">\n<li><strong>Crea una campa\u00f1a promocional en torno al voto anticipado:<\/strong><strong> <mark style=\"background-color:rgba(0, 0, 0, 0)\" class=\"has-inline-color has-luminous-vivid-amber-color\">[Tier 2 &#8211; Community Impact]<\/mark><br\/> Atrae a los clientes a tu negocio con una celebraci\u00f3n especial del D\u00eda del Voto Anticipado, decora tu espacio con carteles y botines del D\u00eda del Voto Anticipado y coloca un expositor para repartir recursos sobre el voto anticipado.<\/strong> Haz que tus empleados lleven la ropa del D\u00eda del Voto Anticipado: \u00a1te enviaremos las pegatinas y los carteles!<\/li>\n\n\n\n<li><strong>Ap\u00f3yate en lo que hace \u00fanico a tu negocio:<\/strong><strong> <mark style=\"background-color:rgba(0, 0, 0, 0)\" class=\"has-inline-color has-luminous-vivid-amber-color\">[Tier 2 &#8211; Community Impact]<\/mark><br> Planifica una celebraci\u00f3n centrada en lo que tu empresa hace mejor.<\/strong> En el pasado, las empresas han encontrado formas creativas de combinar sus productos y servicios con la votaci\u00f3n anticipada:\n<ul class=\"wp-block-list\">\n<li>Los bares crearon bebidas especiales para el Voto Anticipado<\/li>\n\n\n\n<li>Las compa\u00f1\u00edas de danza organizaron los recitales \u00abDanza a las urnas<\/li>\n\n\n\n<li>Las librer\u00edas organizan muestras de lecturas favoritas relacionadas con la pol\u00edtica y las elecciones<\/li>\n\n\n\n<li>Los caf\u00e9s acogieron mesas redondas con funcionarios electorales locales y l\u00edderes comunitarios sobre la importancia de las elecciones<\/li>\n\n\n\n<li>Las empresas basadas en aplicaciones enviaron mensajes a los usuarios dentro de su plataforma  <\/li>\n\n\n\n<li>Las helader\u00edas organizaron eventos \u00abpop-up\u00bb cerca de los centros de votaci\u00f3n anticipada<\/li>\n<\/ul>\n<\/li>\n<\/ul>\n\n<p>Con cualquiera de estas celebraciones, incluye una \u00abllamada a la acci\u00f3n\u00bb. Ayuda a tus clientes a planificar su voto anticipado utilizando nuestra <a href=\"https:\/\/voteearlyday.org\/voter-tool\/\">herramienta electoral en l\u00ednea<\/a> o rellenando una <a href=\"https:\/\/drive.google.com\/file\/d\/1WEouVQF2jcKHT3HVJ3qNOgJltsd4BgGp\/view\">tarjeta postal<\/a> de planificaci\u00f3n del voto.<strong> <\/strong><\/p>\n\n<h2 class=\"wp-block-heading\"><strong>Por qu\u00e9 funciona esta celebraci\u00f3n:<\/strong><\/h2>\n\n<p>Con un evento especial, la gente tiene una raz\u00f3n divertida para depositar su voto y relacionarse con tu empresa el D\u00eda del Voto Anticipado. En lugar de ser solo un elemento en alg\u00fan lugar de su lista de tareas pendientes, \u00a1votar se convierte en lo m\u00e1s destacado de su d\u00eda! Una celebraci\u00f3n comunitaria es tambi\u00e9n una barrera baja de entrada a nuestra democracia para las personas intimidadas por la pol\u00edtica.<\/p>\n\n<hr class=\"wp-block-separator has-css-opacity\"\/>\n\n<h1 class=\"wp-block-heading\"><strong>Celebre compartiendo las herramientas para votar temprano <\/strong><\/h1>\n\n<h2 class=\"wp-block-heading\"><strong>Visi\u00f3n general:<\/strong><\/h2>\n\n<p>El D\u00eda del Voto Anticipado te anima a utilizar la plataforma de tu empresa para ayudar a garantizar que los votantes dispongan de los recursos necesarios para emitir su voto anticipadamente. Es una forma f\u00e1cil y eficaz no s\u00f3lo de mostrar a tus clientes lo mucho que te importa la democracia, sino tambi\u00e9n de animarles a que salgan y hagan o\u00edr su voz.  <\/p>\n\n<h2 class=\"wp-block-heading\"><strong>Ejemplos:<\/strong><\/h2>\n\n<ul class=\"wp-block-list\">\n<li><strong>Lanza una campa\u00f1a #VoteEarlyDay en las redes sociales:<\/strong><strong> <mark style=\"background-color:rgba(0, 0, 0, 0)\" class=\"has-inline-color has-vivid-green-cyan-color\">[Tier 1 &#8211; Neighborhood Impact]<\/mark><br\/> Empodera a tus clientes compartiendo recursos para votar temprano en las redes sociales.<\/strong> Dirige a tu audiencia a la <a href=\"https:\/\/voteearlyday.org\/voter-tool\/\">herramienta online para votantes<\/a> de Vote Early Day, donde pueden averiguar d\u00f3nde votar y hacer un plan. Anima a tus clientes a que publiquen selfies con sus pegatinas \u00abHe votado\u00bb despu\u00e9s de votar antes y comp\u00e1rtelos en tu cuenta. Echa un vistazo a nuestros ejemplos de <a href=\"https:\/\/voteearlyday.org\/toolkit\/business\/business-sample-social-media-posts\/\">publicaciones<\/a> y <a href=\"https:\/\/voteearlyday.org\/graphics\/\">gr\u00e1ficos<\/a> en las redes sociales para inspirarte, \u00a1y no olvides utilizar #VoteEarlyDay para amplificar tu mensaje!<\/li>\n\n\n\n<li><strong>Integra los recursos del Voto Anticipado en tu plataforma online:<\/strong><strong> <mark style=\"background-color:rgba(0, 0, 0, 0)\" class=\"has-inline-color has-luminous-vivid-amber-color\">[Tier 2 &#8211; Community Impact]<\/mark><br\/> \u00a1Ayuda a tus clientes a saber m\u00e1s sobre el voto anticipado y dirige el tr\u00e1fico a tu sitio web simult\u00e1neamente!<\/strong> Integre la <a href=\"https:\/\/voteearlyday.org\/voter-tool\/\">herramienta de voto por Internet<\/a> Vote Early Day en su sitio web u otra plataforma y facilite a sus clientes todos los recursos que necesitan para emitir su voto anticipadamente.  <\/li>\n\n\n\n<li><strong>Ayuda a tus empleados a votar pronto:<\/strong><strong> <mark style=\"background-color:rgba(0, 0, 0, 0)\" class=\"has-inline-color has-luminous-vivid-amber-color\">[Tier 2 &#8211; Community Impact]<\/mark><br\/> Anima a tus empleados a hacer o\u00edr su voz votando pronto.<\/strong> Env\u00ede <a href=\"https:\/\/voteearlyday.org\/toolkit\/business\/business-employee-outreach-email-sample\/\">mensajes de correo electr\u00f3nico a todo el centro de trabajo<\/a> antes y durante el D\u00eda de Votaci\u00f3n Anticipada para informarles de sus opciones para votar anticipadamente. Incluya un enlace a nuestra <a href=\"https:\/\/voteearlyday.org\/voter-tool\/\">herramienta de votantes en<\/a> l\u00ednea para ayudarles a planificar su voto y a encontrar sus lugares de votaci\u00f3n anticipada. Considera la posibilidad de dar tiempo libre a los empleados el D\u00eda del Voto Anticipado para que tengan tiempo de depositar su voto antes.<\/li>\n\n\n\n<li><strong>Env\u00eda un correo electr\u00f3nico sobre la votaci\u00f3n anticipada:<\/strong><strong> <mark style=\"background-color:rgba(0, 0, 0, 0)\" class=\"has-inline-color has-vivid-green-cyan-color\">[Tier 1 &#8211; Neighborhood Impact]<\/mark><br\/> Aseg\u00farate de que tus clientes conocen sus opciones para votar anticipadamente enviando un<\/strong> <a href=\"https:\/\/voteearlyday.org\/toolkit\/business\/business-announcement-email\/\">correo electr\u00f3nico<\/a> o mencionando el D\u00eda del Voto Anticipado en tu bolet\u00edn. Dir\u00edjalos a nuestra <a href=\"https:\/\/voteearlyday.org\/voter-tool\/\">herramienta de votantes en<\/a> l\u00ednea para encontrar su lugar de votaci\u00f3n anticipada (en persona o con una urna).<\/li>\n\n\n\n<li><strong>Haz un discurso animando a los empleados a votar anticipadamente durante una reuni\u00f3n:<\/strong><strong> <mark style=\"background-color:rgba(0, 0, 0, 0)\" class=\"has-inline-color has-vivid-green-cyan-color\">[Tier 1 &#8211; Neighborhood Impact]<\/mark><br\/> Haz un breve discurso sobre el voto anticipado al principio de una reuni\u00f3n de personal.<\/strong> Comparte razones no partidistas por las que votar es importante y refleja los valores de tu empresa. Utilizando la <a href=\"https:\/\/voteearlyday.org\/voter-tool\/\">herramienta de voto anticipado por Internet<\/a> o nuestras <a href=\"https:\/\/drive.google.com\/file\/d\/1WEouVQF2jcKHT3HVJ3qNOgJltsd4BgGp\/view\">tarjetas postales<\/a> para imprimir en casa, aseg\u00farate de que todo el mundo se va con un plan para depositar su voto anticipadamente. Puede encontrar un ejemplo de gui\u00f3n <a href=\"https:\/\/voteearlyday.org\/toolkit\/business\/business-meeting-pitch\/\">aqu\u00ed<\/a>.<\/li>\n<\/ul>\n\n<h2 class=\"wp-block-heading\"><strong>Por qu\u00e9 funciona esta celebraci\u00f3n:<\/strong><\/h2>\n\n<p>Compartir recursos para votar anticipadamente ayuda a generar confianza en tu marca y recuerda al p\u00fablico lo importantes que son estas elecciones. Al animar a tus clientes a compartir su experiencia de votaci\u00f3n en Internet, contribuyes a crear una sensaci\u00f3n de FOMO (miedo a perderse algo) para cualquiera que no se haya unido a la diversi\u00f3n.  <\/p>\n\n<p>Los estudios tambi\u00e9n demuestran que es mucho m\u00e1s probable que la gente vote si hace un plan concreto sobre c\u00f3mo emitir\u00e1 su voto. Cuando compartes la <a href=\"https:\/\/voteearlyday.org\/voter-tool\/\">herramienta electoral en l\u00ednea<\/a> de Vote Early Day, facilitas a los votantes la realizaci\u00f3n de este plan.  <\/p>\n","protected":false},"excerpt":{"rendered":"<p>Las empresas pueden influir significativamente en la participaci\u00f3n electoral capacitando a sus clientes para que hagan o\u00edr su voz. Como empresa, sus esfuerzos de compromiso c\u00edvico no partidista contribuir\u00e1n a&#8230; <\/p>\n<p><a class=\"moretag\" href=\"https:\/\/voteearlyday.org\/es\/caja-de-herramientas\/negocio-2\/ideas-de-activacion-empresarial\/\"><span>Continue reading <i class=\"fas fa-long-arrow-alt-right\"><\/i><\/span><\/a><\/p>\n","protected":false},"author":2,"featured_media":0,"parent":8458,"menu_order":1,"comment_status":"closed","ping_status":"closed","template":"","meta":{"_acf_changed":false,"inline_featured_image":false,"footnotes":""},"class_list":["post-2012","page","type-page","status-publish","hentry"],"acf":[],"yoast_head":"<!-- This site is optimized with the Yoast SEO plugin v27.5 - https:\/\/yoast.com\/product\/yoast-seo-wordpress\/ -->\n<title>Ideas de activaci\u00f3n empresarial - Vote Early Day<\/title>\n<meta name=\"robots\" content=\"index, follow, max-snippet:-1, max-image-preview:large, max-video-preview:-1\" \/>\n<link rel=\"canonical\" href=\"https:\/\/voteearlyday.org\/es\/caja-de-herramientas\/negocio-2\/ideas-de-activacion-empresarial\/\" \/>\n<meta property=\"og:locale\" content=\"es_ES\" \/>\n<meta property=\"og:type\" content=\"article\" \/>\n<meta property=\"og:title\" content=\"Ideas de activaci\u00f3n empresarial - Vote Early Day\" \/>\n<meta property=\"og:description\" content=\"Las empresas pueden influir significativamente en la participaci\u00f3n electoral capacitando a sus clientes para que hagan o\u00edr su voz. Como empresa, sus esfuerzos de compromiso c\u00edvico no partidista contribuir\u00e1n a... Continue reading\" \/>\n<meta property=\"og:url\" content=\"https:\/\/voteearlyday.org\/es\/caja-de-herramientas\/negocio-2\/ideas-de-activacion-empresarial\/\" \/>\n<meta property=\"og:site_name\" content=\"Vote Early Day\" \/>\n<meta property=\"article:modified_time\" content=\"2024-05-22T20:44:07+00:00\" \/>\n<meta property=\"og:image\" content=\"https:\/\/voteearlyday.org\/wp-content\/uploads\/2023\/02\/ved-social-23.jpg\" \/>\n\t<meta property=\"og:image:width\" content=\"1430\" \/>\n\t<meta property=\"og:image:height\" content=\"825\" \/>\n\t<meta property=\"og:image:type\" content=\"image\/jpeg\" \/>\n<meta name=\"twitter:card\" content=\"summary_large_image\" \/>\n<meta name=\"twitter:label1\" content=\"Tiempo de lectura\" \/>\n\t<meta name=\"twitter:data1\" content=\"6 minutos\" \/>\n<script type=\"application\/ld+json\" class=\"yoast-schema-graph\">{\"@context\":\"https:\\\/\\\/schema.org\",\"@graph\":[{\"@type\":\"WebPage\",\"@id\":\"https:\\\/\\\/voteearlyday.org\\\/es\\\/caja-de-herramientas\\\/negocio-2\\\/ideas-de-activacion-empresarial\\\/\",\"url\":\"https:\\\/\\\/voteearlyday.org\\\/es\\\/caja-de-herramientas\\\/negocio-2\\\/ideas-de-activacion-empresarial\\\/\",\"name\":\"Ideas de activaci\u00f3n empresarial - Vote Early Day\",\"isPartOf\":{\"@id\":\"https:\\\/\\\/voteearlyday.org\\\/es\\\/#website\"},\"datePublished\":\"2022-04-16T01:30:21+00:00\",\"dateModified\":\"2024-05-22T20:44:07+00:00\",\"breadcrumb\":{\"@id\":\"https:\\\/\\\/voteearlyday.org\\\/es\\\/caja-de-herramientas\\\/negocio-2\\\/ideas-de-activacion-empresarial\\\/#breadcrumb\"},\"inLanguage\":\"es\",\"potentialAction\":[{\"@type\":\"ReadAction\",\"target\":[\"https:\\\/\\\/voteearlyday.org\\\/es\\\/caja-de-herramientas\\\/negocio-2\\\/ideas-de-activacion-empresarial\\\/\"]}]},{\"@type\":\"BreadcrumbList\",\"@id\":\"https:\\\/\\\/voteearlyday.org\\\/es\\\/caja-de-herramientas\\\/negocio-2\\\/ideas-de-activacion-empresarial\\\/#breadcrumb\",\"itemListElement\":[{\"@type\":\"ListItem\",\"position\":1,\"name\":\"Home\",\"item\":\"https:\\\/\\\/voteearlyday.org\\\/es\\\/el-dia-de-votacion-anticipada-es-el-28-de-octubre-de-2022\\\/\"},{\"@type\":\"ListItem\",\"position\":2,\"name\":\"Caja de herramientas\",\"item\":\"https:\\\/\\\/voteearlyday.org\\\/es\\\/caja-de-herramientas\\\/\"},{\"@type\":\"ListItem\",\"position\":3,\"name\":\"Negocio\",\"item\":\"https:\\\/\\\/voteearlyday.org\\\/es\\\/toolkit\\\/business\\\/\"},{\"@type\":\"ListItem\",\"position\":4,\"name\":\"Ideas de activaci\u00f3n empresarial\"}]},{\"@type\":\"WebSite\",\"@id\":\"https:\\\/\\\/voteearlyday.org\\\/es\\\/#website\",\"url\":\"https:\\\/\\\/voteearlyday.org\\\/es\\\/\",\"name\":\"Vote Early Day\",\"description\":\"Vote Early Day is a movement of nonprofits, businesses, election administrators, and creatives working to ensure all Americans know their options to vote early.\",\"publisher\":{\"@id\":\"https:\\\/\\\/voteearlyday.org\\\/es\\\/#organization\"},\"potentialAction\":[{\"@type\":\"SearchAction\",\"target\":{\"@type\":\"EntryPoint\",\"urlTemplate\":\"https:\\\/\\\/voteearlyday.org\\\/es\\\/?s={search_term_string}\"},\"query-input\":{\"@type\":\"PropertyValueSpecification\",\"valueRequired\":true,\"valueName\":\"search_term_string\"}}],\"inLanguage\":\"es\"},{\"@type\":\"Organization\",\"@id\":\"https:\\\/\\\/voteearlyday.org\\\/es\\\/#organization\",\"name\":\"Vote Early Day | October 28th\",\"url\":\"https:\\\/\\\/voteearlyday.org\\\/es\\\/\",\"logo\":{\"@type\":\"ImageObject\",\"inLanguage\":\"es\",\"@id\":\"https:\\\/\\\/voteearlyday.org\\\/es\\\/#\\\/schema\\\/logo\\\/image\\\/\",\"url\":\"http:\\\/\\\/voteearlyday.org\\\/wp-content\\\/uploads\\\/2023\\\/02\\\/ved-social-23.jpg\",\"contentUrl\":\"http:\\\/\\\/voteearlyday.org\\\/wp-content\\\/uploads\\\/2023\\\/02\\\/ved-social-23.jpg\",\"width\":1430,\"height\":825,\"caption\":\"Vote Early Day | October 28th\"},\"image\":{\"@id\":\"https:\\\/\\\/voteearlyday.org\\\/es\\\/#\\\/schema\\\/logo\\\/image\\\/\"}}]}<\/script>\n<!-- \/ Yoast SEO plugin. -->","yoast_head_json":{"title":"Ideas de activaci\u00f3n empresarial - Vote Early Day","robots":{"index":"index","follow":"follow","max-snippet":"max-snippet:-1","max-image-preview":"max-image-preview:large","max-video-preview":"max-video-preview:-1"},"canonical":"https:\/\/voteearlyday.org\/es\/caja-de-herramientas\/negocio-2\/ideas-de-activacion-empresarial\/","og_locale":"es_ES","og_type":"article","og_title":"Ideas de activaci\u00f3n empresarial - Vote Early Day","og_description":"Las empresas pueden influir significativamente en la participaci\u00f3n electoral capacitando a sus clientes para que hagan o\u00edr su voz. Como empresa, sus esfuerzos de compromiso c\u00edvico no partidista contribuir\u00e1n a... Continue reading","og_url":"https:\/\/voteearlyday.org\/es\/caja-de-herramientas\/negocio-2\/ideas-de-activacion-empresarial\/","og_site_name":"Vote Early Day","article_modified_time":"2024-05-22T20:44:07+00:00","og_image":[{"width":1430,"height":825,"url":"https:\/\/voteearlyday.org\/wp-content\/uploads\/2023\/02\/ved-social-23.jpg","type":"image\/jpeg"}],"twitter_card":"summary_large_image","twitter_misc":{"Tiempo de lectura":"6 minutos"},"schema":{"@context":"https:\/\/schema.org","@graph":[{"@type":"WebPage","@id":"https:\/\/voteearlyday.org\/es\/caja-de-herramientas\/negocio-2\/ideas-de-activacion-empresarial\/","url":"https:\/\/voteearlyday.org\/es\/caja-de-herramientas\/negocio-2\/ideas-de-activacion-empresarial\/","name":"Ideas de activaci\u00f3n empresarial - Vote Early Day","isPartOf":{"@id":"https:\/\/voteearlyday.org\/es\/#website"},"datePublished":"2022-04-16T01:30:21+00:00","dateModified":"2024-05-22T20:44:07+00:00","breadcrumb":{"@id":"https:\/\/voteearlyday.org\/es\/caja-de-herramientas\/negocio-2\/ideas-de-activacion-empresarial\/#breadcrumb"},"inLanguage":"es","potentialAction":[{"@type":"ReadAction","target":["https:\/\/voteearlyday.org\/es\/caja-de-herramientas\/negocio-2\/ideas-de-activacion-empresarial\/"]}]},{"@type":"BreadcrumbList","@id":"https:\/\/voteearlyday.org\/es\/caja-de-herramientas\/negocio-2\/ideas-de-activacion-empresarial\/#breadcrumb","itemListElement":[{"@type":"ListItem","position":1,"name":"Home","item":"https:\/\/voteearlyday.org\/es\/el-dia-de-votacion-anticipada-es-el-28-de-octubre-de-2022\/"},{"@type":"ListItem","position":2,"name":"Caja de herramientas","item":"https:\/\/voteearlyday.org\/es\/caja-de-herramientas\/"},{"@type":"ListItem","position":3,"name":"Negocio","item":"https:\/\/voteearlyday.org\/es\/toolkit\/business\/"},{"@type":"ListItem","position":4,"name":"Ideas de activaci\u00f3n empresarial"}]},{"@type":"WebSite","@id":"https:\/\/voteearlyday.org\/es\/#website","url":"https:\/\/voteearlyday.org\/es\/","name":"Vote Early Day","description":"Vote Early Day is a movement of nonprofits, businesses, election administrators, and creatives working to ensure all Americans know their options to vote early.","publisher":{"@id":"https:\/\/voteearlyday.org\/es\/#organization"},"potentialAction":[{"@type":"SearchAction","target":{"@type":"EntryPoint","urlTemplate":"https:\/\/voteearlyday.org\/es\/?s={search_term_string}"},"query-input":{"@type":"PropertyValueSpecification","valueRequired":true,"valueName":"search_term_string"}}],"inLanguage":"es"},{"@type":"Organization","@id":"https:\/\/voteearlyday.org\/es\/#organization","name":"Vote Early Day | October 28th","url":"https:\/\/voteearlyday.org\/es\/","logo":{"@type":"ImageObject","inLanguage":"es","@id":"https:\/\/voteearlyday.org\/es\/#\/schema\/logo\/image\/","url":"http:\/\/voteearlyday.org\/wp-content\/uploads\/2023\/02\/ved-social-23.jpg","contentUrl":"http:\/\/voteearlyday.org\/wp-content\/uploads\/2023\/02\/ved-social-23.jpg","width":1430,"height":825,"caption":"Vote Early Day | October 28th"},"image":{"@id":"https:\/\/voteearlyday.org\/es\/#\/schema\/logo\/image\/"}}]}},"_links":{"self":[{"href":"https:\/\/voteearlyday.org\/es\/wp-json\/wp\/v2\/pages\/2012","targetHints":{"allow":["GET"]}}],"collection":[{"href":"https:\/\/voteearlyday.org\/es\/wp-json\/wp\/v2\/pages"}],"about":[{"href":"https:\/\/voteearlyday.org\/es\/wp-json\/wp\/v2\/types\/page"}],"author":[{"embeddable":true,"href":"https:\/\/voteearlyday.org\/es\/wp-json\/wp\/v2\/users\/2"}],"replies":[{"embeddable":true,"href":"https:\/\/voteearlyday.org\/es\/wp-json\/wp\/v2\/comments?post=2012"}],"version-history":[{"count":0,"href":"https:\/\/voteearlyday.org\/es\/wp-json\/wp\/v2\/pages\/2012\/revisions"}],"up":[{"embeddable":true,"href":"https:\/\/voteearlyday.org\/es\/wp-json\/wp\/v2\/pages\/8458"}],"wp:attachment":[{"href":"https:\/\/voteearlyday.org\/es\/wp-json\/wp\/v2\/media?parent=2012"}],"curies":[{"name":"wp","href":"https:\/\/api.w.org\/{rel}","templated":true}]}}